{"id":361,"date":"2025-07-23T06:36:54","date_gmt":"2025-07-23T06:36:54","guid":{"rendered":"https:\/\/jmtpressurejet.com\/?page_id=361"},"modified":"2025-08-15T03:45:12","modified_gmt":"2025-08-15T03:45:12","slug":"common-questions","status":"publish","type":"page","link":"https:\/\/jmtpressurejet.com\/nl\/common-questions\/","title":{"rendered":"Veelgestelde vragen"},"content":{"rendered":"<div>\n<div class=\"gb-element-be47f15e\">\n<div>\n<h3 class=\"gb-text\">V: Zijn jullie een fabrikant of een handelsbedrijf? <\/h3>\n\n\n\n<p>A: Wij zijn een fabrikant. <\/p>\n\n\n\n<h3 class=\"gb-text\">V: Wat zijn jullie betalingsvoorwaarden? <\/h3>\n\n\n\n<p>A: T\/T en handelsgarantie. <\/p>\n\n\n\n<h3 class=\"gb-text\">V: Wat is jullie levertijd? <\/h3>\n\n\n\n<p>A: Over het algemeen wordt de levering voor kleine machines (50bar ~ 500bar) geregeld in ongeveer 3 ~ 5 dagen. Voor grote machines (500bar ~ 1500bar) duurt het ongeveer 7 ~ 15 dagen. Voor machines met 1500 ~ 3500 bar wordt de levering gepland in ongeveer 25 ~ 30 dagen. <\/p>\n\n\n\n<h3 class=\"gb-text\">V: Vanuit welke haven verscheept u de goederen? <\/h3>\n\n\n\n<p class=\"gb-text\">A: Qingdao, Ningbo, Sjanghai of Guangzhou - wat voor jou het handigst is. <\/p>\n\n\n\n<h3 class=\"gb-text\">V: Kan ik de goederen inspecteren? <\/h3>\n\n\n\n<p>A: Om de belangen van beide partijen te waarborgen, ondersteunen we inspecties van de goederen in onze fabriek door de koper of een derde partij in opdracht van de koper v\u00f3\u00f3r verzending. We voeren ook zelfinspecties uit en sturen foto's en video's naar de koper v\u00f3\u00f3r de levering.<\/p>\n<\/div>\n<\/div>\n<\/div>\n\n\n\n<p><\/p>","protected":false},"excerpt":{"rendered":"<p>V: Zijn jullie een fabrikant of een handelsbedrijf? A: Wij zijn een fabrikant. V: Wat zijn uw betalingsvoorwaarden? A: T\/T en Handelsgarantie. V: Wat is uw levertijd? A: Over het algemeen wordt de levering voor kleine machines (50bar ~ 500bar) geregeld in ongeveer 3 ~ 5 dagen. Voor grote machines (500bar ~ 1500bar), ... <a title=\"Veelgestelde vragen\" class=\"read-more\" href=\"https:\/\/jmtpressurejet.com\/nl\/common-questions\/\" aria-label=\"Lees meer over Veelgestelde vragen\">Meer lezen<\/a><\/p>","protected":false},"author":1,"featured_media":0,"parent":0,"menu_order":0,"comment_status":"closed","ping_status":"closed","template":"","meta":{"footnotes":""},"class_list":["post-361","page","type-page","status-publish"],"_links":{"self":[{"href":"https:\/\/jmtpressurejet.com\/nl\/wp-json\/wp\/v2\/pages\/361","targetHints":{"allow":["GET"]}}],"collection":[{"href":"https:\/\/jmtpressurejet.com\/nl\/wp-json\/wp\/v2\/pages"}],"about":[{"href":"https:\/\/jmtpressurejet.com\/nl\/wp-json\/wp\/v2\/types\/page"}],"author":[{"embeddable":true,"href":"https:\/\/jmtpressurejet.com\/nl\/wp-json\/wp\/v2\/users\/1"}],"replies":[{"embeddable":true,"href":"https:\/\/jmtpressurejet.com\/nl\/wp-json\/wp\/v2\/comments?post=361"}],"version-history":[{"count":1,"href":"https:\/\/jmtpressurejet.com\/nl\/wp-json\/wp\/v2\/pages\/361\/revisions"}],"predecessor-version":[{"id":363,"href":"https:\/\/jmtpressurejet.com\/nl\/wp-json\/wp\/v2\/pages\/361\/revisions\/363"}],"wp:attachment":[{"href":"https:\/\/jmtpressurejet.com\/nl\/wp-json\/wp\/v2\/media?parent=361"}],"curies":[{"name":"wp","href":"https:\/\/api.w.org\/{rel}","templated":true}]}}