{"id":332,"date":"2025-07-23T01:57:38","date_gmt":"2025-07-23T01:57:38","guid":{"rendered":"https:\/\/jmtpressurejet.com\/?page_id=332"},"modified":"2025-08-15T03:45:17","modified_gmt":"2025-08-15T03:45:17","slug":"company-news","status":"publish","type":"page","link":"https:\/\/jmtpressurejet.com\/it\/company-news\/","title":{"rendered":"Notizie aziendali"},"content":{"rendered":"<div>\n<div class=\"gb-element-a9e469b6\">\n<div>\n<div><div class=\"gb-looper-efaadfa5\">\n<div class=\"gb-loop-item post-230 post type-post status-publish format-standard hentry category-common-questions-and-tips\">\n<h2 class=\"gb-text gb-text-25dd3113\"><a href=\"https:\/\/jmtpressurejet.com\/it\/explosion-proof-high-pressure-cleaners\/\">Pulitori ad alta pressione a prova di esplosione<\/a><\/h2>\n\n\n\n<p class=\"gb-text gb-text-bc026cd9\">18 luglio 2025<\/p>\n\n\n\n<p class=\"gb-text\">Detergenti ad alta pressione antideflagranti per la pulizia industriale Negli ambienti industriali, mantenere pulite le apparecchiature \u00e8 fondamentale per garantirne il funzionamento regolare e la durata. Le idropulitrici antideflagranti, costruite appositamente per ambienti infiammabili ed esplosivi, sono diventate una scelta privilegiata per molte aziende grazie alle loro ottime prestazioni e all'ampia gamma di utilizzi. Questo articolo analizza i pi\u00f9 comuni<\/p>\n<\/div>\n\n<div class=\"gb-loop-item post-228 post type-post status-publish format-standard hentry category-common-questions-and-tips\">\n<h2 class=\"gb-text gb-text-25dd3113\"><a href=\"https:\/\/jmtpressurejet.com\/it\/high-pressure-cleaning-equipment-for-industrial-cleaning\/\">Apparecchiature di pulizia ad alta pressione per la pulizia industriale<\/a><\/h2>\n\n\n\n<p class=\"gb-text gb-text-bc026cd9\">18 luglio 2025<\/p>\n\n\n\n<p class=\"gb-text\">Apparecchiature per la pulizia ad alta pressione per la pulizia industriale Le apparecchiature per la pulizia ad alta pressione stanno conquistando la pulizia industriale, dal decoking delle condutture petrolchimiche alla pulizia dei ponti delle navi, fino alla manutenzione delle strade comunali. I suoi getti d'acqua ad altissima pressione da 500-3000 bar, uniti all'efficienza, all'ecocompatibilit\u00e0 e alle funzioni intelligenti, ne fanno il prodotto ideale per sostituire i metodi obsoleti. I principali usi industriali delle attrezzature per la pulizia ad alta pressione Attrezzature industriali<\/p>\n<\/div>\n\n<div class=\"gb-loop-item post-225 post type-post status-publish format-standard hentry category-common-questions-and-tips\">\n<h2 class=\"gb-text gb-text-25dd3113\"><a href=\"https:\/\/jmtpressurejet.com\/it\/jiemate-ultra-high-pressure-test-pumps\/\">Pompe di prova ad altissima pressione Jiemate<\/a><\/h2>\n\n\n\n<p class=\"gb-text gb-text-bc026cd9\">18 luglio 2025<\/p>\n\n\n\n<p class=\"gb-text\">Domande frequenti Pompe di prova ad altissima pressione Jiemate In qualit\u00e0 di produttore leader di pompe di prova, Henan Jiemate Equipment Co., Ltd. si \u00e8 sempre concentrata sulle esigenze dei clienti, impegnandosi a fornire prodotti e servizi di alta qualit\u00e0 e affidabili per le pompe di prova ad altissima pressione. In risposta alle domande tipiche poste frequentemente dagli utenti, abbiamo compilato le seguenti risposte per aiutarvi a risolvere rapidamente il problema.<\/p>\n<\/div>\n\n<div class=\"gb-loop-item post-222 post type-post status-publish format-standard hentry category-common-questions-and-tips\">\n<h2 class=\"gb-text gb-text-25dd3113\"><a href=\"https:\/\/jmtpressurejet.com\/it\/faqs-for-high-pressure-cleaner-users\/\">FAQ per gli utenti di idropulitrici ad alta pressione<\/a><\/h2>\n\n\n\n<p class=\"gb-text gb-text-bc026cd9\">18 luglio 2025<\/p>\n\n\n\n<p class=\"gb-text\">FAQ per gli utilizzatori di idropulitrici Durante l'utilizzo delle idropulitrici, gli utenti incontrano spesso problemi legati al funzionamento, alla manutenzione e alla selezione delle attrezzature. Questo articolo raccoglie le domande pi\u00f9 frequenti e fornisce le risposte per aiutarvi a comprendere meglio aspetti chiave come la manutenzione quotidiana delle idropulitrici e la scelta degli ugelli, migliorando cos\u00ec l'efficienza dell'apparecchiatura e il funzionamento del sistema.<\/p>\n<\/div>\n\n<div class=\"gb-loop-item post-219 post type-post status-publish format-standard hentry category-common-questions-and-tips\">\n<h2 class=\"gb-text gb-text-25dd3113\"><a href=\"https:\/\/jmtpressurejet.com\/it\/advantages-of-high-pressure-water-scabblers\/\">Vantaggi dei raschiatori ad acqua ad alta pressione<\/a><\/h2>\n\n\n\n<p class=\"gb-text gb-text-bc026cd9\">18 luglio 2025<\/p>\n\n\n\n<p class=\"gb-text\">Vantaggi dei raschiatori ad acqua ad alta pressione Un raschiatore ad acqua ad alta pressione \u00e8 un dispositivo che utilizza la tecnologia dei getti d'acqua ad altissima pressione (solitamente con una pressione di 2000-3000 bar) per trattare le superfici di substrati come il calcestruzzo e la pietra. Viene applicato principalmente nei seguenti scenari: Trattamento di irruvidimento della superficie del calcestruzzo Progetti di nuova costruzione: Dopo il getto,<\/p>\n<\/div>\n\n<div class=\"gb-loop-item post-216 post type-post status-publish format-standard hentry category-common-questions-and-tips\">\n<h2 class=\"gb-text gb-text-25dd3113\"><a href=\"https:\/\/jmtpressurejet.com\/it\/high-pressure-descaling-pumps\/\">Pompe di decalcificazione ad alta pressione<\/a><\/h2>\n\n\n\n<p class=\"gb-text gb-text-bc026cd9\">18 luglio 2025<\/p>\n\n\n\n<p class=\"gb-text\">Pompe di decalcificazione ad alta pressione: Una guida completa Nei settori della lavorazione dei metalli come l'industria siderurgica, automobilistica e navale, le pompe di decalcificazione ad alta pressione sono apparecchiature fondamentali per migliorare la qualit\u00e0 dei prodotti e prolungare la durata delle attrezzature. Utilizzando la tecnologia del getto d'acqua ad alta pressione, rimuovono con precisione gli strati di calcare, ruggine o fosfato dalle superfici metalliche, fornendo una base pulita per i processi successivi, come la verniciatura e il trattamento dei metalli.<\/p>\n<\/div>\n<\/div>\n\n\n<div class=\"gb-element-b5d38d97 gb-query-loop-pagination\">\n\n\n\n<\/div>\n\n\n<\/div>\n<\/div>\n<\/div>\n<\/div>","protected":false},"excerpt":{"rendered":"","protected":false},"author":1,"featured_media":0,"parent":0,"menu_order":0,"comment_status":"closed","ping_status":"closed","template":"","meta":{"footnotes":""},"class_list":["post-332","page","type-page","status-publish"],"_links":{"self":[{"href":"https:\/\/jmtpressurejet.com\/it\/wp-json\/wp\/v2\/pages\/332","targetHints":{"allow":["GET"]}}],"collection":[{"href":"https:\/\/jmtpressurejet.com\/it\/wp-json\/wp\/v2\/pages"}],"about":[{"href":"https:\/\/jmtpressurejet.com\/it\/wp-json\/wp\/v2\/types\/page"}],"author":[{"embeddable":true,"href":"https:\/\/jmtpressurejet.com\/it\/wp-json\/wp\/v2\/users\/1"}],"replies":[{"embeddable":true,"href":"https:\/\/jmtpressurejet.com\/it\/wp-json\/wp\/v2\/comments?post=332"}],"version-history":[{"count":2,"href":"https:\/\/jmtpressurejet.com\/it\/wp-json\/wp\/v2\/pages\/332\/revisions"}],"predecessor-version":[{"id":362,"href":"https:\/\/jmtpressurejet.com\/it\/wp-json\/wp\/v2\/pages\/332\/revisions\/362"}],"wp:attachment":[{"href":"https:\/\/jmtpressurejet.com\/it\/wp-json\/wp\/v2\/media?parent=332"}],"curies":[{"name":"wp","href":"https:\/\/api.w.org\/{rel}","templated":true}]}}