{"id":361,"date":"2025-07-23T06:36:54","date_gmt":"2025-07-23T06:36:54","guid":{"rendered":"https:\/\/jmtpressurejet.com\/?page_id=361"},"modified":"2025-08-15T03:45:12","modified_gmt":"2025-08-15T03:45:12","slug":"common-questions","status":"publish","type":"page","link":"https:\/\/jmtpressurejet.com\/fr\/common-questions\/","title":{"rendered":"Questions courantes"},"content":{"rendered":"<div>\n<div class=\"gb-element-be47f15e\">\n<div>\n<h3 class=\"gb-text\">Q : \u00cates-vous un fabricant ou une soci\u00e9t\u00e9 commerciale ? <\/h3>\n\n\n\n<p>R : Nous sommes un fabricant. <\/p>\n\n\n\n<h3 class=\"gb-text\">Q : Quelles sont vos conditions de paiement ? <\/h3>\n\n\n\n<p>R : T\/T et assurance commerciale. <\/p>\n\n\n\n<h3 class=\"gb-text\">Q : Quel est le d\u00e9lai de livraison ? <\/h3>\n\n\n\n<p>R : En g\u00e9n\u00e9ral, pour les petites machines (50bar ~ 500bar), la livraison est organis\u00e9e dans un d\u00e9lai d'environ 3 ~ 5 jours. Pour les grandes machines (500bar ~ 1500bar), il faut compter entre 7 et 15 jours. Pour les machines de 1500 ~ 3500bar, la livraison est pr\u00e9vue dans environ 25 ~ 30 jours. <\/p>\n\n\n\n<h3 class=\"gb-text\">Q : \u00c0 partir de quel port exp\u00e9diez-vous les marchandises ? <\/h3>\n\n\n\n<p class=\"gb-text\">R : Qingdao, Ningbo, Shanghai ou Guangzhou, selon ce qui vous convient le mieux. <\/p>\n\n\n\n<h3 class=\"gb-text\">Q : Puis-je inspecter les marchandises ? <\/h3>\n\n\n\n<p>R : Pour garantir les int\u00e9r\u00eats des deux parties, nous acceptons que les marchandises soient inspect\u00e9es dans notre usine par l'acheteur ou par un tiers mandat\u00e9 par l'acheteur avant l'exp\u00e9dition. Nous proc\u00e9dons \u00e9galement \u00e0 des auto-inspections et envoyons des photos et des vid\u00e9os \u00e0 l'acheteur avant la livraison.<\/p>\n<\/div>\n<\/div>\n<\/div>\n\n\n\n<p><\/p>","protected":false},"excerpt":{"rendered":"<p>Q: Are you a manufacturer or a trading company? A: We are a manufacturer. Q: What are your payment terms? A: T\/T and Trade Assurance. Q: What is your delivery time? A: Generally, for small machines (50bar ~ 500bar), the delivery is arranged in about 3 ~ 5 days. For large machines (500bar ~ 1500bar), &#8230; <a title=\"Questions courantes\" class=\"read-more\" href=\"https:\/\/jmtpressurejet.com\/fr\/common-questions\/\" aria-label=\"En savoir plus sur Common Questions\">Lire plus<\/a><\/p>","protected":false},"author":1,"featured_media":0,"parent":0,"menu_order":0,"comment_status":"closed","ping_status":"closed","template":"","meta":{"footnotes":""},"class_list":["post-361","page","type-page","status-publish"],"_links":{"self":[{"href":"https:\/\/jmtpressurejet.com\/fr\/wp-json\/wp\/v2\/pages\/361","targetHints":{"allow":["GET"]}}],"collection":[{"href":"https:\/\/jmtpressurejet.com\/fr\/wp-json\/wp\/v2\/pages"}],"about":[{"href":"https:\/\/jmtpressurejet.com\/fr\/wp-json\/wp\/v2\/types\/page"}],"author":[{"embeddable":true,"href":"https:\/\/jmtpressurejet.com\/fr\/wp-json\/wp\/v2\/users\/1"}],"replies":[{"embeddable":true,"href":"https:\/\/jmtpressurejet.com\/fr\/wp-json\/wp\/v2\/comments?post=361"}],"version-history":[{"count":1,"href":"https:\/\/jmtpressurejet.com\/fr\/wp-json\/wp\/v2\/pages\/361\/revisions"}],"predecessor-version":[{"id":363,"href":"https:\/\/jmtpressurejet.com\/fr\/wp-json\/wp\/v2\/pages\/361\/revisions\/363"}],"wp:attachment":[{"href":"https:\/\/jmtpressurejet.com\/fr\/wp-json\/wp\/v2\/media?parent=361"}],"curies":[{"name":"wp","href":"https:\/\/api.w.org\/{rel}","templated":true}]}}