{"id":247,"date":"2025-07-18T11:45:26","date_gmt":"2025-07-18T11:45:26","guid":{"rendered":"https:\/\/jmtpressurejet.com\/?page_id=247"},"modified":"2025-09-05T10:32:33","modified_gmt":"2025-09-05T10:32:33","slug":"products","status":"publish","type":"page","link":"https:\/\/jmtpressurejet.com\/fr\/products\/","title":{"rendered":"Produits"},"content":{"rendered":"<div class=\"gb-element-b9254c3d\">\n<div class=\"gb-element-eec55265\">\n<div>\n<div class=\"gb-element-8011fc5b\">\n<div class=\"gb-element-eacb2f90\">\n<p class=\"gb-text gb-text-fce75433\">Jie Matt<\/p>\n\n\n\n<h4 class=\"gb-text gb-text-7e3fc046\"><strong>Nettoyage \u00e0 haute pression <strong>Equipement<\/strong><\/strong><\/h4>\n\n\n\n<div class=\"gb-element-f3545e0f\">\n<img loading=\"lazy\" decoding=\"async\" width=\"640\" height=\"480\" class=\"gb-media-7afceba8\" alt=\"\" src=\"http:\/\/jmtpressurejet.com\/wp-content\/uploads\/2025\/08\/JMT-3-Series-High-Pressure-Cleaner-background.png\" title=\"S\u00e9rie JMT-3 Nettoyeur \u00e0 haute pression arri\u00e8re-plan\" srcset=\"https:\/\/jmtpressurejet.com\/wp-content\/uploads\/2025\/08\/JMT-3-Series-High-Pressure-Cleaner-background.png 640w, https:\/\/jmtpressurejet.com\/wp-content\/uploads\/2025\/08\/JMT-3-Series-High-Pressure-Cleaner-background-300x225.png 300w, https:\/\/jmtpressurejet.com\/wp-content\/uploads\/2025\/08\/JMT-3-Series-High-Pressure-Cleaner-background-16x12.png 16w\" sizes=\"auto, (max-width: 640px) 100vw, 640px\" \/>\n<\/div>\n\n\n\n<div class=\"gb-element-7b4222e5\">\n<a class=\"gb-text gb-text-7760ce3e\" href=\"#popmake-28\">Citer maintenant<\/a>\n\n\n\n<a class=\"gb-text gb-text-67dd2b6a\" href=\"https:\/\/jmtpressurejet.com\/fr\/high-pressure-cleaning-equipment\/\">En savoir plus<\/a>\n<\/div>\n<\/div>\n\n\n\n<div class=\"gb-element-8c1b79e3\">\n<p class=\"gb-text gb-text-0b8980e6\">Jie Matt<\/p>\n\n\n\n<h4 class=\"gb-text gb-text-aa2d92fc\"><strong>\u00c9quipement de dragage par tuyaux \u00e0 haute pression<\/strong><\/h4>\n\n\n\n<div class=\"gb-element-a8ae413a\">\n<img loading=\"lazy\" decoding=\"async\" width=\"640\" height=\"480\" class=\"gb-media-8cf79bdc\" alt=\"\" src=\"http:\/\/jmtpressurejet.com\/wp-content\/uploads\/2025\/08\/\u56fe\u724713.png\" title=\"\u56fe\u724713\" srcset=\"https:\/\/jmtpressurejet.com\/wp-content\/uploads\/2025\/08\/\u56fe\u724713.png 640w, https:\/\/jmtpressurejet.com\/wp-content\/uploads\/2025\/08\/\u56fe\u724713-300x225.png 300w, https:\/\/jmtpressurejet.com\/wp-content\/uploads\/2025\/08\/\u56fe\u724713-16x12.png 16w\" sizes=\"auto, (max-width: 640px) 100vw, 640px\" \/>\n<\/div>\n\n\n\n<div class=\"gb-element-7a756434\">\n<a class=\"gb-text gb-text-d244dfae\" href=\"#popmake-28\">Citer maintenant<\/a>\n\n\n\n<a class=\"gb-text gb-text-40502709\" href=\"https:\/\/jmtpressurejet.com\/fr\/high-pressure-pipe-dredging-equipment\/\">En savoir plus<\/a>\n<\/div>\n<\/div>\n\n\n\n<div class=\"gb-element-0e34a07b\">\n<p class=\"gb-text gb-text-bb2a73ba\">Jie Matt<\/p>\n\n\n\n<h4 class=\"gb-text gb-text-77f7ce3d\"><strong><strong>\u00c9quipement de d\u00e9grossissage du b\u00e9ton \u00e0 haute pression<\/strong><\/strong><\/h4>\n\n\n\n<div class=\"gb-element-4816781f\">\n<img loading=\"lazy\" decoding=\"async\" width=\"640\" height=\"480\" class=\"gb-media-7069b91a\" alt=\"\" src=\"http:\/\/jmtpressurejet.com\/wp-content\/uploads\/2025\/08\/JMT-1-500bar-pressure-Cleaner.png\" title=\"JMT-1-500bar Nettoyeur \u00e0 pression\" srcset=\"https:\/\/jmtpressurejet.com\/wp-content\/uploads\/2025\/08\/JMT-1-500bar-pressure-Cleaner.png 640w, https:\/\/jmtpressurejet.com\/wp-content\/uploads\/2025\/08\/JMT-1-500bar-pressure-Cleaner-300x225.png 300w, https:\/\/jmtpressurejet.com\/wp-content\/uploads\/2025\/08\/JMT-1-500bar-pressure-Cleaner-16x12.png 16w\" sizes=\"auto, (max-width: 640px) 100vw, 640px\" \/>\n<\/div>\n\n\n\n<div class=\"gb-element-292da269\">\n<a class=\"gb-text gb-text-2f73807f\" href=\"#popmake-28\">Citer maintenant<\/a>\n\n\n\n<a class=\"gb-text gb-text-2568f4d4\" href=\"https:\/\/jmtpressurejet.com\/fr\/high-pressure-concrete-roughening-equipment\/\">En savoir plus<\/a>\n<\/div>\n<\/div>\n\n\n\n<div class=\"gb-element-98f5c2d8\">\n<p class=\"gb-text gb-text-5bbb67a7\">Jie Matt<\/p>\n\n\n\n<h4 class=\"gb-text gb-text-ae1cea21\"><strong>Pompe d'essai \u00e0 haute pression<\/strong> <strong>Equipement<\/strong><\/h4>\n\n\n\n<div class=\"gb-element-9526e068\">\n<img loading=\"lazy\" decoding=\"async\" width=\"640\" height=\"480\" class=\"gb-media-0cedfdc2\" alt=\"\" src=\"http:\/\/jmtpressurejet.com\/wp-content\/uploads\/2025\/08\/\u56fe\u72474.png\" title=\"\u56fe\u72474\" srcset=\"https:\/\/jmtpressurejet.com\/wp-content\/uploads\/2025\/08\/\u56fe\u72474.png 640w, https:\/\/jmtpressurejet.com\/wp-content\/uploads\/2025\/08\/\u56fe\u72474-300x225.png 300w, https:\/\/jmtpressurejet.com\/wp-content\/uploads\/2025\/08\/\u56fe\u72474-16x12.png 16w\" sizes=\"auto, (max-width: 640px) 100vw, 640px\" \/>\n<\/div>\n\n\n\n<div class=\"gb-element-6513d0fd\">\n<a class=\"gb-text gb-text-0143b87d\" href=\"#popmake-28\">Citer maintenant<\/a>\n\n\n\n<a class=\"gb-text gb-text-36ee29b9\" href=\"https:\/\/jmtpressurejet.com\/fr\/high-pressure-test-pump-equipment\/\">En savoir plus<\/a>\n<\/div>\n<\/div>\n\n\n\n<div class=\"gb-element-0ed3122b\">\n<p class=\"gb-text gb-text-c4543f8f\">Jie Matt<\/p>\n\n\n\n<h4 class=\"gb-text gb-text-520745a4\"><strong>Nettoyeur \u00e0 eau chaude \u00e0 haute pression<\/strong><\/h4>\n\n\n\n<div class=\"gb-element-121636e4\">\n<img loading=\"lazy\" decoding=\"async\" width=\"640\" height=\"480\" class=\"gb-media-d686c6bb\" alt=\"\" src=\"http:\/\/jmtpressurejet.com\/wp-content\/uploads\/2025\/09\/250bar-hot-water-high-pressure-cleaner.png\" title=\"Nettoyeur haute pression \u00e0 eau chaude 250 bars\" srcset=\"https:\/\/jmtpressurejet.com\/wp-content\/uploads\/2025\/09\/250bar-hot-water-high-pressure-cleaner.png 640w, https:\/\/jmtpressurejet.com\/wp-content\/uploads\/2025\/09\/250bar-hot-water-high-pressure-cleaner-300x225.png 300w, https:\/\/jmtpressurejet.com\/wp-content\/uploads\/2025\/09\/250bar-hot-water-high-pressure-cleaner-16x12.png 16w\" sizes=\"auto, (max-width: 640px) 100vw, 640px\" \/>\n<\/div>\n\n\n\n<div class=\"gb-element-35b1754c\">\n<a class=\"gb-text gb-text-e721aeb5\" href=\"#popmake-28\">Citer maintenant<\/a>\n\n\n\n<a class=\"gb-text gb-text-5a8b2721\" href=\"https:\/\/jmtpressurejet.com\/fr\/hot-water-high-pressure-cleaning-equipment\/\">En savoir plus<\/a>\n<\/div>\n<\/div>\n\n\n\n<div class=\"gb-element-9cf3cef3\">\n<p class=\"gb-text gb-text-ec2a97d4\">Jie Matt<\/p>\n\n\n\n<h4 class=\"gb-text gb-text-937ee342\"><strong><strong>Pompe \u00e0 eau de refroidissement haute pression<\/strong><\/strong><\/h4>\n\n\n\n<div class=\"gb-element-5f2716cf\">\n<img loading=\"lazy\" decoding=\"async\" width=\"640\" height=\"480\" class=\"gb-media-995e7c4b\" alt=\"\" src=\"http:\/\/jmtpressurejet.com\/wp-content\/uploads\/2025\/09\/high-pressure-cooling-machine.png\" title=\"machine de refroidissement \u00e0 haute pression\" srcset=\"https:\/\/jmtpressurejet.com\/wp-content\/uploads\/2025\/09\/high-pressure-cooling-machine.png 640w, https:\/\/jmtpressurejet.com\/wp-content\/uploads\/2025\/09\/high-pressure-cooling-machine-300x225.png 300w, https:\/\/jmtpressurejet.com\/wp-content\/uploads\/2025\/09\/high-pressure-cooling-machine-16x12.png 16w, https:\/\/jmtpressurejet.com\/wp-content\/uploads\/2025\/09\/high-pressure-cooling-machine-620x464.png 620w, https:\/\/jmtpressurejet.com\/wp-content\/uploads\/2025\/09\/high-pressure-cooling-machine-400x299.png 400w\" sizes=\"auto, (max-width: 640px) 100vw, 640px\" \/>\n<\/div>\n\n\n\n<div class=\"gb-element-53d721e3\">\n<a class=\"gb-text gb-text-7528a612\" href=\"#popmake-28\">Citer maintenant<\/a>\n\n\n\n<a class=\"gb-text gb-text-c70dbc16\" href=\"https:\/\/jmtpressurejet.com\/fr\/high-pressure-cooling-water-pump\/\">En savoir plus<\/a>\n<\/div>\n<\/div>\n\n\n\n<div class=\"gb-element-cd9e512b\">\n<p class=\"gb-text gb-text-a316ebec\">Jie Matt<\/p>\n\n\n\n<h4 class=\"gb-text gb-text-46a36728\"><strong>Mat\u00e9riel d'enl\u00e8vement des marquages routiers<\/strong><\/h4>\n\n\n\n<div class=\"gb-element-74011086\">\n<img loading=\"lazy\" decoding=\"async\" width=\"640\" height=\"480\" class=\"gb-media-cffdab17\" alt=\"\" src=\"http:\/\/jmtpressurejet.com\/wp-content\/uploads\/2025\/08\/\u56fe\u72471-1.png\" title=\"\u56fe\u72471\" srcset=\"https:\/\/jmtpressurejet.com\/wp-content\/uploads\/2025\/08\/\u56fe\u72471-1.png 640w, https:\/\/jmtpressurejet.com\/wp-content\/uploads\/2025\/08\/\u56fe\u72471-1-300x225.png 300w, https:\/\/jmtpressurejet.com\/wp-content\/uploads\/2025\/08\/\u56fe\u72471-1-16x12.png 16w\" sizes=\"auto, (max-width: 640px) 100vw, 640px\" \/>\n<\/div>\n\n\n\n<div class=\"gb-element-91e4b9ca\">\n<a class=\"gb-text gb-text-4bf77aac\" href=\"#popmake-28\">Citer maintenant<\/a>\n\n\n\n<a class=\"gb-text gb-text-c108b1fe\" href=\"https:\/\/jmtpressurejet.com\/fr\/high-pressure-water-road-marking-equipment\/\">En savoir plus<\/a>\n<\/div>\n<\/div>\n\n\n\n<div class=\"gb-element-046f0834\">\n<p class=\"gb-text gb-text-3774117b\">Jie Matt<\/p>\n\n\n\n<h4 class=\"gb-text gb-text-9e52c84b\"><strong>\u00c9quipement d'enl\u00e8vement de colle de piste d'a\u00e9roport<\/strong><\/h4>\n\n\n\n<div class=\"gb-element-acbad961\">\n<img loading=\"lazy\" decoding=\"async\" width=\"640\" height=\"480\" class=\"gb-media-ae3ea58b\" alt=\"\" src=\"http:\/\/jmtpressurejet.com\/wp-content\/uploads\/2025\/09\/Airport-runway-glue-removal-machine.png\" title=\"Machine \u00e0 enlever la colle des pistes d&#039;a\u00e9roport\" srcset=\"https:\/\/jmtpressurejet.com\/wp-content\/uploads\/2025\/09\/Airport-runway-glue-removal-machine.png 640w, https:\/\/jmtpressurejet.com\/wp-content\/uploads\/2025\/09\/Airport-runway-glue-removal-machine-300x225.png 300w, https:\/\/jmtpressurejet.com\/wp-content\/uploads\/2025\/09\/Airport-runway-glue-removal-machine-16x12.png 16w, https:\/\/jmtpressurejet.com\/wp-content\/uploads\/2025\/09\/Airport-runway-glue-removal-machine-620x464.png 620w, https:\/\/jmtpressurejet.com\/wp-content\/uploads\/2025\/09\/Airport-runway-glue-removal-machine-400x299.png 400w\" sizes=\"auto, (max-width: 640px) 100vw, 640px\" \/>\n<\/div>\n\n\n\n<div class=\"gb-element-c369a1bf\">\n<a class=\"gb-text gb-text-199f7dd7\" href=\"#popmake-28\">Citer maintenant<\/a>\n\n\n\n<a class=\"gb-text gb-text-9fdba32d\" href=\"https:\/\/jmtpressurejet.com\/fr\/airport-runway-glue-removal-equipment\/\">En savoir plus<\/a>\n<\/div>\n<\/div>\n\n\n\n<div class=\"gb-element-7d349b78\">\n<p class=\"gb-text gb-text-5f4eedb6\">Jie Matt<\/p>\n\n\n\n<h4 class=\"gb-text gb-text-b6fb522e\"><strong>\u00c9quipement de d\u00e9coupe et de sablage au jet d'eau<\/strong><\/h4>\n\n\n\n<div class=\"gb-element-5a80720d\">\n<img loading=\"lazy\" decoding=\"async\" width=\"640\" height=\"480\" class=\"gb-media-27d4702a\" alt=\"\" src=\"http:\/\/jmtpressurejet.com\/wp-content\/uploads\/2025\/08\/Water-Jet-Cutting-and-Blasting-Equipment1.png\" title=\"\u00c9quipement de d\u00e9coupe et de sablage au jet d&#039;eau1\" srcset=\"https:\/\/jmtpressurejet.com\/wp-content\/uploads\/2025\/08\/Water-Jet-Cutting-and-Blasting-Equipment1.png 640w, https:\/\/jmtpressurejet.com\/wp-content\/uploads\/2025\/08\/Water-Jet-Cutting-and-Blasting-Equipment1-300x225.png 300w, https:\/\/jmtpressurejet.com\/wp-content\/uploads\/2025\/08\/Water-Jet-Cutting-and-Blasting-Equipment1-16x12.png 16w, https:\/\/jmtpressurejet.com\/wp-content\/uploads\/2025\/08\/Water-Jet-Cutting-and-Blasting-Equipment1-620x464.png 620w, https:\/\/jmtpressurejet.com\/wp-content\/uploads\/2025\/08\/Water-Jet-Cutting-and-Blasting-Equipment1-400x299.png 400w\" sizes=\"auto, (max-width: 640px) 100vw, 640px\" \/>\n<\/div>\n\n\n\n<div class=\"gb-element-4557b3a6\">\n<a class=\"gb-text gb-text-cab086d0\" href=\"#popmake-28\">Citer maintenant<\/a>\n\n\n\n<a class=\"gb-text gb-text-39c17542\" href=\"https:\/\/jmtpressurejet.com\/fr\/water-jet-cutting-and-blasting-equipment\/\">En savoir plus<\/a>\n<\/div>\n<\/div>\n\n\n\n<div class=\"gb-element-d3e5bc2f\">\n<p class=\"gb-text gb-text-57f2f0ec\">Jie Matt<\/p>\n\n\n\n<h4 class=\"gb-text gb-text-7f2eb344\"><strong>Machine de d\u00e9coupe au jet d'eau haute pression<\/strong><\/h4>\n\n\n\n<div class=\"gb-element-c4ee7a36\">\n<img loading=\"lazy\" decoding=\"async\" width=\"640\" height=\"480\" class=\"gb-media-7834b9f2\" alt=\"\" src=\"http:\/\/jmtpressurejet.com\/wp-content\/uploads\/2025\/07\/Pressure-water-jet-cutting-machine-1.png\" title=\"Machine de d\u00e9coupe au jet d&#039;eau sous pression\" srcset=\"https:\/\/jmtpressurejet.com\/wp-content\/uploads\/2025\/07\/Pressure-water-jet-cutting-machine-1.png 640w, https:\/\/jmtpressurejet.com\/wp-content\/uploads\/2025\/07\/Pressure-water-jet-cutting-machine-1-300x225.png 300w\" sizes=\"auto, (max-width: 640px) 100vw, 640px\" \/>\n<\/div>\n\n\n\n<div class=\"gb-element-15937353\">\n<a class=\"gb-text gb-text-03e9a536\" href=\"#popmake-28\">Citer maintenant<\/a>\n\n\n\n<a class=\"gb-text gb-text-48dfa34e\" href=\"https:\/\/jmtpressurejet.com\/fr\/high-presure-water-jet-cutting-machine\/\">En savoir plus<\/a>\n<\/div>\n<\/div>\n\n\n\n<div class=\"gb-element-d974cc18\">\n<p class=\"gb-text gb-text-0fda3a95\">Jie Matt<\/p>\n\n\n\n<h4 class=\"gb-text gb-text-b2371a81\"><strong>Pompe d'injection \u00e0 haute pression<\/strong><\/h4>\n\n\n\n<div class=\"gb-element-26c0805e\">\n<img loading=\"lazy\" decoding=\"async\" width=\"640\" height=\"480\" class=\"gb-media-747f5453\" alt=\"\" src=\"http:\/\/jmtpressurejet.com\/wp-content\/uploads\/2025\/08\/\u56fe\u72471.png\" title=\"\u56fe\u72471\" srcset=\"https:\/\/jmtpressurejet.com\/wp-content\/uploads\/2025\/08\/\u56fe\u72471.png 640w, https:\/\/jmtpressurejet.com\/wp-content\/uploads\/2025\/08\/\u56fe\u72471-300x225.png 300w, https:\/\/jmtpressurejet.com\/wp-content\/uploads\/2025\/08\/\u56fe\u72471-16x12.png 16w\" sizes=\"auto, (max-width: 640px) 100vw, 640px\" \/>\n<\/div>\n\n\n\n<div class=\"gb-element-51c6cb5c\">\n<a class=\"gb-text gb-text-176d7702\" href=\"#popmake-28\">Citer maintenant<\/a>\n\n\n\n<a class=\"gb-text gb-text-2b5291be\" href=\"https:\/\/jmtpressurejet.com\/fr\/jmt-2-high-pressure-grouting-pump\/\">En savoir plus<\/a>\n<\/div>\n<\/div>\n\n\n\n<div class=\"gb-element-ad428e32\">\n<p class=\"gb-text gb-text-facb74f0\">Jie Matt<\/p>\n\n\n\n<h4 class=\"gb-text gb-text-ca497094\"><strong>Pompe \u00e0 eau haute pression \u00e0 piston<\/strong><\/h4>\n\n\n\n<div class=\"gb-element-e7d3370e\">\n<img loading=\"lazy\" decoding=\"async\" width=\"640\" height=\"480\" class=\"gb-media-b4e954f8\" alt=\"\" src=\"http:\/\/jmtpressurejet.com\/wp-content\/uploads\/2025\/07\/Spunlace-nonwoven-pump_\u526f\u672c.png\" title=\"Pompe en non-tiss\u00e9 fil\u00e9_\u526f\u672c\" srcset=\"https:\/\/jmtpressurejet.com\/wp-content\/uploads\/2025\/07\/Spunlace-nonwoven-pump_\u526f\u672c.png 640w, https:\/\/jmtpressurejet.com\/wp-content\/uploads\/2025\/07\/Spunlace-nonwoven-pump_\u526f\u672c-300x225.png 300w, https:\/\/jmtpressurejet.com\/wp-content\/uploads\/2025\/07\/Spunlace-nonwoven-pump_\u526f\u672c-620x464.png 620w, https:\/\/jmtpressurejet.com\/wp-content\/uploads\/2025\/07\/Spunlace-nonwoven-pump_\u526f\u672c-400x299.png 400w\" sizes=\"auto, (max-width: 640px) 100vw, 640px\" \/>\n<\/div>\n\n\n\n<div class=\"gb-element-14b87f11\">\n<a class=\"gb-text gb-text-68b4ebf2\" href=\"#popmake-28\">Citer maintenant<\/a>\n\n\n\n<a class=\"gb-text gb-text-2e6a30cb\" href=\"https:\/\/jmtpressurejet.com\/fr\/high-pressure-plunger-water-pump\/\">En savoir plus<\/a>\n<\/div>\n<\/div>\n\n\n\n<div class=\"gb-element-46fb2bb3\">\n<p class=\"gb-text gb-text-752076b9\">Jie Matt<\/p>\n\n\n\n<h4 class=\"gb-text gb-text-87112061\"><strong>Syst\u00e8me de nettoyage automatique<\/strong><\/h4>\n\n\n\n<div class=\"gb-element-536619d7\">\n<img loading=\"lazy\" decoding=\"async\" width=\"640\" height=\"480\" class=\"gb-media-63755a5e\" alt=\"\" src=\"http:\/\/jmtpressurejet.com\/wp-content\/uploads\/2025\/08\/auto-cleaning-system.png\" title=\"syst\u00e8me de nettoyage automatique\" srcset=\"https:\/\/jmtpressurejet.com\/wp-content\/uploads\/2025\/08\/auto-cleaning-system.png 640w, https:\/\/jmtpressurejet.com\/wp-content\/uploads\/2025\/08\/auto-cleaning-system-300x225.png 300w, https:\/\/jmtpressurejet.com\/wp-content\/uploads\/2025\/08\/auto-cleaning-system-16x12.png 16w\" sizes=\"auto, (max-width: 640px) 100vw, 640px\" \/>\n<\/div>\n\n\n\n<div class=\"gb-element-2084b0bf\">\n<a class=\"gb-text gb-text-64567f6b\" href=\"#popmake-28\">Citer maintenant<\/a>\n\n\n\n<a class=\"gb-text gb-text-e8d8d13b\" href=\"https:\/\/jmtpressurejet.com\/fr\/automatic-high-pressure-cleaning-system\/\">En savoir plus<\/a>\n<\/div>\n<\/div>\n\n\n\n<div class=\"gb-element-c4f1d63d\">\n<p class=\"gb-text gb-text-802912b7\">Jie Matt<\/p>\n\n\n\n<h4 class=\"gb-text gb-text-03b68205\"><strong>Nettoyage de l'accessoire Actionneur<\/strong><\/h4>\n\n\n\n<div class=\"gb-element-49f4c802\">\n<img loading=\"lazy\" decoding=\"async\" width=\"640\" height=\"480\" class=\"gb-media-af16f425\" alt=\"\" src=\"http:\/\/jmtpressurejet.com\/wp-content\/uploads\/2025\/08\/\u56fe\u72471-2.png\" title=\"\u56fe\u72471\" srcset=\"https:\/\/jmtpressurejet.com\/wp-content\/uploads\/2025\/08\/\u56fe\u72471-2.png 640w, https:\/\/jmtpressurejet.com\/wp-content\/uploads\/2025\/08\/\u56fe\u72471-2-300x225.png 300w, https:\/\/jmtpressurejet.com\/wp-content\/uploads\/2025\/08\/\u56fe\u72471-2-16x12.png 16w\" sizes=\"auto, (max-width: 640px) 100vw, 640px\" \/>\n<\/div>\n\n\n\n<div class=\"gb-element-4baa080c\">\n<a class=\"gb-text gb-text-9940d06b\" href=\"#popmake-28\">Citer maintenant<\/a>\n\n\n\n<a class=\"gb-text gb-text-90c7ab95\" href=\"https:\/\/jmtpressurejet.com\/fr\/high-pressure-water-accessory-actuator\/\">En savoir plus<\/a>\n<\/div>\n<\/div>\n<\/div>\n<\/div>\n<\/div>\n<\/div>\n\n\n\n<div class=\"gb-element-5cbb7a96\">\n<div class=\"gb-element-0f91f829\">\n<div class=\"gb-element-583d6c15\"><\/div>\n<\/div>\n<\/div>\n\n\n\n<div class=\"gb-element-10812408\">\n<div class=\"gb-element-f55a4b7d\">\n<div>\n<div class=\"gb-element-ed98af69\">\n<div>\n<h3 class=\"gb-text\">Vous avez besoin d'aide pour d\u00e9terminer quelle machine convient le mieux \u00e0 votre entreprise ?<\/h3>\n\n\n\n<p>Envoyez-nous un courriel d\u00e8s aujourd'hui. Nous vous montrerons le fonctionnement de nos \u00e9quipements et nous vous aiderons \u00e0 \u00e9laborer votre plan. Trouvons ensemble la solution qui permettra \u00e0 vos activit\u00e9s de rester propres, s\u00fbres et efficaces.<\/p>\n\n\n\n<div class=\"gb-element-17031b4d\">\n<a class=\"gb-text gb-text-3c23918f\" href=\"#popmake-28\">Envoyer des courriels<\/a>\n<\/div>\n<\/div>\n\n\n\n<div>\n<img loading=\"lazy\" decoding=\"async\" width=\"660\" height=\"433\" class=\"gb-media-e1f30ca1\" alt=\"\" src=\"https:\/\/jmtpressurejet.com\/wp-content\/uploads\/2025\/07\/Cooperation-1.jpeg\" title=\"La coop\u00e9ration\" srcset=\"https:\/\/jmtpressurejet.com\/wp-content\/uploads\/2025\/07\/Cooperation-1.jpeg 660w, https:\/\/jmtpressurejet.com\/wp-content\/uploads\/2025\/07\/Cooperation-1-300x197.jpeg 300w\" sizes=\"auto, (max-width: 660px) 100vw, 660px\" \/>\n<\/div>\n<\/div>\n<\/div>\n<\/div>\n<\/div>\n\n\n\n<p><\/p>","protected":false},"excerpt":{"rendered":"<p>Jie Matt \u00c9quipement de nettoyage \u00e0 haute pression Devis maintenant En savoir plus Jie Matt \u00c9quipement de dragage de tuyaux \u00e0 haute pression Devis maintenant En savoir plus Jie Matt \u00c9quipement de d\u00e9grossissage de b\u00e9ton \u00e0 haute pression Devis maintenant En savoir plus Jie Matt \u00c9quipement de pompe d'essai \u00e0 haute pression Devis maintenant En savoir plus Jie Matt Nettoyeur d'eau chaude \u00e0 haute pression Devis maintenant En savoir plus Jie Matt Pompe d'eau de refroidissement \u00e0 haute pression ... <a title=\"Produits\" class=\"read-more\" href=\"https:\/\/jmtpressurejet.com\/fr\/products\/\" aria-label=\"En savoir plus sur Produits\">Lire plus<\/a><\/p>","protected":false},"author":1,"featured_media":0,"parent":0,"menu_order":0,"comment_status":"closed","ping_status":"closed","template":"","meta":{"footnotes":""},"class_list":["post-247","page","type-page","status-publish"],"_links":{"self":[{"href":"https:\/\/jmtpressurejet.com\/fr\/wp-json\/wp\/v2\/pages\/247","targetHints":{"allow":["GET"]}}],"collection":[{"href":"https:\/\/jmtpressurejet.com\/fr\/wp-json\/wp\/v2\/pages"}],"about":[{"href":"https:\/\/jmtpressurejet.com\/fr\/wp-json\/wp\/v2\/types\/page"}],"author":[{"embeddable":true,"href":"https:\/\/jmtpressurejet.com\/fr\/wp-json\/wp\/v2\/users\/1"}],"replies":[{"embeddable":true,"href":"https:\/\/jmtpressurejet.com\/fr\/wp-json\/wp\/v2\/comments?post=247"}],"version-history":[{"count":31,"href":"https:\/\/jmtpressurejet.com\/fr\/wp-json\/wp\/v2\/pages\/247\/revisions"}],"predecessor-version":[{"id":1428,"href":"https:\/\/jmtpressurejet.com\/fr\/wp-json\/wp\/v2\/pages\/247\/revisions\/1428"}],"wp:attachment":[{"href":"https:\/\/jmtpressurejet.com\/fr\/wp-json\/wp\/v2\/media?parent=247"}],"curies":[{"name":"wp","href":"https:\/\/api.w.org\/{rel}","templated":true}]}}