{"id":1018,"date":"2025-08-22T06:14:52","date_gmt":"2025-08-22T06:14:52","guid":{"rendered":"https:\/\/jmtpressurejet.com\/?page_id=1018"},"modified":"2025-09-12T06:28:25","modified_gmt":"2025-09-12T06:28:25","slug":"high-pressure-concrete-roughening-equipment","status":"publish","type":"page","link":"https:\/\/jmtpressurejet.com\/fr\/high-pressure-concrete-roughening-equipment\/","title":{"rendered":"\u00c9quipement de d\u00e9grossissage du b\u00e9ton \u00e0 haute pression"},"content":{"rendered":"<div>\n<div class=\"gb-element-2718bf97\">\n<div>\n<div class=\"gb-element-4cd43712\">\n<div class=\"gb-element-2b1649fe\">\n<img loading=\"lazy\" decoding=\"async\" width=\"640\" height=\"480\" class=\"gb-media-4845fb23\" alt=\"\" src=\"http:\/\/jmtpressurejet.com\/wp-content\/uploads\/2025\/08\/JMT-1-500bar-pressure-Cleaner.png\" title=\"JMT-1-500bar Nettoyeur \u00e0 pression\" srcset=\"https:\/\/jmtpressurejet.com\/wp-content\/uploads\/2025\/08\/JMT-1-500bar-pressure-Cleaner.png 640w, https:\/\/jmtpressurejet.com\/wp-content\/uploads\/2025\/08\/JMT-1-500bar-pressure-Cleaner-300x225.png 300w, https:\/\/jmtpressurejet.com\/wp-content\/uploads\/2025\/08\/JMT-1-500bar-pressure-Cleaner-16x12.png 16w\" sizes=\"auto, (max-width: 640px) 100vw, 640px\" \/>\n\n\n\n<div class=\"gb-element-ba52be33\">\n<a class=\"gb-text gb-text-9a50d29a\" href=\"https:\/\/jmtpressurejet.com\/fr\/jmt-1-500bar-high-pressure-water-concrete-roughening-machine\/\">Plus de d\u00e9tails<\/a>\n<\/div>\n<\/div>\n\n\n\n<div>\n<h5 class=\"gb-text\"><strong>JMT-1-500Bar Machine de d\u00e9grossissage du b\u00e9ton \u00e0 l'eau sous haute pression<\/strong><\/h5>\n\n\n\n<figure class=\"wp-block-table is-style-stripes\"><table class=\"has-fixed-layout\"><tbody><tr><td>Mod\u00e8le<\/td><td>JMT-1<\/td><\/tr><tr><td>Pression de sortie<\/td><td>500bar\/7250psi<\/td><\/tr><tr><td>D\u00e9bit d'eau<\/td><td>23L\/min<\/td><\/tr><tr><td>Diam\u00e8tre du piston<\/td><td>18mm<\/td><\/tr><tr><td>Nombre de poussoirs<\/td><td>3<\/td><\/tr><tr><td>Vitesse d'entr\u00e9e<\/td><td>1480r\/min<\/td><\/tr><tr><td>Course du piston<\/td><td>21mm<\/td><\/tr><tr><td>Puissance du moteur<\/td><td>22kw<\/td><\/tr><tr><td>M\u00e9thode de lubrification<\/td><td>Lubrification par \u00e9claboussures<\/td><\/tr><\/tbody><\/table><\/figure>\n<\/div>\n<\/div>\n<\/div>\n<\/div>\n<\/div>\n\n\n\n<div>\n<div class=\"gb-element-1e7bed8f\">\n<div>\n<div class=\"gb-element-9efd41aa\">\n<div class=\"gb-element-a6dd162c\">\n<img loading=\"lazy\" decoding=\"async\" width=\"640\" height=\"480\" class=\"gb-media-b4d4f1fd\" alt=\"\" src=\"http:\/\/jmtpressurejet.com\/wp-content\/uploads\/2025\/08\/JMT-1-500bar-cleaner.png\" title=\"JMT-1-500bar nettoyeur\" srcset=\"https:\/\/jmtpressurejet.com\/wp-content\/uploads\/2025\/08\/JMT-1-500bar-cleaner.png 640w, https:\/\/jmtpressurejet.com\/wp-content\/uploads\/2025\/08\/JMT-1-500bar-cleaner-300x225.png 300w, https:\/\/jmtpressurejet.com\/wp-content\/uploads\/2025\/08\/JMT-1-500bar-cleaner-16x12.png 16w\" sizes=\"auto, (max-width: 640px) 100vw, 640px\" \/>\n\n\n\n<div class=\"gb-element-d2303aef\">\n<a class=\"gb-text gb-text-3da0d8a2\" href=\"https:\/\/jmtpressurejet.com\/fr\/jmt-1-500bar-diesel-high-pressure-water-concrete-roughening-machine\/\">Plus de d\u00e9tails<\/a>\n<\/div>\n<\/div>\n\n\n\n<div>\n<h5 class=\"gb-text\"><strong>JMT-1-500Bar Machine \u00e0 rugir le b\u00e9ton \u00e0 haute pression \u00e0 moteur diesel<\/strong><\/h5>\n\n\n\n<figure class=\"wp-block-table is-style-stripes\"><table class=\"has-fixed-layout\"><tbody><tr><td>Mod\u00e8le<\/td><td>JMT-1<\/td><\/tr><tr><td>Pression de sortie<\/td><td>500bar\/7250psi<\/td><\/tr><tr><td>D\u00e9bit d'eau<\/td><td>23L\/min<\/td><\/tr><tr><td>Diam\u00e8tre du piston<\/td><td>18mm<\/td><\/tr><tr><td>Nombre de poussoirs<\/td><td>3<\/td><\/tr><tr><td>Vitesse d'entr\u00e9e<\/td><td>1480r\/min<\/td><\/tr><tr><td>Course du piston<\/td><td>21mm<\/td><\/tr><tr><td>Puissance du moteur<\/td><td>30kw<\/td><\/tr><tr><td>M\u00e9thode de lubrification<\/td><td>Lubrification par \u00e9claboussures<\/td><\/tr><\/tbody><\/table><\/figure>\n<\/div>\n<\/div>\n<\/div>\n<\/div>\n<\/div>\n\n\n\n<div>\n<div class=\"gb-element-95a516d8\">\n<div>\n<div class=\"gb-element-c3f7ff28\">\n<div class=\"gb-element-afd354fb\">\n<img loading=\"lazy\" decoding=\"async\" width=\"640\" height=\"480\" class=\"gb-media-a04c311d\" alt=\"\" src=\"http:\/\/jmtpressurejet.com\/wp-content\/uploads\/2025\/07\/Hydro-concrete-scabbler-background.png\" title=\"Arri\u00e8re-plan de l&#039;hydrocaveur de b\u00e9ton\" srcset=\"https:\/\/jmtpressurejet.com\/wp-content\/uploads\/2025\/07\/Hydro-concrete-scabbler-background.png 640w, https:\/\/jmtpressurejet.com\/wp-content\/uploads\/2025\/07\/Hydro-concrete-scabbler-background-300x225.png 300w\" sizes=\"auto, (max-width: 640px) 100vw, 640px\" \/>\n\n\n\n<div class=\"gb-element-b1ea14a9\">\n<a class=\"gb-text gb-text-9d05b63f\" href=\"https:\/\/jmtpressurejet.com\/fr\/jmt-2-60l-500bar-high-pressure-water-concrete-roughening-machine\/\">Plus de d\u00e9tails<\/a>\n<\/div>\n<\/div>\n\n\n\n<div>\n<h5 class=\"gb-text\"><strong>JMT-2-60L-500Bar Machine de rabotage du b\u00e9ton \u00e0 l'eau sous haute pression<\/strong><\/h5>\n\n\n\n<figure class=\"wp-block-table is-style-stripes\"><table class=\"has-fixed-layout\"><tbody><tr><td>Mod\u00e8le<\/td><td>JMT-2<\/td><\/tr><tr><td>Pression de sortie<\/td><td>500bar\/7250psi<\/td><\/tr><tr><td>D\u00e9bit d'eau<\/td><td>60L\/min<\/td><\/tr><tr><td>Diam\u00e8tre du piston<\/td><td>26 mm<\/td><\/tr><tr><td>Nombre de poussoirs<\/td><td>3<\/td><\/tr><tr><td>Vitesse d'entr\u00e9e<\/td><td>1480r\/min<\/td><\/tr><tr><td>Vitesse de la pompe<\/td><td>405r\/min<\/td><\/tr><tr><td>Course du piston<\/td><td>95mm<\/td><\/tr><tr><td>Puissance du moteur<\/td><td>55kw<\/td><\/tr><tr><td>M\u00e9thode de lubrification<\/td><td>Lubrification par \u00e9claboussures<\/td><\/tr><\/tbody><\/table><\/figure>\n<\/div>\n<\/div>\n<\/div>\n<\/div>\n<\/div>\n\n\n\n<div>\n<div class=\"gb-element-2d1b0d70\">\n<div>\n<div class=\"gb-element-5deec3e5\">\n<div class=\"gb-element-e7fa051a\">\n<img loading=\"lazy\" decoding=\"async\" width=\"640\" height=\"480\" class=\"gb-media-d066f1ab\" alt=\"\" src=\"http:\/\/jmtpressurejet.com\/wp-content\/uploads\/2025\/08\/\u56fe\u72479-1.png\" title=\"\u56fe\u72479\" srcset=\"https:\/\/jmtpressurejet.com\/wp-content\/uploads\/2025\/08\/\u56fe\u72479-1.png 640w, https:\/\/jmtpressurejet.com\/wp-content\/uploads\/2025\/08\/\u56fe\u72479-1-300x225.png 300w, https:\/\/jmtpressurejet.com\/wp-content\/uploads\/2025\/08\/\u56fe\u72479-1-16x12.png 16w\" sizes=\"auto, (max-width: 640px) 100vw, 640px\" \/>\n\n\n\n<div class=\"gb-element-7b4222e5\">\n<a class=\"gb-text gb-text-7760ce3e\" href=\"https:\/\/jmtpressurejet.com\/fr\/jmt-5-1500bar-diesel-engine-concrete-roughening-machine\/\">Plus de d\u00e9tails<\/a>\n<\/div>\n<\/div>\n\n\n\n<div>\n<h5 class=\"gb-text\"><strong>JMT-5-1500Bar Machine de rabotage du b\u00e9ton \u00e0 moteur diesel<\/strong><\/h5>\n\n\n\n<figure class=\"wp-block-table is-style-stripes\"><table class=\"has-fixed-layout\"><tbody><tr><td>Mod\u00e8le<\/td><td>JMT-5<\/td><\/tr><tr><td>Pression de sortie<\/td><td>1500bar\/14500psi<\/td><\/tr><tr><td>D\u00e9bit d'eau<\/td><td>50L\/min<\/td><\/tr><tr><td>Diam\u00e8tre du piston<\/td><td>22 mm<\/td><\/tr><tr><td>Nombre de poussoirs<\/td><td>3<\/td><\/tr><tr><td>Vitesse d'entr\u00e9e<\/td><td>1480r\/min<\/td><\/tr><tr><td>Vitesse de la pompe<\/td><td>366r\/min<\/td><\/tr><tr><td>Course du piston<\/td><td>21mm<\/td><\/tr><tr><td>Puissance du moteur<\/td><td>247kw<\/td><\/tr><tr><td>M\u00e9thode de lubrification<\/td><td>Lubrification par \u00e9claboussures<\/td><\/tr><\/tbody><\/table><\/figure>\n<\/div>\n<\/div>\n<\/div>\n<\/div>\n<\/div>\n\n\n\n<div>\n<div class=\"gb-element-279faa38\">\n<div>\n<div class=\"gb-element-f30a2a07\">\n<div>\n<h2 class=\"gb-text gb-text-90c18544\">Prenez contact avec nous<\/h2>\n\n\n\n<div class=\"wp-block-contact-form-7-contact-form-selector\">\n<div class=\"wpcf7 no-js\" id=\"wpcf7-f7-o1\" lang=\"en-US\" dir=\"ltr\" data-wpcf7-id=\"7\">\n<div class=\"screen-reader-response\"><p role=\"status\" aria-live=\"polite\" aria-atomic=\"true\"><\/p> <ul><\/ul><\/div>\n<form action=\"\/fr\/wp-json\/wp\/v2\/pages\/1018#wpcf7-f7-o1\" method=\"post\" class=\"wpcf7-form init\" aria-label=\"Formulaire de contact\" novalidate=\"novalidate\" data-status=\"init\" data-trp-original-action=\"\/fr\/wp-json\/wp\/v2\/pages\/1018#wpcf7-f7-o1\">\n<fieldset class=\"hidden-fields-container\"><input type=\"hidden\" name=\"_wpcf7\" value=\"7\" \/><input type=\"hidden\" name=\"_wpcf7_version\" value=\"6.1.5\" \/><input type=\"hidden\" name=\"_wpcf7_locale\" value=\"en_US\" \/><input type=\"hidden\" name=\"_wpcf7_unit_tag\" value=\"wpcf7-f7-o1\" \/><input type=\"hidden\" name=\"_wpcf7_container_post\" value=\"0\" \/><input type=\"hidden\" name=\"_wpcf7_posted_data_hash\" value=\"\" \/>\n<\/fieldset>\n<p><label><span class=\"wpcf7-form-control-wrap\" data-name=\"your-name\"><input size=\"40\" maxlength=\"400\" class=\"wpcf7-form-control wpcf7-text wpcf7-validates-as-required\" aria-required=\"true\" aria-invalid=\"false\" placeholder=\"Nom*\" value=\"\" type=\"text\" name=\"your-name\" \/><\/span><\/label>\n<\/p>\n<p><label><span class=\"wpcf7-form-control-wrap\" data-name=\"your-email\"><input size=\"40\" maxlength=\"400\" class=\"wpcf7-form-control wpcf7-email wpcf7-validates-as-required wpcf7-text wpcf7-validates-as-email\" aria-required=\"true\" aria-invalid=\"false\" placeholder=\"Courriel*\" value=\"\" type=\"email\" name=\"your-email\" \/><\/span><\/label>\n<\/p>\n<p><label><span class=\"wpcf7-form-control-wrap\" data-name=\"your-tel\"><input size=\"40\" maxlength=\"400\" class=\"wpcf7-form-control wpcf7-tel wpcf7-validates-as-required wpcf7-text wpcf7-validates-as-tel\" aria-required=\"true\" aria-invalid=\"false\" placeholder=\"T\u00e9l\u00e9phone*\" value=\"\" type=\"tel\" name=\"your-tel\" \/><\/span><\/label>\n<\/p>\n<p><label><span class=\"wpcf7-form-control-wrap\" data-name=\"your-message\"><textarea cols=\"40\" rows=\"10\" maxlength=\"2000\" class=\"wpcf7-form-control wpcf7-textarea wpcf7-validates-as-required\" aria-required=\"true\" aria-invalid=\"false\" placeholder=\"Quelques conseils pour un devis rapide et pr\u00e9cis* : 1. Quel \u00e9quipement devez-vous acheter ? 2. Quelle est votre application\/industrie principale ? 3. Quelle est votre exigence en mati\u00e8re de pression\/d\u00e9bit ?\" name=\"your-message\"><\/textarea><\/span> <\/label>\n<\/p>\n<p><input class=\"wpcf7-form-control wpcf7-submit has-spinner\" type=\"submit\" value=\"Soumettre\" \/>\n<\/p><input type=\"hidden\" id=\"ct_checkjs_cf7_17d63b1625c816c22647a73e1482372b\" name=\"ct_checkjs_cf7\" value=\"0\" \/><script >setTimeout(function(){var ct_input_name = \"ct_checkjs_cf7_17d63b1625c816c22647a73e1482372b\";if (document.getElementById(ct_input_name) !== null) {var ct_input_value = document.getElementById(ct_input_name).value;document.getElementById(ct_input_name).value = document.getElementById(ct_input_name).value.replace(ct_input_value, '1499353dbb4dcd643962149a0691e276cd27b79cebd88e665d0884a7f539b423');}}, 1000);<\/script><input type='hidden' class='wpcf7-pum' value='{\"closepopup\":false,\"closedelay\":0,\"openpopup\":false,\"openpopup_id\":0}' \/><div class=\"wpcf7-response-output\" aria-hidden=\"true\"><\/div>\n<input type=\"hidden\" name=\"trp-form-language\" value=\"fr\"\/><\/form>\n<\/div>\n<\/div>\n<\/div>\n<\/div>\n<\/div>\n<\/div>\n<\/div>\n\n\n\n<div class=\"gb-element-8c8de760\">\n<div class=\"gb-element-fc1e320d\">\n<div>\n<h2 class=\"gb-text gb-text-8163a5d9\">Produits en vente directe<\/h2>\n\n\n<div class=\"carousel-slider-outer carousel-slider-outer-image-carousel carousel-slider-outer-345\" style=\"--carousel-slider-nav-color:rgb(30,115,190);--carousel-slider-active-nav-color:rgba(0,137,225,0.82);--carousel-slider-arrow-size:48px;--carousel-slider-bullet-size:10px\">\n<div id=\"&#039;id-345\" class=\"carousel-slider carousel-slider-345 arrows-visibility-hover dots-visibility-always arrows-outside dots-center dots-square owl-carousel\" data-slide-type=\"image-carousel\" data-owl-settings='{\"nav\":true,\"dots\":true,\"slideBy\":4,\"stagePadding\":0,\"margin\":10,\"loop\":true,\"lazyLoad\":false,\"autoplay\":true,\"autoplayTimeout\":4000,\"autoplaySpeed\":5000,\"autoplayHoverPause\":true,\"autoWidth\":false,\"responsive\":{\"300\":{\"items\":3},\"576\":{\"items\":4},\"768\":{\"items\":4},\"1024\":{\"items\":4},\"1280\":{\"items\":4},\"1536\":{\"items\":4}}}'>\n<div class=\"carousel-slider__item\">\n\t<a href=\"https:\/\/jmtpressurejet.com\/fr\/hot-water-high-pressure-cleaning-equipment\/\" target=\"_blank\"><img loading=\"lazy\" decoding=\"async\" width=\"300\" height=\"225\" src=\"https:\/\/jmtpressurejet.com\/wp-content\/uploads\/2025\/09\/250bar-hot-water-high-pressure-cleaner-1-300x225.png\" class=\"attachment-medium size-medium\" alt=\"\" srcset=\"https:\/\/jmtpressurejet.com\/wp-content\/uploads\/2025\/09\/250bar-hot-water-high-pressure-cleaner-1-300x225.png 300w, https:\/\/jmtpressurejet.com\/wp-content\/uploads\/2025\/09\/250bar-hot-water-high-pressure-cleaner-1-16x12.png 16w, https:\/\/jmtpressurejet.com\/wp-content\/uploads\/2025\/09\/250bar-hot-water-high-pressure-cleaner-1.png 640w, https:\/\/jmtpressurejet.com\/wp-content\/uploads\/2025\/09\/250bar-hot-water-high-pressure-cleaner-1-620x464.png 620w, https:\/\/jmtpressurejet.com\/wp-content\/uploads\/2025\/09\/250bar-hot-water-high-pressure-cleaner-1-400x299.png 400w\" sizes=\"auto, (max-width: 300px) 100vw, 300px\" \/><div class=\"carousel-slider__caption\"><p class=\"caption\">\u00c9quipement de nettoyage \u00e0 haute pression \u00e0 l'eau chaude\n<\/p><\/div><\/a><\/div>\n\n<div class=\"carousel-slider__item\">\n\t<a href=\"https:\/\/jmtpressurejet.com\/fr\/high-pressure-water-accessory-actuator\/\" target=\"_blank\"><img loading=\"lazy\" decoding=\"async\" width=\"300\" height=\"225\" src=\"https:\/\/jmtpressurejet.com\/wp-content\/uploads\/2025\/08\/Accessory-Actuator-300x225.png\" class=\"attachment-medium size-medium\" alt=\"\" srcset=\"https:\/\/jmtpressurejet.com\/wp-content\/uploads\/2025\/08\/Accessory-Actuator-300x225.png 300w, https:\/\/jmtpressurejet.com\/wp-content\/uploads\/2025\/08\/Accessory-Actuator-16x12.png 16w, https:\/\/jmtpressurejet.com\/wp-content\/uploads\/2025\/08\/Accessory-Actuator.png 640w, https:\/\/jmtpressurejet.com\/wp-content\/uploads\/2025\/08\/Accessory-Actuator-620x464.png 620w, https:\/\/jmtpressurejet.com\/wp-content\/uploads\/2025\/08\/Accessory-Actuator-400x299.png 400w\" sizes=\"auto, (max-width: 300px) 100vw, 300px\" \/><div class=\"carousel-slider__caption\"><p class=\"caption\">Actionneur d'accessoires<\/p><\/div><\/a><\/div>\n\n<div class=\"carousel-slider__item\">\n\t<a href=\"https:\/\/jmtpressurejet.com\/fr\/automatic-high-pressure-cleaning-system\/\" target=\"_blank\"><img loading=\"lazy\" decoding=\"async\" width=\"300\" height=\"225\" src=\"https:\/\/jmtpressurejet.com\/wp-content\/uploads\/2025\/08\/Automatic-cleaning-system-300x225.png\" class=\"attachment-medium size-medium\" alt=\"\" srcset=\"https:\/\/jmtpressurejet.com\/wp-content\/uploads\/2025\/08\/Automatic-cleaning-system-300x225.png 300w, https:\/\/jmtpressurejet.com\/wp-content\/uploads\/2025\/08\/Automatic-cleaning-system-16x12.png 16w, https:\/\/jmtpressurejet.com\/wp-content\/uploads\/2025\/08\/Automatic-cleaning-system.png 640w, https:\/\/jmtpressurejet.com\/wp-content\/uploads\/2025\/08\/Automatic-cleaning-system-620x464.png 620w, https:\/\/jmtpressurejet.com\/wp-content\/uploads\/2025\/08\/Automatic-cleaning-system-400x299.png 400w\" sizes=\"auto, (max-width: 300px) 100vw, 300px\" \/><div class=\"carousel-slider__caption\"><p class=\"caption\">Syst\u00e8me de nettoyage automatique<\/p><\/div><\/a><\/div>\n\n<div class=\"carousel-slider__item\">\n\t<a href=\"https:\/\/jmtpressurejet.com\/fr\/high-pressure-plunger-water-pump\/\" target=\"_blank\"><img loading=\"lazy\" decoding=\"async\" width=\"300\" height=\"225\" src=\"https:\/\/jmtpressurejet.com\/wp-content\/uploads\/2025\/07\/Spunlace-nonwoven-pump-300x225.jpg\" class=\"attachment-medium size-medium\" alt=\"\" srcset=\"https:\/\/jmtpressurejet.com\/wp-content\/uploads\/2025\/07\/Spunlace-nonwoven-pump-300x225.jpg 300w, https:\/\/jmtpressurejet.com\/wp-content\/uploads\/2025\/07\/Spunlace-nonwoven-pump.jpg 640w\" sizes=\"auto, (max-width: 300px) 100vw, 300px\" \/><div class=\"carousel-slider__caption\"><p class=\"caption\">Pompe \u00e0 eau \u00e0 piston haute pression<\/p><\/div><\/a><\/div>\n\n<div class=\"carousel-slider__item\">\n\t<a href=\"https:\/\/jmtpressurejet.com\/fr\/high-pressure-cleaning-equipment\/\" target=\"_blank\"><img loading=\"lazy\" decoding=\"async\" width=\"300\" height=\"225\" src=\"https:\/\/jmtpressurejet.com\/wp-content\/uploads\/2025\/07\/high-pressure-cleaning-equipment-1-300x225.png\" class=\"attachment-medium size-medium\" alt=\"\" srcset=\"https:\/\/jmtpressurejet.com\/wp-content\/uploads\/2025\/07\/high-pressure-cleaning-equipment-1-300x225.png 300w, https:\/\/jmtpressurejet.com\/wp-content\/uploads\/2025\/07\/high-pressure-cleaning-equipment-1.png 640w, https:\/\/jmtpressurejet.com\/wp-content\/uploads\/2025\/07\/high-pressure-cleaning-equipment-1-620x464.png 620w, https:\/\/jmtpressurejet.com\/wp-content\/uploads\/2025\/07\/high-pressure-cleaning-equipment-1-400x299.png 400w\" sizes=\"auto, (max-width: 300px) 100vw, 300px\" \/><div class=\"carousel-slider__caption\"><p class=\"caption\">Nettoyeurs \u00e0 haute pression<\/p><\/div><\/a><\/div>\n\n<div class=\"carousel-slider__item\">\n\t<a href=\"https:\/\/jmtpressurejet.com\/fr\/high-pressure-pipe-dredging-equipment\/\" target=\"_blank\"><img loading=\"lazy\" decoding=\"async\" width=\"300\" height=\"225\" src=\"https:\/\/jmtpressurejet.com\/wp-content\/uploads\/2025\/08\/sewer-drain-machine-300x225.png\" class=\"attachment-medium size-medium\" alt=\"\" srcset=\"https:\/\/jmtpressurejet.com\/wp-content\/uploads\/2025\/08\/sewer-drain-machine-300x225.png 300w, https:\/\/jmtpressurejet.com\/wp-content\/uploads\/2025\/08\/sewer-drain-machine-16x12.png 16w, https:\/\/jmtpressurejet.com\/wp-content\/uploads\/2025\/08\/sewer-drain-machine.png 640w, https:\/\/jmtpressurejet.com\/wp-content\/uploads\/2025\/08\/sewer-drain-machine-620x464.png 620w, https:\/\/jmtpressurejet.com\/wp-content\/uploads\/2025\/08\/sewer-drain-machine-400x299.png 400w\" sizes=\"auto, (max-width: 300px) 100vw, 300px\" \/><div class=\"carousel-slider__caption\"><p class=\"caption\">Nettoyeur de canalisations d'\u00e9gout \u00e0 haute pression<\/p><\/div><\/a><\/div>\n\n<div class=\"carousel-slider__item\">\n\t<a href=\"https:\/\/jmtpressurejet.com\/fr\/water-jet-cutting-and-blasting-equipment\/\" target=\"_blank\"><img loading=\"lazy\" decoding=\"async\" width=\"300\" height=\"225\" src=\"https:\/\/jmtpressurejet.com\/wp-content\/uploads\/2025\/08\/Water-Jet-Cutting-and-Blasting-Equipment1-300x225.png\" class=\"attachment-medium size-medium\" alt=\"\" srcset=\"https:\/\/jmtpressurejet.com\/wp-content\/uploads\/2025\/08\/Water-Jet-Cutting-and-Blasting-Equipment1-300x225.png 300w, https:\/\/jmtpressurejet.com\/wp-content\/uploads\/2025\/08\/Water-Jet-Cutting-and-Blasting-Equipment1-16x12.png 16w, https:\/\/jmtpressurejet.com\/wp-content\/uploads\/2025\/08\/Water-Jet-Cutting-and-Blasting-Equipment1.png 640w, https:\/\/jmtpressurejet.com\/wp-content\/uploads\/2025\/08\/Water-Jet-Cutting-and-Blasting-Equipment1-620x464.png 620w, https:\/\/jmtpressurejet.com\/wp-content\/uploads\/2025\/08\/Water-Jet-Cutting-and-Blasting-Equipment1-400x299.png 400w\" sizes=\"auto, (max-width: 300px) 100vw, 300px\" \/><div class=\"carousel-slider__caption\"><p class=\"caption\">\u00c9quipement de d\u00e9coupe et de sablage au jet d'eau\n<\/p><\/div><\/a><\/div>\n\n<div class=\"carousel-slider__item\">\n\t<a href=\"https:\/\/jmtpressurejet.com\/fr\/high-pressure-concrete-roughening-equipment\/\" target=\"_blank\"><img loading=\"lazy\" decoding=\"async\" width=\"300\" height=\"225\" src=\"https:\/\/jmtpressurejet.com\/wp-content\/uploads\/2025\/08\/JMT-1-500bar-pressure-Cleaner-300x225.png\" class=\"attachment-medium size-medium\" alt=\"\" srcset=\"https:\/\/jmtpressurejet.com\/wp-content\/uploads\/2025\/08\/JMT-1-500bar-pressure-Cleaner-300x225.png 300w, https:\/\/jmtpressurejet.com\/wp-content\/uploads\/2025\/08\/JMT-1-500bar-pressure-Cleaner-16x12.png 16w, https:\/\/jmtpressurejet.com\/wp-content\/uploads\/2025\/08\/JMT-1-500bar-pressure-Cleaner.png 640w\" sizes=\"auto, (max-width: 300px) 100vw, 300px\" \/><div class=\"carousel-slider__caption\"><p class=\"caption\">Machine \u00e0 d\u00e9grossir le b\u00e9ton \u00e0 haute pression<\/p><\/div><\/a><\/div>\n\n<div class=\"carousel-slider__item\">\n\t<a href=\"https:\/\/jmtpressurejet.com\/fr\/high-pressure-cooling-water-pump\/\" target=\"_blank\"><img loading=\"lazy\" decoding=\"async\" width=\"300\" height=\"225\" src=\"https:\/\/jmtpressurejet.com\/wp-content\/uploads\/2025\/09\/high-pressure-cooling-machine-300x225.png\" class=\"attachment-medium size-medium\" alt=\"\" srcset=\"https:\/\/jmtpressurejet.com\/wp-content\/uploads\/2025\/09\/high-pressure-cooling-machine-300x225.png 300w, https:\/\/jmtpressurejet.com\/wp-content\/uploads\/2025\/09\/high-pressure-cooling-machine-16x12.png 16w, https:\/\/jmtpressurejet.com\/wp-content\/uploads\/2025\/09\/high-pressure-cooling-machine.png 640w, https:\/\/jmtpressurejet.com\/wp-content\/uploads\/2025\/09\/high-pressure-cooling-machine-620x464.png 620w, https:\/\/jmtpressurejet.com\/wp-content\/uploads\/2025\/09\/high-pressure-cooling-machine-400x299.png 400w\" sizes=\"auto, (max-width: 300px) 100vw, 300px\" \/><div class=\"carousel-slider__caption\"><p class=\"caption\">Pompe \u00e0 eau de refroidissement \u00e0 haute pression\n<\/p><\/div><\/a><\/div>\n\n<div class=\"carousel-slider__item\">\n\t<a href=\"https:\/\/jmtpressurejet.com\/fr\/airport-runway-glue-removal-equipment\/\" target=\"_blank\"><img loading=\"lazy\" decoding=\"async\" width=\"300\" height=\"225\" src=\"https:\/\/jmtpressurejet.com\/wp-content\/uploads\/2025\/09\/Airport-runway-glue-removal-machine-300x225.png\" class=\"attachment-medium size-medium\" alt=\"\" srcset=\"https:\/\/jmtpressurejet.com\/wp-content\/uploads\/2025\/09\/Airport-runway-glue-removal-machine-300x225.png 300w, https:\/\/jmtpressurejet.com\/wp-content\/uploads\/2025\/09\/Airport-runway-glue-removal-machine-16x12.png 16w, https:\/\/jmtpressurejet.com\/wp-content\/uploads\/2025\/09\/Airport-runway-glue-removal-machine.png 640w, https:\/\/jmtpressurejet.com\/wp-content\/uploads\/2025\/09\/Airport-runway-glue-removal-machine-620x464.png 620w, https:\/\/jmtpressurejet.com\/wp-content\/uploads\/2025\/09\/Airport-runway-glue-removal-machine-400x299.png 400w\" sizes=\"auto, (max-width: 300px) 100vw, 300px\" \/><div class=\"carousel-slider__caption\"><p class=\"caption\">https:\/\/jmtpressurejet.com\/airport-runway-glue-removal-equipment\/<\/p><\/div><\/a><\/div>\n\n<div class=\"carousel-slider__item\">\n\t<a href=\"https:\/\/jmtpressurejet.com\/fr\/high-pressure-test-pump-equipment\/\" target=\"_blank\"><img loading=\"lazy\" decoding=\"async\" width=\"300\" height=\"225\" src=\"https:\/\/jmtpressurejet.com\/wp-content\/uploads\/2025\/07\/high-pressure-test-pump_\u526f\u672c-300x225.png\" class=\"attachment-medium size-medium\" alt=\"\" srcset=\"\" sizes=\"auto, (max-width: 300px) 100vw, 300px\" data-srcset=\"\" \/><div class=\"carousel-slider__caption\"><p class=\"caption\">Pompe d'essai \u00e0 haute pression<\/p><\/div><\/a><\/div>\n\n<div class=\"carousel-slider__item\">\n\t<a href=\"https:\/\/jmtpressurejet.com\/fr\/high-pressure-water-road-marking-equipment\/\" target=\"_blank\"><img loading=\"lazy\" decoding=\"async\" width=\"300\" height=\"225\" src=\"https:\/\/jmtpressurejet.com\/wp-content\/uploads\/2025\/08\/\u56fe\u72471-1-300x225.png\" class=\"attachment-medium size-medium\" alt=\"\" srcset=\"\" sizes=\"auto, (max-width: 300px) 100vw, 300px\" data-srcset=\"\" \/><div class=\"carousel-slider__caption\"><p class=\"caption\">Mat\u00e9riel d'enl\u00e8vement des marquages routiers\n<\/p><\/div><\/a><\/div>\n\n<div class=\"carousel-slider__item\">\n\t<a href=\"https:\/\/jmtpressurejet.com\/fr\/high-presure-water-jet-cutting-machine\/\" target=\"_blank\"><img loading=\"lazy\" decoding=\"async\" width=\"300\" height=\"225\" src=\"https:\/\/jmtpressurejet.com\/wp-content\/uploads\/2025\/07\/Pressure-water-jet-cutting-machine-1-300x225.png\" class=\"attachment-medium size-medium\" alt=\"\" srcset=\"https:\/\/jmtpressurejet.com\/wp-content\/uploads\/2025\/07\/Pressure-water-jet-cutting-machine-1-300x225.png 300w, https:\/\/jmtpressurejet.com\/wp-content\/uploads\/2025\/07\/Pressure-water-jet-cutting-machine-1.png 640w\" sizes=\"auto, (max-width: 300px) 100vw, 300px\" \/><div class=\"carousel-slider__caption\"><p class=\"caption\">Machine de d\u00e9coupe au jet d'eau\n<\/p><\/div><\/a><\/div>\n\n<div class=\"carousel-slider__item\">\n\t<a href=\"https:\/\/jmtpressurejet.com\/fr\/jmt-2-high-pressure-grouting-pump\/\" target=\"_blank\"><img loading=\"lazy\" decoding=\"async\" width=\"300\" height=\"225\" src=\"https:\/\/jmtpressurejet.com\/wp-content\/uploads\/2025\/07\/High-pressure-jet-grouting-pump_\u526f\u672c-300x225.png\" class=\"attachment-medium size-medium\" alt=\"\" srcset=\"\" sizes=\"auto, (max-width: 300px) 100vw, 300px\" data-srcset=\"\" \/><div class=\"carousel-slider__caption\"><p class=\"caption\">Machine d'injection \u00e0 haute pression<\/p><\/div><\/a><\/div>\n\n<\/div><!-- .carousel-slider-345 -->\n<\/div><!-- .carousel-slider-outer-345 -->\n\n\n\n\n<p class=\"gb-text\"><\/p>\n<\/div>\n<\/div>\n<\/div>","protected":false},"excerpt":{"rendered":"<p>More Details JMT-1-500Bar High Pressure Water Concrete Roughening Machine Model JMT-1 Outlet Pressure 500bar\/7250psi Water Flow Rate 23L\/min Plunger Diameter 18mm Number of Plungers 3 Input Speed 1480r\/min Plunger Stroke 21mm Engine Power 22kw Lubrication Method Splash lubrication More Details JMT-1-500Bar Diesel High-pressure Concrete Roughening Machine Model JMT-1 Outlet Pressure 500bar\/7250psi Water Flow Rate 23L\/min &#8230; <a title=\"\u00c9quipement de d\u00e9grossissage du b\u00e9ton \u00e0 haute pression\" class=\"read-more\" href=\"https:\/\/jmtpressurejet.com\/fr\/high-pressure-concrete-roughening-equipment\/\" aria-label=\"En savoir plus sur High Pressure Concrete Roughening Equipment\">Lire plus<\/a><\/p>","protected":false},"author":1,"featured_media":0,"parent":0,"menu_order":0,"comment_status":"closed","ping_status":"closed","template":"","meta":{"footnotes":""},"class_list":["post-1018","page","type-page","status-publish"],"_links":{"self":[{"href":"https:\/\/jmtpressurejet.com\/fr\/wp-json\/wp\/v2\/pages\/1018","targetHints":{"allow":["GET"]}}],"collection":[{"href":"https:\/\/jmtpressurejet.com\/fr\/wp-json\/wp\/v2\/pages"}],"about":[{"href":"https:\/\/jmtpressurejet.com\/fr\/wp-json\/wp\/v2\/types\/page"}],"author":[{"embeddable":true,"href":"https:\/\/jmtpressurejet.com\/fr\/wp-json\/wp\/v2\/users\/1"}],"replies":[{"embeddable":true,"href":"https:\/\/jmtpressurejet.com\/fr\/wp-json\/wp\/v2\/comments?post=1018"}],"version-history":[{"count":4,"href":"https:\/\/jmtpressurejet.com\/fr\/wp-json\/wp\/v2\/pages\/1018\/revisions"}],"predecessor-version":[{"id":1439,"href":"https:\/\/jmtpressurejet.com\/fr\/wp-json\/wp\/v2\/pages\/1018\/revisions\/1439"}],"wp:attachment":[{"href":"https:\/\/jmtpressurejet.com\/fr\/wp-json\/wp\/v2\/media?parent=1018"}],"curies":[{"name":"wp","href":"https:\/\/api.w.org\/{rel}","templated":true}]}}