{"id":361,"date":"2025-07-23T06:36:54","date_gmt":"2025-07-23T06:36:54","guid":{"rendered":"https:\/\/jmtpressurejet.com\/?page_id=361"},"modified":"2025-08-15T03:45:12","modified_gmt":"2025-08-15T03:45:12","slug":"common-questions","status":"publish","type":"page","link":"https:\/\/jmtpressurejet.com\/es\/common-questions\/","title":{"rendered":"Preguntas frecuentes"},"content":{"rendered":"<div>\n<div class=\"gb-element-be47f15e\">\n<div>\n<h3 class=\"gb-text\">P: \u00bfSon ustedes fabricantes o comerciantes? <\/h3>\n\n\n\n<p>R: Somos fabricantes. <\/p>\n\n\n\n<h3 class=\"gb-text\">P: \u00bfCu\u00e1les son sus condiciones de pago? <\/h3>\n\n\n\n<p>R: T\/T y garant\u00eda comercial. <\/p>\n\n\n\n<h3 class=\"gb-text\">P: \u00bfCu\u00e1l es su plazo de entrega? <\/h3>\n\n\n\n<p>R: Generalmente, para las m\u00e1quinas peque\u00f1as (50bar ~ 500bar), la entrega se organiza en unos 3 ~ 5 d\u00edas. Para m\u00e1quinas grandes (500bar ~ 1500bar), se tarda unos 7 ~ 15 d\u00edas. Para m\u00e1quinas de 1500 ~ 3500bar, la entrega se programa en aproximadamente 25 ~ 30 d\u00edas. <\/p>\n\n\n\n<h3 class=\"gb-text\">P: \u00bfDesde qu\u00e9 puerto env\u00edan la mercanc\u00eda? <\/h3>\n\n\n\n<p class=\"gb-text\">R: Qingdao, Ningbo, Shanghai o Guangzhou, lo que le resulte m\u00e1s c\u00f3modo. <\/p>\n\n\n\n<h3 class=\"gb-text\">P: \u00bfPuedo inspeccionar la mercanc\u00eda? <\/h3>\n\n\n\n<p>R: Para garantizar los intereses de ambas partes, apoyamos las inspecciones de la mercanc\u00eda en nuestra f\u00e1brica por parte del comprador o de un tercero encargado por el comprador antes del env\u00edo. Tambi\u00e9n realizaremos autoinspecciones y enviaremos fotos y v\u00eddeos al comprador antes de la entrega.<\/p>\n<\/div>\n<\/div>\n<\/div>\n\n\n\n<p><\/p>","protected":false},"excerpt":{"rendered":"<p>P: \u00bfSon ustedes fabricantes o una empresa comercial? R: Somos fabricantes. P: \u00bfCu\u00e1les son sus condiciones de pago? R: T\/T y garant\u00eda comercial. P: \u00bfCu\u00e1l es su plazo de entrega? R: Generalmente, para las m\u00e1quinas peque\u00f1as (50bar ~ 500bar), la entrega se realiza en unos 3 ~ 5 d\u00edas. Para m\u00e1quinas grandes (500bar ~ 1500bar), ... <a title=\"Preguntas frecuentes\" class=\"read-more\" href=\"https:\/\/jmtpressurejet.com\/es\/common-questions\/\" aria-label=\"Leer m\u00e1s sobre Preguntas frecuentes\">Seguir leyendo<\/a><\/p>","protected":false},"author":1,"featured_media":0,"parent":0,"menu_order":0,"comment_status":"closed","ping_status":"closed","template":"","meta":{"footnotes":""},"class_list":["post-361","page","type-page","status-publish"],"_links":{"self":[{"href":"https:\/\/jmtpressurejet.com\/es\/wp-json\/wp\/v2\/pages\/361","targetHints":{"allow":["GET"]}}],"collection":[{"href":"https:\/\/jmtpressurejet.com\/es\/wp-json\/wp\/v2\/pages"}],"about":[{"href":"https:\/\/jmtpressurejet.com\/es\/wp-json\/wp\/v2\/types\/page"}],"author":[{"embeddable":true,"href":"https:\/\/jmtpressurejet.com\/es\/wp-json\/wp\/v2\/users\/1"}],"replies":[{"embeddable":true,"href":"https:\/\/jmtpressurejet.com\/es\/wp-json\/wp\/v2\/comments?post=361"}],"version-history":[{"count":1,"href":"https:\/\/jmtpressurejet.com\/es\/wp-json\/wp\/v2\/pages\/361\/revisions"}],"predecessor-version":[{"id":363,"href":"https:\/\/jmtpressurejet.com\/es\/wp-json\/wp\/v2\/pages\/361\/revisions\/363"}],"wp:attachment":[{"href":"https:\/\/jmtpressurejet.com\/es\/wp-json\/wp\/v2\/media?parent=361"}],"curies":[{"name":"wp","href":"https:\/\/api.w.org\/{rel}","templated":true}]}}