{"id":322,"date":"2025-07-23T08:00:28","date_gmt":"2025-07-23T08:00:28","guid":{"rendered":"https:\/\/jmtpressurejet.com\/?page_id=322"},"modified":"2025-08-22T01:56:49","modified_gmt":"2025-08-22T01:56:49","slug":"200-500-bar-high-pressure-cleaners","status":"publish","type":"page","link":"https:\/\/jmtpressurejet.com\/es\/200-500-bar-high-pressure-cleaners\/","title":{"rendered":"Limpiadoras de alta presi\u00f3n de 200-500 bares"},"content":{"rendered":"<div>\n<div class=\"gb-element-2d1b0d70\">\n<div>\n<div class=\"gb-element-5deec3e5\">\n<div class=\"gb-element-e7fa051a\">\n<img loading=\"lazy\" decoding=\"async\" width=\"640\" height=\"480\" class=\"gb-media-d066f1ab\" alt=\"\" src=\"http:\/\/jmtpressurejet.com\/wp-content\/uploads\/2025\/07\/200-500-Bar_\u526f\u672c.png\" title=\"200-500 Bar_\u526f\u672c\" srcset=\"https:\/\/jmtpressurejet.com\/wp-content\/uploads\/2025\/07\/200-500-Bar_\u526f\u672c.png 640w, https:\/\/jmtpressurejet.com\/wp-content\/uploads\/2025\/07\/200-500-Bar_\u526f\u672c-300x225.png 300w\" sizes=\"auto, (max-width: 640px) 100vw, 640px\" \/>\n<\/div>\n\n\n\n<div>\n<h3 class=\"gb-text\">JMT - 1 Serie 200-500bar M\u00e1quina de limpieza de alta presi\u00f3n<\/h3>\n\n\n\n<p class=\"gb-text\">La bomba de alta presi\u00f3n adopta tecnolog\u00eda importada de Italia, el cabezal de la bomba est\u00e1 hecho de material forjado seleccionado, el \u00e9mbolo de alta presi\u00f3n totalmente cer\u00e1mico, el cig\u00fce\u00f1al est\u00e1 hecho de material 40cr, y est\u00e1 forjado y oxidado con precisi\u00f3n.<\/p>\n\n\n\n<div class=\"gb-element-7b4222e5\">\n<a class=\"gb-text gb-text-7760ce3e\" href=\"#popmake-28\">Contacte con nosotros<\/a>\n<\/div>\n<\/div>\n<\/div>\n<\/div>\n<\/div>\n<\/div>\n\n\n\n<div>\n<div class=\"gb-element-4bdcfc5d\">\n<div>\n<h2 class=\"gb-text gb-text-27ac96d1\">Especificaci\u00f3n del producto<\/h2>\n\n\n\n<figure class=\"wp-block-table is-style-stripes\"><table><tbody><tr><td><strong>Modelo<\/strong><\/td><td><strong>Caudal (L\/min)<\/strong><\/td><td><strong>Presi\u00f3n (bar)<\/strong><\/td><td><strong>Potencia del motor (KW)<\/strong><\/td><td><strong>Potencia del motor de gasolina (CV)<\/strong><\/td><td><strong>Potencia del motor di\u00e9sel (CV)<\/strong><\/td><\/tr><tr><td>JMT-1<\/td><td>15<\/td><td>200<\/td><td><strong>5.5<\/strong><\/td><td><strong>13<\/strong><\/td><td><strong>15<\/strong><\/td><\/tr><tr><td>JMT-1<\/td><td>15<\/td><td>250<\/td><td><strong>7.5<\/strong><\/td><td><strong>15<\/strong><\/td><td>18<\/td><\/tr><tr><td>JMT-1<\/td><td>23<\/td><td>350<\/td><td>15<\/td><td>24<\/td><td>28<\/td><\/tr><tr><td>JMT-1<\/td><td>23<\/td><td>500<\/td><td>22<\/td><td>37<\/td><td>36<\/td><\/tr><tr><td>JMT-1<\/td><td>30<\/td><td>500<\/td><td>30<\/td><td>&nbsp;<\/td><td>45<\/td><\/tr><tr><td>JMT-1<\/td><td>30<\/td><td>600<\/td><td>37<\/td><td>&nbsp;<\/td><td>85<\/td><\/tr><tr><td>JMT-1<\/td><td>20<\/td><td>800<\/td><td>30<\/td><td>&nbsp;<\/td><td>58<\/td><\/tr><tr><td>JMT-1<\/td><td>20<\/td><td>1000<\/td><td>37<\/td><td>&nbsp;<\/td><td>85<\/td><\/tr><\/tbody><\/table><\/figure>\n<\/div>\n<\/div>\n<\/div>\n\n\n\n<div>\n<div class=\"gb-element-be47f15e\">\n<div>\n<h2 class=\"gb-text gb-text-f640b470\">Caracter\u00edsticas y ventajas del producto<\/h2>\n\n\n\n<p>Jiemate se distingue por un conjunto de ventajas adaptadas a las rigurosas exigencias de la limpieza industrial, combinando componentes de primera calidad, servicios completos y funciones innovadoras.<\/p>\n\n\n\n<p>La bomba de alta presi\u00f3n se importa de Italia. La cabeza de la bomba est\u00e1 hecha de material forjado seleccionado, \u00e9mbolo de alta presi\u00f3n totalmente de cer\u00e1mica, y el cig\u00fce\u00f1al est\u00e1 hecho de material 40cr, que es precisamente forjado y oxidado.<\/p>\n\n\n\n<p>La v\u00e1lvula reguladora de presi\u00f3n est\u00e1 fabricada con cuerpo de acero inoxidable y n\u00facleo y asiento de v\u00e1lvula de aleaci\u00f3n; es resistente a altas temperaturas y altas presiones, resistente a la corrosi\u00f3n; tiene un tama\u00f1o peque\u00f1o, un c\u00f3modo ajuste de la presi\u00f3n y una alta sensibilidad.<\/p>\n\n\n\n<p>El equipo es peque\u00f1o en tama\u00f1o, ligero en peso, f\u00e1cil de operar y f\u00e1cil de mover; limpieza f\u00edsica con agua pura de alta presi\u00f3n, sin necesidad de a\u00f1adir ning\u00fan agente qu\u00edmico, sin contaminaci\u00f3n, es un producto de alta tecnolog\u00eda de protecci\u00f3n ambiental verde defendido y promovido por el pa\u00eds;<\/p>\n\n\n\n<p>Forma de accionamiento: accionamiento por motor opcional, accionamiento por motor de gasolina, accionamiento por motor di\u00e9sel, accionamiento por fuente de aire, accionamiento por motor hidr\u00e1ulico.<\/p>\n\n\n\n<p>Campo de aplicaci\u00f3n: Se puede utilizar para la limpieza del suelo, limpieza de la superficie de la pared exterior del edificio, eliminaci\u00f3n de peque\u00f1os anuncios, dragado y limpieza de tuber\u00edas de alcantarillado, eliminaci\u00f3n de \u00f3xido y pintura del casco, limpieza de ostras de organismos marinos, desbaste y lavado de hormig\u00f3n, limpieza de tubos de centrales el\u00e9ctricas, limpieza de tanques de cocci\u00f3n de f\u00e1bricas de harina de pescado, limpieza de corteza de tallado de ra\u00edces, limpieza de contaminaci\u00f3n por aceite pesado de equipos, limpieza de arena de fundici\u00f3n, etc. Se puede personalizar seg\u00fan los requisitos del cliente.<\/p>\n<\/div>\n<\/div>\n<\/div>\n\n\n\n<div class=\"gb-element-10812408\">\n<div class=\"gb-element-f55a4b7d\">\n<div>\n<div class=\"gb-element-ed98af69\">\n<div class=\"gb-element-1b551685\" style=\"--inline-bg-image: url(http:\/\/jmtpressurejet.com\/wp-content\/uploads\/2025\/07\/World_map_background.png)\">\n<h3 class=\"gb-text\">\u00bfNecesita ayuda para saber qu\u00e9 m\u00e1quina es la m\u00e1s adecuada para su negocio?<\/h3>\n\n\n\n<p class=\"gb-text\">Env\u00edenos un correo electr\u00f3nico hoy mismo. Le mostraremos c\u00f3mo funcionan nuestros equipos en acci\u00f3n y le ayudaremos con el plan. Encontremos la soluci\u00f3n que mantenga sus operaciones limpias, seguras y eficientes.<\/p>\n\n\n\n<div class=\"gb-element-17031b4d\">\n<a class=\"gb-text gb-text-3c23918f\" href=\"#popmake-28\">Enviar correos electr\u00f3nicos<\/a>\n<\/div>\n<\/div>\n\n\n\n<div>\n<img loading=\"lazy\" decoding=\"async\" width=\"1280\" height=\"853\" class=\"gb-media-e1f30ca1\" alt=\"\" src=\"http:\/\/jmtpressurejet.com\/wp-content\/uploads\/2025\/07\/high-pressure-cleaners-appliactions-case.jpg\" title=\"limpiadores de alta presi\u00f3n aplicaciones caso\" srcset=\"https:\/\/jmtpressurejet.com\/wp-content\/uploads\/2025\/07\/high-pressure-cleaners-appliactions-case.jpg 1280w, https:\/\/jmtpressurejet.com\/wp-content\/uploads\/2025\/07\/high-pressure-cleaners-appliactions-case-300x200.jpg 300w, https:\/\/jmtpressurejet.com\/wp-content\/uploads\/2025\/07\/high-pressure-cleaners-appliactions-case-1024x682.jpg 1024w, https:\/\/jmtpressurejet.com\/wp-content\/uploads\/2025\/07\/high-pressure-cleaners-appliactions-case-768x512.jpg 768w\" sizes=\"auto, (max-width: 1280px) 100vw, 1280px\" \/>\n<\/div>\n<\/div>\n<\/div>\n<\/div>\n<\/div>\n\n\n\n<div>\n<div class=\"gb-element-b0a8c443\">\n<div>\n<h2 class=\"gb-text gb-text-3e5a6473\">Productos Casos de aplicaci\u00f3n<\/h2>\n\n\n\n<div class=\"gb-element-47fc66a8\">\n<div>\n<img loading=\"lazy\" decoding=\"async\" width=\"853\" height=\"960\" class=\"gb-media-607d0539\" alt=\"\" src=\"http:\/\/jmtpressurejet.com\/wp-content\/uploads\/2025\/07\/forklift-cleaning.jpg\" title=\"Limpieza a alta presi\u00f3n\" srcset=\"https:\/\/jmtpressurejet.com\/wp-content\/uploads\/2025\/07\/forklift-cleaning.jpg 853w, https:\/\/jmtpressurejet.com\/wp-content\/uploads\/2025\/07\/forklift-cleaning-267x300.jpg 267w, https:\/\/jmtpressurejet.com\/wp-content\/uploads\/2025\/07\/forklift-cleaning-768x864.jpg 768w\" sizes=\"auto, (max-width: 853px) 100vw, 853px\" \/>\n\n\n\n<p class=\"gb-text gb-text-da2ebe66\"><strong>Limpieza de carretillas elevadoras<\/strong><\/p>\n<\/div>\n\n\n\n<div>\n<img loading=\"lazy\" decoding=\"async\" width=\"853\" height=\"960\" class=\"gb-media-726ec094\" alt=\"\" src=\"http:\/\/jmtpressurejet.com\/wp-content\/uploads\/2025\/07\/wall-cleaning.webp\" title=\"limpieza de paredes\" srcset=\"https:\/\/jmtpressurejet.com\/wp-content\/uploads\/2025\/07\/wall-cleaning.webp 853w, https:\/\/jmtpressurejet.com\/wp-content\/uploads\/2025\/07\/wall-cleaning-267x300.webp 267w, https:\/\/jmtpressurejet.com\/wp-content\/uploads\/2025\/07\/wall-cleaning-768x864.webp 768w\" sizes=\"auto, (max-width: 853px) 100vw, 853px\" \/>\n\n\n\n<p class=\"gb-text gb-text-59f588a6\"><strong>Limpieza de paredes<\/strong><\/p>\n<\/div>\n\n\n\n<div>\n<img loading=\"lazy\" decoding=\"async\" width=\"853\" height=\"960\" class=\"gb-media-1d9bdcdb\" alt=\"\" src=\"http:\/\/jmtpressurejet.com\/wp-content\/uploads\/2025\/07\/pipe-cleaning.webp\" title=\"limpieza de tuber\u00edas\" srcset=\"https:\/\/jmtpressurejet.com\/wp-content\/uploads\/2025\/07\/pipe-cleaning.webp 853w, https:\/\/jmtpressurejet.com\/wp-content\/uploads\/2025\/07\/pipe-cleaning-267x300.webp 267w, https:\/\/jmtpressurejet.com\/wp-content\/uploads\/2025\/07\/pipe-cleaning-768x864.webp 768w\" sizes=\"auto, (max-width: 853px) 100vw, 853px\" \/>\n\n\n\n<p class=\"gb-text gb-text-ce832980\"><strong>Limpieza de tuber\u00edas<\/strong><\/p>\n<\/div>\n<\/div>\n<\/div>\n<\/div>\n<\/div>\n\n\n\n<div>\n<div class=\"gb-element-279faa38\">\n<div>\n<div class=\"gb-element-f30a2a07\">\n<div>\n<p class=\"gb-text\">Nos comprometemos a fabricar productos de la mejor calidad a los precios m\u00e1s competitivos. Por lo tanto, invitamos sinceramente a todas las empresas interesadas a ponerse en contacto con nosotros para obtener m\u00e1s informaci\u00f3n.<\/p>\n\n\n\n<div class=\"gb-element-726f7d59\">\n<img loading=\"lazy\" decoding=\"async\" width=\"1359\" height=\"843\" class=\"gb-media-71a43d6f\" alt=\"\" src=\"http:\/\/jmtpressurejet.com\/wp-content\/uploads\/2025\/07\/jmt-global-sales-1.webp\" title=\"jmt global sales\" srcset=\"https:\/\/jmtpressurejet.com\/wp-content\/uploads\/2025\/07\/jmt-global-sales-1.webp 1359w, https:\/\/jmtpressurejet.com\/wp-content\/uploads\/2025\/07\/jmt-global-sales-1-300x186.webp 300w, https:\/\/jmtpressurejet.com\/wp-content\/uploads\/2025\/07\/jmt-global-sales-1-1024x635.webp 1024w, https:\/\/jmtpressurejet.com\/wp-content\/uploads\/2025\/07\/jmt-global-sales-1-768x476.webp 768w\" sizes=\"auto, (max-width: 1359px) 100vw, 1359px\" \/>\n<\/div>\n<\/div>\n\n\n\n<div>\n<h4 class=\"gb-text\"><strong>P\u00f3ngase en contacto con nosotros<\/strong><\/h4>\n\n\n\n<div class=\"wp-block-contact-form-7-contact-form-selector\">\n<div class=\"wpcf7 no-js\" id=\"wpcf7-f7-o1\" lang=\"en-US\" dir=\"ltr\" data-wpcf7-id=\"7\">\n<div class=\"screen-reader-response\"><p role=\"status\" aria-live=\"polite\" aria-atomic=\"true\"><\/p> <ul><\/ul><\/div>\n<form action=\"\/es\/wp-json\/wp\/v2\/pages\/322#wpcf7-f7-o1\" method=\"post\" class=\"wpcf7-form init\" aria-label=\"Formulario de contacto\" novalidate=\"novalidate\" data-status=\"init\" data-trp-original-action=\"\/es\/wp-json\/wp\/v2\/pages\/322#wpcf7-f7-o1\">\n<fieldset class=\"hidden-fields-container\"><input type=\"hidden\" name=\"_wpcf7\" value=\"7\" \/><input type=\"hidden\" name=\"_wpcf7_version\" value=\"6.1.5\" \/><input type=\"hidden\" name=\"_wpcf7_locale\" value=\"en_US\" \/><input type=\"hidden\" name=\"_wpcf7_unit_tag\" value=\"wpcf7-f7-o1\" \/><input type=\"hidden\" name=\"_wpcf7_container_post\" value=\"0\" \/><input type=\"hidden\" name=\"_wpcf7_posted_data_hash\" value=\"\" \/>\n<\/fieldset>\n<p><label><span class=\"wpcf7-form-control-wrap\" data-name=\"your-name\"><input size=\"40\" maxlength=\"400\" class=\"wpcf7-form-control wpcf7-text wpcf7-validates-as-required\" aria-required=\"true\" aria-invalid=\"false\" placeholder=\"Nombre\" value=\"\" type=\"text\" name=\"your-name\" \/><\/span><\/label>\n<\/p>\n<p><label><span class=\"wpcf7-form-control-wrap\" data-name=\"your-email\"><input size=\"40\" maxlength=\"400\" class=\"wpcf7-form-control wpcf7-email wpcf7-validates-as-required wpcf7-text wpcf7-validates-as-email\" aria-required=\"true\" aria-invalid=\"false\" placeholder=\"Correo electr\u00f3nico\" value=\"\" type=\"email\" name=\"your-email\" \/><\/span><\/label>\n<\/p>\n<p><label><span class=\"wpcf7-form-control-wrap\" data-name=\"your-tel\"><input size=\"40\" maxlength=\"400\" class=\"wpcf7-form-control wpcf7-tel wpcf7-validates-as-required wpcf7-text wpcf7-validates-as-tel\" aria-required=\"true\" aria-invalid=\"false\" placeholder=\"Tel\u00e9fono\" value=\"\" type=\"tel\" name=\"your-tel\" \/><\/span><\/label>\n<\/p>\n<p><label><span class=\"wpcf7-form-control-wrap\" data-name=\"your-message\"><textarea cols=\"40\" rows=\"10\" maxlength=\"2000\" class=\"wpcf7-form-control wpcf7-textarea wpcf7-validates-as-required\" aria-required=\"true\" aria-invalid=\"false\" placeholder=\"Consejos r\u00e1pidos para un presupuesto r\u00e1pido y preciso*: 1. \u00bfQu\u00e9 equipo necesita comprar? 2. \u00bfCu\u00e1l es su aplicaci\u00f3n\/industria principal? 3. 3. \u00bfCu\u00e1l es su requisito de presi\u00f3n\/caudal?\" name=\"your-message\"><\/textarea><\/span> <\/label>\n<\/p>\n<p><input class=\"wpcf7-form-control wpcf7-submit has-spinner\" type=\"submit\" value=\"Enviar\" \/>\n<\/p><input type=\"hidden\" id=\"ct_checkjs_cf7_69421f032498c97020180038fddb8e24\" name=\"ct_checkjs_cf7\" value=\"0\" \/><script >setTimeout(function(){var ct_input_name = \"ct_checkjs_cf7_69421f032498c97020180038fddb8e24\";if (document.getElementById(ct_input_name) !== null) {var ct_input_value = document.getElementById(ct_input_name).value;document.getElementById(ct_input_name).value = document.getElementById(ct_input_name).value.replace(ct_input_value, '1499353dbb4dcd643962149a0691e276cd27b79cebd88e665d0884a7f539b423');}}, 1000);<\/script><input type='hidden' class='wpcf7-pum' value='{\"closepopup\":false,\"closedelay\":0,\"openpopup\":false,\"openpopup_id\":0}' \/><div class=\"wpcf7-response-output\" aria-hidden=\"true\"><\/div>\n<input type=\"hidden\" name=\"trp-form-language\" value=\"es\"\/><\/form>\n<\/div>\n<\/div>\n<\/div>\n<\/div>\n<\/div>\n<\/div>\n<\/div>","protected":false},"excerpt":{"rendered":"<p>JMT - 1 Serie 200-500bar M\u00e1quina de limpieza de alta presi\u00f3n La bomba de alta presi\u00f3n adopta tecnolog\u00eda importada de Italia, la cabeza de la bomba est\u00e1 hecha de material forjado seleccionado, el \u00e9mbolo de alta presi\u00f3n totalmente cer\u00e1mico, el cig\u00fce\u00f1al est\u00e1 hecho de material 40cr, y es forjado y oxidado con precisi\u00f3n. Cont\u00e1ctenos Especificaci\u00f3n del producto Modelo Caudal (L\/min) Presi\u00f3n (bar) Potencia del motor ... <a title=\"Limpiadoras de alta presi\u00f3n de 200-500 bares\" class=\"read-more\" href=\"https:\/\/jmtpressurejet.com\/es\/200-500-bar-high-pressure-cleaners\/\" aria-label=\"Leer m\u00e1s sobre Limpiadoras de alta presi\u00f3n de 200-500 bares\">Seguir leyendo<\/a><\/p>","protected":false},"author":1,"featured_media":0,"parent":0,"menu_order":0,"comment_status":"closed","ping_status":"closed","template":"","meta":{"footnotes":""},"class_list":["post-322","page","type-page","status-publish"],"_links":{"self":[{"href":"https:\/\/jmtpressurejet.com\/es\/wp-json\/wp\/v2\/pages\/322","targetHints":{"allow":["GET"]}}],"collection":[{"href":"https:\/\/jmtpressurejet.com\/es\/wp-json\/wp\/v2\/pages"}],"about":[{"href":"https:\/\/jmtpressurejet.com\/es\/wp-json\/wp\/v2\/types\/page"}],"author":[{"embeddable":true,"href":"https:\/\/jmtpressurejet.com\/es\/wp-json\/wp\/v2\/users\/1"}],"replies":[{"embeddable":true,"href":"https:\/\/jmtpressurejet.com\/es\/wp-json\/wp\/v2\/comments?post=322"}],"version-history":[{"count":4,"href":"https:\/\/jmtpressurejet.com\/es\/wp-json\/wp\/v2\/pages\/322\/revisions"}],"predecessor-version":[{"id":992,"href":"https:\/\/jmtpressurejet.com\/es\/wp-json\/wp\/v2\/pages\/322\/revisions\/992"}],"wp:attachment":[{"href":"https:\/\/jmtpressurejet.com\/es\/wp-json\/wp\/v2\/media?parent=322"}],"curies":[{"name":"wp","href":"https:\/\/api.w.org\/{rel}","templated":true}]}}