{"id":1367,"date":"2025-09-05T10:03:47","date_gmt":"2025-09-05T10:03:47","guid":{"rendered":"https:\/\/jmtpressurejet.com\/?page_id=1367"},"modified":"2025-09-12T09:51:47","modified_gmt":"2025-09-12T09:51:47","slug":"high-pressure-water-road-marking-equipment","status":"publish","type":"page","link":"https:\/\/jmtpressurejet.com\/es\/high-pressure-water-road-marking-equipment\/","title":{"rendered":"Equipos de marcaci\u00f3n vial por agua a alta presi\u00f3n"},"content":{"rendered":"<div>\n<div class=\"gb-element-2d1b0d70\">\n<div>\n<div class=\"gb-element-5deec3e5\">\n<div class=\"gb-element-e7fa051a\">\n<img loading=\"lazy\" decoding=\"async\" width=\"641\" height=\"480\" class=\"gb-media-d066f1ab\" alt=\"\" src=\"http:\/\/jmtpressurejet.com\/wp-content\/uploads\/2025\/08\/Road-Marking-Removal-Equipment.png\" title=\"Equipos de eliminaci\u00f3n de marcas viales\" srcset=\"https:\/\/jmtpressurejet.com\/wp-content\/uploads\/2025\/08\/Road-Marking-Removal-Equipment.png 641w, https:\/\/jmtpressurejet.com\/wp-content\/uploads\/2025\/08\/Road-Marking-Removal-Equipment-300x225.png 300w, https:\/\/jmtpressurejet.com\/wp-content\/uploads\/2025\/08\/Road-Marking-Removal-Equipment-16x12.png 16w, https:\/\/jmtpressurejet.com\/wp-content\/uploads\/2025\/08\/Road-Marking-Removal-Equipment-620x464.png 620w, https:\/\/jmtpressurejet.com\/wp-content\/uploads\/2025\/08\/Road-Marking-Removal-Equipment-400x299.png 400w\" sizes=\"auto, (max-width: 641px) 100vw, 641px\" \/>\n\n\n\n<div class=\"gb-element-d2303aef\">\n<a class=\"gb-text gb-text-3da0d8a2\" href=\"https:\/\/jmtpressurejet.com\/es\/jmt-series-high-pressure-water-road-marking-removal-equipment\/\">M\u00e1s detalles<\/a>\n<\/div>\n<\/div>\n\n\n\n<div>\n<h5 class=\"gb-text\"><strong><strong><strong>Equipo de marcaje vial por agua a alta presi\u00f3n JMT 1600bar<\/strong><\/strong><\/strong><\/h5>\n\n\n\n<figure class=\"wp-block-table is-style-stripes\"><table class=\"has-fixed-layout\"><tbody><tr><td>Modelo<\/td><td>JMT-6<\/td><\/tr><tr><td>Presi\u00f3n de salida<\/td><td>1600bar\/7250psi<\/td><\/tr><tr><td>Caudal de agua<\/td><td>32 l\/min<\/td><\/tr><tr><td>Di\u00e1metro del \u00e9mbolo<\/td><td>20 mm<\/td><\/tr><tr><td>N\u00famero de \u00e9mbolos<\/td><td>3<\/td><\/tr><tr><td>Velocidad de la bomba<\/td><td>405r\/min<\/td><\/tr><tr><td>Velocidad de entrada<\/td><td>1480r\/min<\/td><\/tr><tr><td>Carrera del \u00e9mbolo<\/td><td>95 mm<\/td><\/tr><tr><td>Potencia del motor<\/td><td>132 KW<\/td><\/tr><tr><td>M\u00e9todo de lubricaci\u00f3n<\/td><td>Lubricaci\u00f3n forzada<\/td><\/tr><\/tbody><\/table><\/figure>\n<\/div>\n<\/div>\n<\/div>\n<\/div>\n<\/div>\n\n\n\n<div>\n<div class=\"gb-element-47796335\">\n<div>\n<div class=\"gb-element-2b1f2bb9\">\n<div class=\"gb-element-89827026\">\n<img loading=\"lazy\" decoding=\"async\" width=\"640\" height=\"480\" class=\"gb-media-212f960a\" alt=\"\" src=\"http:\/\/jmtpressurejet.com\/wp-content\/uploads\/2025\/09\/2000bar-high-pressure-water-road-marking-equipment.png\" title=\"Equipo de marcaje vial por agua a alta presi\u00f3n de 2000 bares\" srcset=\"https:\/\/jmtpressurejet.com\/wp-content\/uploads\/2025\/09\/2000bar-high-pressure-water-road-marking-equipment.png 640w, https:\/\/jmtpressurejet.com\/wp-content\/uploads\/2025\/09\/2000bar-high-pressure-water-road-marking-equipment-300x225.png 300w, https:\/\/jmtpressurejet.com\/wp-content\/uploads\/2025\/09\/2000bar-high-pressure-water-road-marking-equipment-16x12.png 16w\" sizes=\"auto, (max-width: 640px) 100vw, 640px\" \/>\n\n\n\n<div class=\"gb-element-9d6a08a1\">\n<a class=\"gb-text gb-text-2ddfefd6\" href=\"https:\/\/jmtpressurejet.com\/es\/2000bar-high-pressure-water-road-marking-equipment\/\">M\u00e1s detalles<\/a>\n<\/div>\n<\/div>\n\n\n\n<div>\n<h5 class=\"gb-text\"><strong><strong><strong><strong>Equipo de marcaje vial por agua a alta presi\u00f3n JMT serie 2000bar<\/strong><\/strong><\/strong><\/strong><\/h5>\n\n\n\n<figure class=\"wp-block-table is-style-stripes\"><table class=\"has-fixed-layout\"><tbody><tr><td>Modelo<\/td><td>JMT-6<\/td><\/tr><tr><td>Presi\u00f3n de salida<\/td><td>2000bar\/29000psi<\/td><\/tr><tr><td>Caudal de agua<\/td><td>30 l\/min<\/td><\/tr><tr><td>Di\u00e1metro del \u00e9mbolo<\/td><td>18,1 mm<\/td><\/tr><tr><td>N\u00famero de \u00e9mbolos<\/td><td>3<\/td><\/tr><tr><td>Velocidad de la bomba<\/td><td>405r\/min<\/td><\/tr><tr><td>Velocidad de entrada<\/td><td>1480r\/min<\/td><\/tr><tr><td>Carrera del \u00e9mbolo<\/td><td>95 mm<\/td><\/tr><tr><td>Potencia del motor<\/td><td>155 KW<\/td><\/tr><tr><td>M\u00e9todo de lubricaci\u00f3n<\/td><td>Lubricaci\u00f3n forzada<\/td><\/tr><tr><td>M\u00e9todo de refrigeraci\u00f3n<\/td><td>Refrigeraci\u00f3n por agua<\/td><\/tr><\/tbody><\/table><\/figure>\n<\/div>\n<\/div>\n<\/div>\n<\/div>\n<\/div>\n\n\n\n<div>\n<div class=\"gb-element-5c1f4710\">\n<div>\n<div class=\"gb-element-c958cb0e\">\n<div class=\"gb-element-a8e73877\">\n<img loading=\"lazy\" decoding=\"async\" width=\"640\" height=\"480\" class=\"gb-media-5fd82306\" alt=\"\" src=\"http:\/\/jmtpressurejet.com\/wp-content\/uploads\/2025\/09\/2500bar-high-pressure-water-road-marking-equipment.png\" title=\"Equipo de marcaje vial por agua a alta presi\u00f3n de 2500 bares\" srcset=\"https:\/\/jmtpressurejet.com\/wp-content\/uploads\/2025\/09\/2500bar-high-pressure-water-road-marking-equipment.png 640w, https:\/\/jmtpressurejet.com\/wp-content\/uploads\/2025\/09\/2500bar-high-pressure-water-road-marking-equipment-300x225.png 300w, https:\/\/jmtpressurejet.com\/wp-content\/uploads\/2025\/09\/2500bar-high-pressure-water-road-marking-equipment-16x12.png 16w\" sizes=\"auto, (max-width: 640px) 100vw, 640px\" \/>\n\n\n\n<div class=\"gb-element-5ce0cb1a\">\n<a class=\"gb-text gb-text-c4b97b84\" href=\"https:\/\/jmtpressurejet.com\/es\/2500bar-high-pressure-water-road-marking-equipment\/\">M\u00e1s detalles<\/a>\n<\/div>\n<\/div>\n\n\n\n<div>\n<h5 class=\"gb-text\"><strong><strong><strong><strong><strong>Equipo de marcaje vial por agua a alta presi\u00f3n de 2500 bares de la serie JMT<\/strong><\/strong><\/strong><\/strong><\/strong><\/h5>\n\n\n\n<figure class=\"wp-block-table is-style-stripes\"><table class=\"has-fixed-layout\"><tbody><tr><td>Modelo<\/td><td>JMT-6<\/td><\/tr><tr><td>Presi\u00f3n de salida<\/td><td>2500bar\/36000psi<\/td><\/tr><tr><td>Caudal de agua<\/td><td>30 l\/min<\/td><\/tr><tr><td>Di\u00e1metro del \u00e9mbolo<\/td><td>20 mm<\/td><\/tr><tr><td>N\u00famero de \u00e9mbolos<\/td><td>3<\/td><\/tr><tr><td>Velocidad de la bomba<\/td><td>405r\/min<\/td><\/tr><tr><td>Velocidad de entrada<\/td><td>1480r\/min<\/td><\/tr><tr><td>Carrera del \u00e9mbolo<\/td><td>95 mm<\/td><\/tr><tr><td>Potencia del motor<\/td><td>132 KW<\/td><\/tr><tr><td>M\u00e9todo de lubricaci\u00f3n<\/td><td>Lubricaci\u00f3n forzada<\/td><\/tr><tr><td>M\u00e9todo de refrigeraci\u00f3n<\/td><td>Refrigeraci\u00f3n por agua<\/td><\/tr><\/tbody><\/table><\/figure>\n<\/div>\n<\/div>\n<\/div>\n<\/div>\n<\/div>\n\n\n\n<div class=\"gb-element-8c8de760\">\n<div class=\"gb-element-fc1e320d\">\n<div>\n<h2 class=\"gb-text gb-text-8163a5d9\">Productos m\u00e1s vendidos<\/h2>\n\n\n<div class=\"carousel-slider-outer carousel-slider-outer-image-carousel carousel-slider-outer-345\" style=\"--carousel-slider-nav-color:rgb(30,115,190);--carousel-slider-active-nav-color:rgba(0,137,225,0.82);--carousel-slider-arrow-size:48px;--carousel-slider-bullet-size:10px\">\n<div id=\"&#039;id-345\" class=\"carousel-slider carousel-slider-345 arrows-visibility-hover dots-visibility-always arrows-outside dots-center dots-square owl-carousel\" data-slide-type=\"image-carousel\" data-owl-settings='{\"nav\":true,\"dots\":true,\"slideBy\":4,\"stagePadding\":0,\"margin\":10,\"loop\":true,\"lazyLoad\":false,\"autoplay\":true,\"autoplayTimeout\":4000,\"autoplaySpeed\":5000,\"autoplayHoverPause\":true,\"autoWidth\":false,\"responsive\":{\"300\":{\"items\":3},\"576\":{\"items\":4},\"768\":{\"items\":4},\"1024\":{\"items\":4},\"1280\":{\"items\":4},\"1536\":{\"items\":4}}}'>\n<div class=\"carousel-slider__item\">\n\t<a href=\"https:\/\/jmtpressurejet.com\/es\/high-pressure-cooling-water-pump\/\" target=\"_blank\"><img loading=\"lazy\" decoding=\"async\" width=\"300\" height=\"225\" src=\"https:\/\/jmtpressurejet.com\/wp-content\/uploads\/2025\/09\/high-pressure-cooling-machine-300x225.png\" class=\"attachment-medium size-medium\" alt=\"\" srcset=\"https:\/\/jmtpressurejet.com\/wp-content\/uploads\/2025\/09\/high-pressure-cooling-machine-300x225.png 300w, https:\/\/jmtpressurejet.com\/wp-content\/uploads\/2025\/09\/high-pressure-cooling-machine-16x12.png 16w, https:\/\/jmtpressurejet.com\/wp-content\/uploads\/2025\/09\/high-pressure-cooling-machine.png 640w, https:\/\/jmtpressurejet.com\/wp-content\/uploads\/2025\/09\/high-pressure-cooling-machine-620x464.png 620w, https:\/\/jmtpressurejet.com\/wp-content\/uploads\/2025\/09\/high-pressure-cooling-machine-400x299.png 400w\" sizes=\"auto, (max-width: 300px) 100vw, 300px\" \/><div class=\"carousel-slider__caption\"><p class=\"caption\">Bomba de agua de refrigeraci\u00f3n de alta presi\u00f3n\n<\/p><\/div><\/a><\/div>\n\n<div class=\"carousel-slider__item\">\n\t<a href=\"https:\/\/jmtpressurejet.com\/es\/high-pressure-test-pump-equipment\/\" target=\"_blank\"><img loading=\"lazy\" decoding=\"async\" width=\"300\" height=\"225\" src=\"https:\/\/jmtpressurejet.com\/wp-content\/uploads\/2025\/07\/high-pressure-test-pump_\u526f\u672c-300x225.png\" class=\"attachment-medium size-medium\" alt=\"\" srcset=\"\" sizes=\"auto, (max-width: 300px) 100vw, 300px\" data-srcset=\"\" \/><div class=\"carousel-slider__caption\"><p class=\"caption\">Bomba de prueba de alta presi\u00f3n<\/p><\/div><\/a><\/div>\n\n<div class=\"carousel-slider__item\">\n\t<a href=\"https:\/\/jmtpressurejet.com\/es\/high-pressure-pipe-dredging-equipment\/\" target=\"_blank\"><img loading=\"lazy\" decoding=\"async\" width=\"300\" height=\"225\" src=\"https:\/\/jmtpressurejet.com\/wp-content\/uploads\/2025\/08\/sewer-drain-machine-300x225.png\" class=\"attachment-medium size-medium\" alt=\"\" srcset=\"https:\/\/jmtpressurejet.com\/wp-content\/uploads\/2025\/08\/sewer-drain-machine-300x225.png 300w, https:\/\/jmtpressurejet.com\/wp-content\/uploads\/2025\/08\/sewer-drain-machine-16x12.png 16w, https:\/\/jmtpressurejet.com\/wp-content\/uploads\/2025\/08\/sewer-drain-machine.png 640w, https:\/\/jmtpressurejet.com\/wp-content\/uploads\/2025\/08\/sewer-drain-machine-620x464.png 620w, https:\/\/jmtpressurejet.com\/wp-content\/uploads\/2025\/08\/sewer-drain-machine-400x299.png 400w\" sizes=\"auto, (max-width: 300px) 100vw, 300px\" \/><div class=\"carousel-slider__caption\"><p class=\"caption\">Desatascador de alcantarillas de alta presi\u00f3n<\/p><\/div><\/a><\/div>\n\n<div class=\"carousel-slider__item\">\n\t<a href=\"https:\/\/jmtpressurejet.com\/es\/high-pressure-concrete-roughening-equipment\/\" target=\"_blank\"><img loading=\"lazy\" decoding=\"async\" width=\"300\" height=\"225\" src=\"https:\/\/jmtpressurejet.com\/wp-content\/uploads\/2025\/08\/JMT-1-500bar-pressure-Cleaner-300x225.png\" class=\"attachment-medium size-medium\" alt=\"\" srcset=\"https:\/\/jmtpressurejet.com\/wp-content\/uploads\/2025\/08\/JMT-1-500bar-pressure-Cleaner-300x225.png 300w, https:\/\/jmtpressurejet.com\/wp-content\/uploads\/2025\/08\/JMT-1-500bar-pressure-Cleaner-16x12.png 16w, https:\/\/jmtpressurejet.com\/wp-content\/uploads\/2025\/08\/JMT-1-500bar-pressure-Cleaner.png 640w\" sizes=\"auto, (max-width: 300px) 100vw, 300px\" \/><div class=\"carousel-slider__caption\"><p class=\"caption\">M\u00e1quina desbastadora de hormig\u00f3n de alta presi\u00f3n<\/p><\/div><\/a><\/div>\n\n<div class=\"carousel-slider__item\">\n\t<a href=\"https:\/\/jmtpressurejet.com\/es\/high-pressure-water-road-marking-equipment\/\" target=\"_blank\"><img loading=\"lazy\" decoding=\"async\" width=\"300\" height=\"225\" src=\"https:\/\/jmtpressurejet.com\/wp-content\/uploads\/2025\/08\/\u56fe\u72471-1-300x225.png\" class=\"attachment-medium size-medium\" alt=\"\" srcset=\"\" sizes=\"auto, (max-width: 300px) 100vw, 300px\" data-srcset=\"\" \/><div class=\"carousel-slider__caption\"><p class=\"caption\">Equipos de eliminaci\u00f3n de marcas viales\n<\/p><\/div><\/a><\/div>\n\n<div class=\"carousel-slider__item\">\n\t<a href=\"https:\/\/jmtpressurejet.com\/es\/high-pressure-plunger-water-pump\/\" target=\"_blank\"><img loading=\"lazy\" decoding=\"async\" width=\"300\" height=\"225\" src=\"https:\/\/jmtpressurejet.com\/wp-content\/uploads\/2025\/07\/Spunlace-nonwoven-pump-300x225.jpg\" class=\"attachment-medium size-medium\" alt=\"\" srcset=\"https:\/\/jmtpressurejet.com\/wp-content\/uploads\/2025\/07\/Spunlace-nonwoven-pump-300x225.jpg 300w, https:\/\/jmtpressurejet.com\/wp-content\/uploads\/2025\/07\/Spunlace-nonwoven-pump.jpg 640w\" sizes=\"auto, (max-width: 300px) 100vw, 300px\" \/><div class=\"carousel-slider__caption\"><p class=\"caption\">Bomba de agua de \u00e9mbolo buzo de alta presi\u00f3n<\/p><\/div><\/a><\/div>\n\n<div class=\"carousel-slider__item\">\n\t<a href=\"https:\/\/jmtpressurejet.com\/es\/airport-runway-glue-removal-equipment\/\" target=\"_blank\"><img loading=\"lazy\" decoding=\"async\" width=\"300\" height=\"225\" src=\"https:\/\/jmtpressurejet.com\/wp-content\/uploads\/2025\/09\/Airport-runway-glue-removal-machine-300x225.png\" class=\"attachment-medium size-medium\" alt=\"\" srcset=\"https:\/\/jmtpressurejet.com\/wp-content\/uploads\/2025\/09\/Airport-runway-glue-removal-machine-300x225.png 300w, https:\/\/jmtpressurejet.com\/wp-content\/uploads\/2025\/09\/Airport-runway-glue-removal-machine-16x12.png 16w, https:\/\/jmtpressurejet.com\/wp-content\/uploads\/2025\/09\/Airport-runway-glue-removal-machine.png 640w, https:\/\/jmtpressurejet.com\/wp-content\/uploads\/2025\/09\/Airport-runway-glue-removal-machine-620x464.png 620w, https:\/\/jmtpressurejet.com\/wp-content\/uploads\/2025\/09\/Airport-runway-glue-removal-machine-400x299.png 400w\" sizes=\"auto, (max-width: 300px) 100vw, 300px\" \/><div class=\"carousel-slider__caption\"><p class=\"caption\">https:\/\/jmtpressurejet.com\/airport-runway-glue-removal-equipment\/<\/p><\/div><\/a><\/div>\n\n<div class=\"carousel-slider__item\">\n\t<a href=\"https:\/\/jmtpressurejet.com\/es\/jmt-2-high-pressure-grouting-pump\/\" target=\"_blank\"><img loading=\"lazy\" decoding=\"async\" width=\"300\" height=\"225\" src=\"https:\/\/jmtpressurejet.com\/wp-content\/uploads\/2025\/07\/High-pressure-jet-grouting-pump_\u526f\u672c-300x225.png\" class=\"attachment-medium size-medium\" alt=\"\" srcset=\"\" sizes=\"auto, (max-width: 300px) 100vw, 300px\" data-srcset=\"\" \/><div class=\"carousel-slider__caption\"><p class=\"caption\">Inyectora de lechada de alta presi\u00f3n<\/p><\/div><\/a><\/div>\n\n<div class=\"carousel-slider__item\">\n\t<a href=\"https:\/\/jmtpressurejet.com\/es\/high-pressure-water-accessory-actuator\/\" target=\"_blank\"><img loading=\"lazy\" decoding=\"async\" width=\"300\" height=\"225\" src=\"https:\/\/jmtpressurejet.com\/wp-content\/uploads\/2025\/08\/Accessory-Actuator-300x225.png\" class=\"attachment-medium size-medium\" alt=\"\" srcset=\"https:\/\/jmtpressurejet.com\/wp-content\/uploads\/2025\/08\/Accessory-Actuator-300x225.png 300w, https:\/\/jmtpressurejet.com\/wp-content\/uploads\/2025\/08\/Accessory-Actuator-16x12.png 16w, https:\/\/jmtpressurejet.com\/wp-content\/uploads\/2025\/08\/Accessory-Actuator.png 640w, https:\/\/jmtpressurejet.com\/wp-content\/uploads\/2025\/08\/Accessory-Actuator-620x464.png 620w, https:\/\/jmtpressurejet.com\/wp-content\/uploads\/2025\/08\/Accessory-Actuator-400x299.png 400w\" sizes=\"auto, (max-width: 300px) 100vw, 300px\" \/><div class=\"carousel-slider__caption\"><p class=\"caption\">Actuador accesorio<\/p><\/div><\/a><\/div>\n\n<div class=\"carousel-slider__item\">\n\t<a href=\"https:\/\/jmtpressurejet.com\/es\/high-presure-water-jet-cutting-machine\/\" target=\"_blank\"><img loading=\"lazy\" decoding=\"async\" width=\"300\" height=\"225\" src=\"https:\/\/jmtpressurejet.com\/wp-content\/uploads\/2025\/07\/Pressure-water-jet-cutting-machine-1-300x225.png\" class=\"attachment-medium size-medium\" alt=\"\" srcset=\"https:\/\/jmtpressurejet.com\/wp-content\/uploads\/2025\/07\/Pressure-water-jet-cutting-machine-1-300x225.png 300w, https:\/\/jmtpressurejet.com\/wp-content\/uploads\/2025\/07\/Pressure-water-jet-cutting-machine-1.png 640w\" sizes=\"auto, (max-width: 300px) 100vw, 300px\" \/><div class=\"carousel-slider__caption\"><p class=\"caption\">M\u00e1quina de corte por chorro de agua\n<\/p><\/div><\/a><\/div>\n\n<div class=\"carousel-slider__item\">\n\t<a href=\"https:\/\/jmtpressurejet.com\/es\/high-pressure-cleaning-equipment\/\" target=\"_blank\"><img loading=\"lazy\" decoding=\"async\" width=\"300\" height=\"225\" src=\"https:\/\/jmtpressurejet.com\/wp-content\/uploads\/2025\/07\/high-pressure-cleaning-equipment-1-300x225.png\" class=\"attachment-medium size-medium\" alt=\"\" srcset=\"https:\/\/jmtpressurejet.com\/wp-content\/uploads\/2025\/07\/high-pressure-cleaning-equipment-1-300x225.png 300w, https:\/\/jmtpressurejet.com\/wp-content\/uploads\/2025\/07\/high-pressure-cleaning-equipment-1.png 640w, https:\/\/jmtpressurejet.com\/wp-content\/uploads\/2025\/07\/high-pressure-cleaning-equipment-1-620x464.png 620w, https:\/\/jmtpressurejet.com\/wp-content\/uploads\/2025\/07\/high-pressure-cleaning-equipment-1-400x299.png 400w\" sizes=\"auto, (max-width: 300px) 100vw, 300px\" \/><div class=\"carousel-slider__caption\"><p class=\"caption\">Limpiadoras de alta presi\u00f3n<\/p><\/div><\/a><\/div>\n\n<div class=\"carousel-slider__item\">\n\t<a href=\"https:\/\/jmtpressurejet.com\/es\/hot-water-high-pressure-cleaning-equipment\/\" target=\"_blank\"><img loading=\"lazy\" decoding=\"async\" width=\"300\" height=\"225\" src=\"https:\/\/jmtpressurejet.com\/wp-content\/uploads\/2025\/09\/250bar-hot-water-high-pressure-cleaner-1-300x225.png\" class=\"attachment-medium size-medium\" alt=\"\" srcset=\"https:\/\/jmtpressurejet.com\/wp-content\/uploads\/2025\/09\/250bar-hot-water-high-pressure-cleaner-1-300x225.png 300w, https:\/\/jmtpressurejet.com\/wp-content\/uploads\/2025\/09\/250bar-hot-water-high-pressure-cleaner-1-16x12.png 16w, https:\/\/jmtpressurejet.com\/wp-content\/uploads\/2025\/09\/250bar-hot-water-high-pressure-cleaner-1.png 640w, https:\/\/jmtpressurejet.com\/wp-content\/uploads\/2025\/09\/250bar-hot-water-high-pressure-cleaner-1-620x464.png 620w, https:\/\/jmtpressurejet.com\/wp-content\/uploads\/2025\/09\/250bar-hot-water-high-pressure-cleaner-1-400x299.png 400w\" sizes=\"auto, (max-width: 300px) 100vw, 300px\" \/><div class=\"carousel-slider__caption\"><p class=\"caption\">Equipos de limpieza de alta presi\u00f3n con agua caliente\n<\/p><\/div><\/a><\/div>\n\n<div class=\"carousel-slider__item\">\n\t<a href=\"https:\/\/jmtpressurejet.com\/es\/automatic-high-pressure-cleaning-system\/\" target=\"_blank\"><img loading=\"lazy\" decoding=\"async\" width=\"300\" height=\"225\" src=\"https:\/\/jmtpressurejet.com\/wp-content\/uploads\/2025\/08\/Automatic-cleaning-system-300x225.png\" class=\"attachment-medium size-medium\" alt=\"\" srcset=\"https:\/\/jmtpressurejet.com\/wp-content\/uploads\/2025\/08\/Automatic-cleaning-system-300x225.png 300w, https:\/\/jmtpressurejet.com\/wp-content\/uploads\/2025\/08\/Automatic-cleaning-system-16x12.png 16w, https:\/\/jmtpressurejet.com\/wp-content\/uploads\/2025\/08\/Automatic-cleaning-system.png 640w, https:\/\/jmtpressurejet.com\/wp-content\/uploads\/2025\/08\/Automatic-cleaning-system-620x464.png 620w, https:\/\/jmtpressurejet.com\/wp-content\/uploads\/2025\/08\/Automatic-cleaning-system-400x299.png 400w\" sizes=\"auto, (max-width: 300px) 100vw, 300px\" \/><div class=\"carousel-slider__caption\"><p class=\"caption\">Sistema autom\u00e1tico de limpieza<\/p><\/div><\/a><\/div>\n\n<div class=\"carousel-slider__item\">\n\t<a href=\"https:\/\/jmtpressurejet.com\/es\/water-jet-cutting-and-blasting-equipment\/\" target=\"_blank\"><img loading=\"lazy\" decoding=\"async\" width=\"300\" height=\"225\" src=\"https:\/\/jmtpressurejet.com\/wp-content\/uploads\/2025\/08\/Water-Jet-Cutting-and-Blasting-Equipment1-300x225.png\" class=\"attachment-medium size-medium\" alt=\"\" srcset=\"https:\/\/jmtpressurejet.com\/wp-content\/uploads\/2025\/08\/Water-Jet-Cutting-and-Blasting-Equipment1-300x225.png 300w, https:\/\/jmtpressurejet.com\/wp-content\/uploads\/2025\/08\/Water-Jet-Cutting-and-Blasting-Equipment1-16x12.png 16w, https:\/\/jmtpressurejet.com\/wp-content\/uploads\/2025\/08\/Water-Jet-Cutting-and-Blasting-Equipment1.png 640w, https:\/\/jmtpressurejet.com\/wp-content\/uploads\/2025\/08\/Water-Jet-Cutting-and-Blasting-Equipment1-620x464.png 620w, https:\/\/jmtpressurejet.com\/wp-content\/uploads\/2025\/08\/Water-Jet-Cutting-and-Blasting-Equipment1-400x299.png 400w\" sizes=\"auto, (max-width: 300px) 100vw, 300px\" \/><div class=\"carousel-slider__caption\"><p class=\"caption\">Equipos de corte por chorro de agua y granallado\n<\/p><\/div><\/a><\/div>\n\n<\/div><!-- .carousel-slider-345 -->\n<\/div><!-- .carousel-slider-outer-345 -->\n\n\n\n\n<p class=\"gb-text\"><\/p>\n<\/div>\n<\/div>\n<\/div>\n\n\n\n<div>\n<div class=\"gb-element-279faa38\">\n<div>\n<div class=\"gb-element-f30a2a07\">\n<div>\n<h2 class=\"gb-text gb-text-90c18544\">P\u00f3ngase en contacto con nosotros<\/h2>\n\n\n\n<div class=\"wp-block-contact-form-7-contact-form-selector\">\n<div class=\"wpcf7 no-js\" id=\"wpcf7-f7-o1\" lang=\"en-US\" dir=\"ltr\" data-wpcf7-id=\"7\">\n<div class=\"screen-reader-response\"><p role=\"status\" aria-live=\"polite\" aria-atomic=\"true\"><\/p> <ul><\/ul><\/div>\n<form action=\"\/es\/wp-json\/wp\/v2\/pages\/1367#wpcf7-f7-o1\" method=\"post\" class=\"wpcf7-form init\" aria-label=\"Formulario de contacto\" novalidate=\"novalidate\" data-status=\"init\" data-trp-original-action=\"\/es\/wp-json\/wp\/v2\/pages\/1367#wpcf7-f7-o1\">\n<fieldset class=\"hidden-fields-container\"><input type=\"hidden\" name=\"_wpcf7\" value=\"7\" \/><input type=\"hidden\" name=\"_wpcf7_version\" value=\"6.1.5\" \/><input type=\"hidden\" name=\"_wpcf7_locale\" value=\"en_US\" \/><input type=\"hidden\" name=\"_wpcf7_unit_tag\" value=\"wpcf7-f7-o1\" \/><input type=\"hidden\" name=\"_wpcf7_container_post\" value=\"0\" \/><input type=\"hidden\" name=\"_wpcf7_posted_data_hash\" value=\"\" \/>\n<\/fieldset>\n<p><label><span class=\"wpcf7-form-control-wrap\" data-name=\"your-name\"><input size=\"40\" maxlength=\"400\" class=\"wpcf7-form-control wpcf7-text wpcf7-validates-as-required\" aria-required=\"true\" aria-invalid=\"false\" placeholder=\"Nombre\" value=\"\" type=\"text\" name=\"your-name\" \/><\/span><\/label>\n<\/p>\n<p><label><span class=\"wpcf7-form-control-wrap\" data-name=\"your-email\"><input size=\"40\" maxlength=\"400\" class=\"wpcf7-form-control wpcf7-email wpcf7-validates-as-required wpcf7-text wpcf7-validates-as-email\" aria-required=\"true\" aria-invalid=\"false\" placeholder=\"Correo electr\u00f3nico\" value=\"\" type=\"email\" name=\"your-email\" \/><\/span><\/label>\n<\/p>\n<p><label><span class=\"wpcf7-form-control-wrap\" data-name=\"your-tel\"><input size=\"40\" maxlength=\"400\" class=\"wpcf7-form-control wpcf7-tel wpcf7-validates-as-required wpcf7-text wpcf7-validates-as-tel\" aria-required=\"true\" aria-invalid=\"false\" placeholder=\"Tel\u00e9fono\" value=\"\" type=\"tel\" name=\"your-tel\" \/><\/span><\/label>\n<\/p>\n<p><label><span class=\"wpcf7-form-control-wrap\" data-name=\"your-message\"><textarea cols=\"40\" rows=\"10\" maxlength=\"2000\" class=\"wpcf7-form-control wpcf7-textarea wpcf7-validates-as-required\" aria-required=\"true\" aria-invalid=\"false\" placeholder=\"Consejos r\u00e1pidos para un presupuesto r\u00e1pido y preciso*: 1. \u00bfQu\u00e9 equipo necesita comprar? 2. \u00bfCu\u00e1l es su aplicaci\u00f3n\/industria principal? 3. 3. \u00bfCu\u00e1l es su requisito de presi\u00f3n\/caudal?\" name=\"your-message\"><\/textarea><\/span> <\/label>\n<\/p>\n<p><input class=\"wpcf7-form-control wpcf7-submit has-spinner\" type=\"submit\" value=\"Enviar\" \/>\n<\/p><input type=\"hidden\" id=\"ct_checkjs_cf7_9b70e8fe62e40c570a322f1b0b659098\" name=\"ct_checkjs_cf7\" value=\"0\" \/><script >setTimeout(function(){var ct_input_name = \"ct_checkjs_cf7_9b70e8fe62e40c570a322f1b0b659098\";if (document.getElementById(ct_input_name) !== null) {var ct_input_value = document.getElementById(ct_input_name).value;document.getElementById(ct_input_name).value = document.getElementById(ct_input_name).value.replace(ct_input_value, '1499353dbb4dcd643962149a0691e276cd27b79cebd88e665d0884a7f539b423');}}, 1000);<\/script><input type='hidden' class='wpcf7-pum' value='{\"closepopup\":false,\"closedelay\":0,\"openpopup\":false,\"openpopup_id\":0}' \/><div class=\"wpcf7-response-output\" aria-hidden=\"true\"><\/div>\n<input type=\"hidden\" name=\"trp-form-language\" value=\"es\"\/><\/form>\n<\/div>\n<\/div>\n<\/div>\n<\/div>\n<\/div>\n<\/div>\n<\/div>\n\n\n\n<p><\/p>","protected":false},"excerpt":{"rendered":"<p>M\u00e1s detalles JMT 1600bar equipo de alta presi\u00f3n de agua para se\u00f1alizaci\u00f3n vial Modelo JMT-6 Presi\u00f3n de salida 1600bar\/7250psi Caudal de agua 32L\/min Di\u00e1metro del \u00e9mbolo 20mm N\u00famero de \u00e9mbolos 3 Velocidad de la bomba 405r\/min Velocidad de entrada 1480r\/min Carrera del \u00e9mbolo 95mm Potencia del motor 132KW M\u00e9todo de lubricaci\u00f3n Lubricaci\u00f3n forzada M\u00e1s detalles JMT serie 2000bar equipo de alta presi\u00f3n de agua para se\u00f1alizaci\u00f3n vial Modelo JMT-6 Presi\u00f3n de salida ... <a title=\"Equipos de marcaci\u00f3n vial por agua a alta presi\u00f3n\" class=\"read-more\" href=\"https:\/\/jmtpressurejet.com\/es\/high-pressure-water-road-marking-equipment\/\" aria-label=\"Leer m\u00e1s sobre Equipos de marcaci\u00f3n vial por agua a alta presi\u00f3n\">Seguir leyendo<\/a><\/p>","protected":false},"author":1,"featured_media":0,"parent":0,"menu_order":0,"comment_status":"closed","ping_status":"closed","template":"","meta":{"footnotes":""},"class_list":["post-1367","page","type-page","status-publish"],"_links":{"self":[{"href":"https:\/\/jmtpressurejet.com\/es\/wp-json\/wp\/v2\/pages\/1367","targetHints":{"allow":["GET"]}}],"collection":[{"href":"https:\/\/jmtpressurejet.com\/es\/wp-json\/wp\/v2\/pages"}],"about":[{"href":"https:\/\/jmtpressurejet.com\/es\/wp-json\/wp\/v2\/types\/page"}],"author":[{"embeddable":true,"href":"https:\/\/jmtpressurejet.com\/es\/wp-json\/wp\/v2\/users\/1"}],"replies":[{"embeddable":true,"href":"https:\/\/jmtpressurejet.com\/es\/wp-json\/wp\/v2\/comments?post=1367"}],"version-history":[{"count":2,"href":"https:\/\/jmtpressurejet.com\/es\/wp-json\/wp\/v2\/pages\/1367\/revisions"}],"predecessor-version":[{"id":1488,"href":"https:\/\/jmtpressurejet.com\/es\/wp-json\/wp\/v2\/pages\/1367\/revisions\/1488"}],"wp:attachment":[{"href":"https:\/\/jmtpressurejet.com\/es\/wp-json\/wp\/v2\/media?parent=1367"}],"curies":[{"name":"wp","href":"https:\/\/api.w.org\/{rel}","templated":true}]}}