{"id":100,"date":"2025-07-17T06:37:28","date_gmt":"2025-07-17T06:37:28","guid":{"rendered":"https:\/\/jmtpressurejet.com\/?page_id=100"},"modified":"2026-03-17T14:09:45","modified_gmt":"2026-03-17T06:09:45","slug":"about-us-jiematt","status":"publish","type":"page","link":"https:\/\/jmtpressurejet.com\/es\/about-us-jiematt\/","title":{"rendered":"Qui\u00e9nes somos"},"content":{"rendered":"<div>\n<div class=\"gb-element-fb89ab42\">\n<div>\n<h2 class=\"gb-text gb-text-1dbec1bd\">Qu\u00e9 hacemos<\/h2>\n\n\n\n<p class=\"gb-text gb-text-d9f1e5e1\">Ofrecemos soluciones profesionales e integrales para las necesidades de equipos de chorro de agua a alta presi\u00f3n.<\/p>\n\n\n\n<div class=\"gb-element-4ebc25c8\">\n<div>\n<h5 class=\"gb-text-c0f833fb\"><span class=\"gb-shape\"><svg aria-hidden=\"true\" role=\"img\" height=\"1em\" width=\"1em\" viewbox=\"0 0 512 512\" xmlns=\"http:\/\/www.w3.org\/2000\/svg\"><path fill=\"currentColor\" d=\"M256 8C119.033 8 8 119.033 8 256s111.033 248 248 248 248-111.033 248-248S392.967 8 256 8zm80 248c0 44.112-35.888 80-80 80s-80-35.888-80-80 35.888-80 80-80 80 35.888 80 80z\"><\/path><\/svg><\/span><span class=\"gb-text\"><strong>Apoyo a la creaci\u00f3n de empresas<\/strong><\/span><\/h5>\n\n\n\n<p class=\"gb-text\">Ofrecemos un servicio completo para ayudarle a poner en marcha su nuevo negocio centrado en equipos de limpieza a alta presi\u00f3n. Nuestro equipo no solo le ayuda con la selecci\u00f3n de equipos, ya sean hidrolimpiadoras de alta presi\u00f3n, m\u00e1quinas de chorreado o bombas de pruebas de presi\u00f3n, sino que tambi\u00e9n le orienta en la optimizaci\u00f3n de la distribuci\u00f3n del espacio de producci\u00f3n y el an\u00e1lisis de viabilidad, para garantizar que aprovecha al m\u00e1ximo los recursos.<\/p>\n<\/div>\n\n\n\n<div>\n<h5 class=\"gb-text-6bdfcf83\"><span class=\"gb-shape\"><svg aria-hidden=\"true\" role=\"img\" height=\"1em\" width=\"1em\" viewbox=\"0 0 512 512\" xmlns=\"http:\/\/www.w3.org\/2000\/svg\"><path fill=\"currentColor\" d=\"M256 8C119.033 8 8 119.033 8 256s111.033 248 248 248 248-111.033 248-248S392.967 8 256 8zm80 248c0 44.112-35.888 80-80 80s-80-35.888-80-80 35.888-80 80-80 80 35.888 80 80z\"><\/path><\/svg><\/span><span class=\"gb-text\"><strong>Productos<\/strong><\/span><\/h5>\n\n\n\n<p class=\"gb-text\">Disponemos de una amplia gama: hidrolimpiadoras de alta presi\u00f3n, chorreadoras, bombas de prueba de presi\u00f3n, hidrolimpiadoras de ultra alta presi\u00f3n importadas de Alemania, adem\u00e1s de mangueras, pistolas y boquillas giratorias. Muchos est\u00e1n en stock para entrega r\u00e1pida. Tambi\u00e9n suministramos o personalizamos soluciones que se adaptan a sus necesidades, con estrictos controles de calidad para cumplir las normas m\u00e1s exigentes. \u00bfNo encuentra lo que necesita? P\u00f3ngase en contacto con nosotros: nuestro equipo de ventas se encargar\u00e1 de localizarlo a trav\u00e9s de nuestra amplia red.<\/p>\n<\/div>\n\n\n\n<div>\n<h5 class=\"gb-text-ae700307\"><span class=\"gb-shape\"><svg aria-hidden=\"true\" role=\"img\" height=\"1em\" width=\"1em\" viewbox=\"0 0 512 512\" xmlns=\"http:\/\/www.w3.org\/2000\/svg\"><path fill=\"currentColor\" d=\"M256 8C119.033 8 8 119.033 8 256s111.033 248 248 248 248-111.033 248-248S392.967 8 256 8zm80 248c0 44.112-35.888 80-80 80s-80-35.888-80-80 35.888-80 80-80 80 35.888 80 80z\"><\/path><\/svg><\/span><span class=\"gb-text\"><strong>Cooperaci\u00f3n tecnol\u00f3gica y en I+D<\/strong><\/span><\/h5>\n\n\n\n<p class=\"gb-text\">Nos dedicamos a la I+D de tecnolog\u00eda de chorro de agua a alta presi\u00f3n. En colaboraci\u00f3n con el l\u00edder del sector, KAMAT, y los principales institutos de investigaci\u00f3n nacionales, seguimos perfeccionando el rendimiento de nuestros productos. As\u00ed es como nuestros equipos han ganado una fuerte tracci\u00f3n en toda China y se est\u00e1n equiparando a los est\u00e1ndares internacionales de fabricaci\u00f3n de bombas.<\/p>\n<\/div>\n\n\n\n<div>\n<h5 class=\"gb-text-bd17e91e\"><span class=\"gb-shape\"><svg aria-hidden=\"true\" role=\"img\" height=\"1em\" width=\"1em\" viewbox=\"0 0 512 512\" xmlns=\"http:\/\/www.w3.org\/2000\/svg\"><path fill=\"currentColor\" d=\"M256 8C119.033 8 8 119.033 8 256s111.033 248 248 248 248-111.033 248-248S392.967 8 256 8zm80 248c0 44.112-35.888 80-80 80s-80-35.888-80-80 35.888-80 80-80 80 35.888 80 80z\"><\/path><\/svg><\/span><span class=\"gb-text\"><strong>Soluciones orientadas a las aplicaciones<\/strong><\/span><\/h5>\n\n\n\n<p class=\"gb-text\">Nuestros equipos funcionan en todos los sectores: petrol\u00edfero, qu\u00edmico, sider\u00fargico, naval, hidroel\u00e9ctrico, azucarero, del carb\u00f3n, minero, de la construcci\u00f3n, fabricaci\u00f3n de autom\u00f3viles, saneamiento municipal, pruebas de presi\u00f3n de tuber\u00edas, etc. A\u00f1adimos asistencia espec\u00edfica -instalaci\u00f3n, formaci\u00f3n, mantenimiento- para asegurarnos de que se adapta sin problemas a su flujo de trabajo, aumentando la eficacia de todos sus trabajos de limpieza por chorro de agua a alta presi\u00f3n.<\/p>\n<\/div>\n<\/div>\n<\/div>\n<\/div>\n<\/div>\n\n\n\n<div>\n<div class=\"gb-element-c8e78ec5\">\n<div>\n<h2 class=\"gb-text gb-text-a2307b04\">About Jiemate<\/h2>\n\n\n\n<div class=\"gb-element-558e7202\">\n<div>\n<div class=\"gb-element-6e1be8af\">\n<div class=\"gb-element-ad740e71\">\n<h2 class=\"gb-text gb-text-b7df7928\">10+<\/h2>\n\n\n\n<p class=\"gb-text gb-text-3ac936e7\">Ingenieros<\/p>\n<\/div>\n\n\n\n<div class=\"gb-element-cffb7e95\">\n<h2 class=\"gb-text gb-text-537593f2\">100k+<\/h2>\n\n\n\n<p class=\"gb-text gb-text-8e92c774\">Productos<\/p>\n<\/div>\n\n\n\n<div class=\"gb-element-b4a665eb\">\n<h2 class=\"gb-text gb-text-fa589a89\">100k+<\/h2>\n\n\n\n<p class=\"gb-text gb-text-01be09b3\">Clientes<\/p>\n<\/div>\n<\/div>\n\n\n\n<img loading=\"lazy\" decoding=\"async\" width=\"720\" height=\"480\" class=\"gb-media-7752a30e\" alt=\"\" src=\"https:\/\/jmtpressurejet.com\/wp-content\/uploads\/2025\/07\/about-jmt.jpg\" title=\"sobre jmt\" srcset=\"https:\/\/jmtpressurejet.com\/wp-content\/uploads\/2025\/07\/about-jmt.jpg 720w, https:\/\/jmtpressurejet.com\/wp-content\/uploads\/2025\/07\/about-jmt-300x200.jpg 300w\" sizes=\"auto, (max-width: 720px) 100vw, 720px\" \/>\n<\/div>\n\n\n\n<div class=\"gb-element-121e6393\">\n<h4 class=\"gb-text gb-text-c2e31b28\">La mejor calidad de fabricaci\u00f3n de equipos de chorro de agua a presi\u00f3n<\/h4>\n\n\n\n<p class=\"gb-text\">Fundada en 2012, contamos con un equipo independiente de I+D. Como empresa de alta tecnolog\u00eda que integra I+D, producci\u00f3n y ventas, ofrecemos equipos integrados como m\u00e1quinas de limpieza autom\u00e1ticas, robots de limpieza inteligentes, sistemas de limpieza de ultra alta presi\u00f3n, m\u00e1quinas de limpieza de tuber\u00edas, m\u00e1quinas de limpieza de eliminaci\u00f3n de \u00f3xido, m\u00e1quinas de desbastado y robots de trituraci\u00f3n. Tambi\u00e9n ofrecemos el correspondiente soporte t\u00e9cnico y servicios para m\u00faltiples campos.<\/p>\n\n\n\n<p class=\"gb-text\">Estamos orgullosos de nuestro servicio de atenci\u00f3n al cliente y de nuestra alta velocidad de respuesta. Gracias a nuestros propios ingenieros formados en f\u00e1brica, podemos mantener y reparar todo tipo de hidrolimpiadoras de alta presi\u00f3n industriales y comerciales.<\/p>\n\n\n\n<div class=\"gb-element-fe33561a\">\n<a class=\"gb-text gb-text-d9cc8672\" href=\"#popmake-28\">P\u00f3ngase en contacto ahora<\/a>\n<\/div>\n<\/div>\n<\/div>\n<\/div>\n<\/div>\n<\/div>\n\n\n\n<div class=\"gb-element-b8882a05\">\n<div class=\"gb-element-a4354878\">\n<div>\n<h2 class=\"gb-text gb-text-6a7387a0\">Por qu\u00e9 elegirnos<\/h2>\n\n\n\n<p class=\"gb-text gb-text-9c2f794e\">He aqu\u00ed las seis principales ventajas de elegirnos.<\/p>\n\n\n\n<div class=\"gb-tabs gb-tabs-af8e864e\" data-opened-tab=\"1\">\n<div class=\"gb-tabs__menu gb-tabs__menu-8b53b28c\" role=\"tablist\">\n<div tabindex=\"0\" class=\"gb-tabs__menu-item gb-tabs__menu-item-3f39fe8f gb-block-is-current\" role=\"tab\" id=\"gb-tab-menu-item-3f39fe8f\">\n<span class=\"gb-text\"><strong>Tecnolog\u00eda<\/strong><\/span>\n<\/div>\n\n\n\n<div tabindex=\"0\" class=\"gb-tabs__menu-item gb-tabs__menu-item-7432cb20\" role=\"tab\" id=\"gb-tab-menu-item-7432cb20\">\n<span class=\"gb-text\"><strong>Calidad<\/strong><\/span>\n<\/div>\n\n\n\n<div tabindex=\"0\" class=\"gb-tabs__menu-item gb-tabs__menu-item-2b694fb2\" role=\"tab\" id=\"gb-tab-menu-item-2b694fb2\">\n<span class=\"gb-text\"><strong>Seguridad<\/strong><\/span>\n<\/div>\n\n\n\n<div tabindex=\"0\" class=\"gb-tabs__menu-item gb-tabs__menu-item-e5c8436b\" role=\"tab\" id=\"gb-tab-menu-item-e5c8436b\">\n<span class=\"gb-text\"><strong>Servicio<\/strong><\/span>\n<\/div>\n\n\n\n<div tabindex=\"0\" class=\"gb-tabs__menu-item gb-tabs__menu-item-ecef6339\" role=\"tab\" id=\"gb-tab-menu-item-ecef6339\">\n<span class=\"gb-text\"><strong>Personalizaci\u00f3n<\/strong><\/span>\n<\/div>\n\n\n\n<div tabindex=\"0\" class=\"gb-tabs__menu-item gb-tabs__menu-item-e69c7716\" role=\"tab\" id=\"gb-tab-menu-item-e69c7716\">\n<span class=\"gb-text\"><strong>Log\u00edstica<\/strong><\/span>\n<\/div>\n<\/div>\n\n\n\n<div class=\"gb-tabs__items gb-tabs__items-925f011e\" role=\"tabpanel\">\n<div class=\"gb-tabs__item gb-tabs__item-7a7b2585 gb-tabs__item-open\" id=\"gb-tab-item-7a7b2585\">\n<blockquote class=\"wp-block-quote has-contrast-color has-text-color has-link-color wp-elements-68f823a90d30645614809b889f07cd96 is-layout-flow wp-block-quote-is-layout-flow\">\n<p class=\"gb-text\">Colaboraci\u00f3n con KAMAT, l\u00edder mundial en la industria de m\u00e1quinas de limpieza,<\/p>\n\n\n\n<p class=\"gb-text\">El l\u00edmite superior de presi\u00f3n es de 3500 bares, que es actualmente el l\u00edmite superior de presi\u00f3n en el campo del chorro de agua a alta presi\u00f3n en el mundo.<\/p>\n<\/blockquote>\n\n\n\n<div class=\"gb-element-e325bed7\"><\/div>\n<\/div>\n\n\n\n<div class=\"gb-tabs__item gb-tabs__item-07076b7e\" id=\"gb-tab-item-07076b7e\">\n<blockquote class=\"wp-block-quote is-layout-flow wp-block-quote-is-layout-flow\">\n<p class=\"gb-text\">Probado durante 24 horas de funcionamiento continuo a presi\u00f3n nominal, con cero fugas (agua\/aceite) y temperatura estable.<\/p>\n\n\n\n<p class=\"gb-text\">Nuestros procesos de fabricaci\u00f3n e inspecci\u00f3n se ajustan a los est\u00e1ndares mundiales de la industria de equipos de limpieza a alta presi\u00f3n.<\/p>\n<\/blockquote>\n\n\n\n<div class=\"gb-element-d92b7f7a\"><\/div>\n<\/div>\n\n\n\n<div class=\"gb-tabs__item gb-tabs__item-e0963759\" id=\"gb-tab-item-e0963759\">\n<blockquote class=\"wp-block-quote is-layout-flow wp-block-quote-is-layout-flow\">\n<p class=\"gb-text\">La v\u00e1lvula reguladora de presi\u00f3n se abre y se cierra de forma sensible y fiable. La presi\u00f3n de rotura de la manguera de alta presi\u00f3n es de 2,5-3,5 veces la presi\u00f3n nominal. <\/p>\n\n\n\n<p class=\"gb-text\">La manguera de alta presi\u00f3n superior a 700 bares est\u00e1 equipada con hebillas, lo que mejora a\u00fan m\u00e1s el coeficiente del producto.<\/p>\n<\/blockquote>\n\n\n\n<div class=\"gb-element-79d61505\"><\/div>\n<\/div>\n\n\n\n<div class=\"gb-tabs__item gb-tabs__item-ec20eec4\" id=\"gb-tab-item-ec20eec4\">\n<blockquote class=\"wp-block-quote is-layout-flow wp-block-quote-is-layout-flow\">\n<p class=\"gb-text\">Mantenemos registros detallados de los clientes para un seguimiento personalizado del servicio.<\/p>\n\n\n\n<p class=\"gb-text\">Revisiones t\u00e9cnicas peri\u00f3dicas para proporcionar orientaci\u00f3n proactiva y prevenir problemas.<\/p>\n\n\n\n<p class=\"gb-text\">Para solicitudes de servicio: Respuesta en 12 horas, llegada in situ en 24 horas, resoluci\u00f3n garantizada en 48 horas.<\/p>\n<\/blockquote>\n\n\n\n<div class=\"gb-element-cd703c2f\"><\/div>\n<\/div>\n\n\n\n<div class=\"gb-tabs__item gb-tabs__item-609ff13f\" id=\"gb-tab-item-609ff13f\">\n<blockquote class=\"wp-block-quote is-layout-flow wp-block-quote-is-layout-flow\">\n<p class=\"gb-text\">Soluciones personalizadas para diversos sectores: petroqu\u00edmico, municipal, etc. Resuelva problemas de limpieza \u00fanicos con m\u00e1quinas personalizadas.<\/p>\n<\/blockquote>\n\n\n\n<div class=\"gb-element-785367f0\"><\/div>\n<\/div>\n\n\n\n<div class=\"gb-tabs__item gb-tabs__item-7831104e\" id=\"gb-tab-item-7831104e\">\n<blockquote class=\"wp-block-quote is-layout-flow wp-block-quote-is-layout-flow\">\n<p class=\"gb-text\">Soluciones log\u00edsticas a medida para entregas transfronterizas\/regionales, con embalaje profesional para proteger los equipos durante el tr\u00e1nsito.<\/p>\n\n\n\n<p class=\"gb-text\">Asociaci\u00f3n con proveedores de transporte internacional de confianza para realizar env\u00edos puntuales y seguimiento en tiempo real.<\/p>\n\n\n\n<p class=\"gb-text\">Apoyo documental claro (despacho de aduanas, facturas) para agilizar los procesos de importaci\u00f3n.<\/p>\n<\/blockquote>\n\n\n\n<div class=\"gb-element-69a11fc4\"><\/div>\n<\/div>\n<\/div>\n<\/div>\n<\/div>\n<\/div>\n<\/div>\n\n\n\n<div>\n<div class=\"gb-element-ff91a864\">\n<h2 class=\"gb-text gb-text-8924c1c0\">Nuestro servicio posventa<\/h2>\n\n\n\n<p class=\"gb-text\">Ofrecemos una garant\u00eda de 1 a\u00f1o. Dentro del periodo de garant\u00eda, las reparaciones in situ y la formaci\u00f3n se proporcionan de forma gratuita (excluidas las piezas consumibles). Las reparaciones que requieran piezas de repuesto debido a un uso inadecuado o a problemas ajenos a la calidad del producto no est\u00e1n cubiertas por el servicio gratuito.<\/p>\n\n\n\n<p class=\"gb-text\">Cuando recibimos una solicitud de reparaci\u00f3n, acudimos r\u00e1pidamente al lugar y resolvemos el problema, teniendo en cuenta las necesidades del cliente y su satisfacci\u00f3n como norma.<\/p>\n\n\n\n<p class=\"gb-text\">Respondemos r\u00e1pidamente a los comentarios relacionados con la calidad, proporcionamos asistencia oportuna y respuestas claras, garantizando la plena satisfacci\u00f3n con la calidad del producto.<\/p>\n\n\n\n<p class=\"gb-text\">Los clientes pueden consultar cuestiones t\u00e9cnicas a trav\u00e9s de nuestra l\u00ednea de atenci\u00f3n posventa y recibir soluciones claras.<\/p>\n\n\n\n<p class=\"gb-text\">Una vez que el equipo llegue a sus instalaciones, realizaremos el servicio t\u00e9cnico in situ a la hora programada, lo que incluye orientaci\u00f3n gratuita sobre la instalaci\u00f3n, depuraci\u00f3n, consulta t\u00e9cnica y formaci\u00f3n para sus operadores y personal de mantenimiento.<\/p>\n\n\n\n<p class=\"gb-text\">En caso de fallos de funcionamiento durante el uso normal, garantizamos los servicios de garant\u00eda mencionados. Adem\u00e1s, cumplimos todas las leyes y normativas nacionales aplicables en relaci\u00f3n con dichos servicios.<\/p>\n\n\n\n<p class=\"gb-text\">Durante el periodo de garant\u00eda, los servicios de reparaci\u00f3n de pago se aplican en los siguientes casos:<\/p>\n\n\n\n<ul class=\"wp-block-list\">\n<li>Da\u00f1os causados por factores humanos o fen\u00f3menos naturales inevitables;<\/li>\n\n\n\n<li>Aver\u00edas o da\u00f1os debidos a un funcionamiento incorrecto;<\/li>\n\n\n\n<li>Aver\u00edas o da\u00f1os resultantes de la modificaci\u00f3n, desmontaje o montaje del producto.<\/li>\n<\/ul>\n<\/div>\n<\/div>\n\n\n\n<div>\n<div class=\"gb-element-1eddaf25\">\n<div>\n<h2 class=\"gb-text gb-text-578d436f\">Preguntas frecuentes<\/h2>\n\n\n\n<h3 class=\"gb-text\">P: \u00bfSon ustedes fabricantes o comerciantes? <\/h3>\n\n\n\n<p>R: Somos fabricantes. <\/p>\n\n\n\n<h3 class=\"gb-text\">P: \u00bfCu\u00e1les son sus condiciones de pago? <\/h3>\n\n\n\n<p>R: T\/T y garant\u00eda comercial. <\/p>\n\n\n\n<h3 class=\"gb-text\">P: \u00bfCu\u00e1l es su plazo de entrega? <\/h3>\n\n\n\n<p>R: Generalmente, para las m\u00e1quinas peque\u00f1as (50bar ~ 500bar), la entrega se organiza en unos 3 ~ 5 d\u00edas. Para m\u00e1quinas grandes (500bar ~ 1500bar), se tarda unos 7 ~ 15 d\u00edas. Para m\u00e1quinas de 1500 ~ 3500bar, la entrega se programa en aproximadamente 25 ~ 30 d\u00edas. <\/p>\n\n\n\n<h3 class=\"gb-text\">P: \u00bfDesde qu\u00e9 puerto env\u00edan la mercanc\u00eda? <\/h3>\n\n\n\n<p class=\"gb-text\">R: Qingdao, Ningbo, Shanghai o Guangzhou, lo que le resulte m\u00e1s c\u00f3modo. <\/p>\n\n\n\n<h3 class=\"gb-text\">P: \u00bfPuedo inspeccionar la mercanc\u00eda? <\/h3>\n\n\n\n<p>R: Para garantizar los intereses de ambas partes, apoyamos las inspecciones de la mercanc\u00eda en nuestra f\u00e1brica por parte del comprador o de un tercero encargado por el comprador antes del env\u00edo. Tambi\u00e9n realizaremos autoinspecciones y enviaremos fotos y v\u00eddeos al comprador antes de la entrega.<\/p>\n<\/div>\n<\/div>\n<\/div>\n\n\n\n<div class=\"gb-element-d57f7af7\">\n<div class=\"gb-element-e3c5e197\">\n<div>\n<div class=\"gb-element-6cf8c510\">\n<div>\n<div class=\"gb-element-16dfb1ee\">\n<div class=\"gb-element-61dd9da6\">\n<img loading=\"lazy\" decoding=\"async\" width=\"150\" height=\"150\" class=\"gb-media-ee9d3198\" alt=\"\" src=\"https:\/\/jmtpressurejet.com\/wp-content\/uploads\/2025\/07\/cropped-cropped-logo_jiematt-scaled-1-150x150.png\" title=\"logo_jiematt\" srcset=\"https:\/\/jmtpressurejet.com\/wp-content\/uploads\/2025\/07\/cropped-cropped-logo_jiematt-scaled-1-150x150.png 150w, https:\/\/jmtpressurejet.com\/wp-content\/uploads\/2025\/07\/cropped-cropped-logo_jiematt-scaled-1-300x300.png 300w, https:\/\/jmtpressurejet.com\/wp-content\/uploads\/2025\/07\/cropped-cropped-logo_jiematt-scaled-1.png 511w\" sizes=\"auto, (max-width: 150px) 100vw, 150px\" \/>\n<\/div>\n\n\n\n<div class=\"gb-element-8ad99956\">\n<h2 class=\"gb-text gb-text-6d015b7a\"><em>Jiemate<\/em><\/h2>\n<\/div>\n<\/div>\n\n\n\n<h5 class=\"gb-text gb-text-1182708a\">Limpiador industrial de chorro \/ bomba de alta presi\u00f3n<\/h5>\n\n\n\n<p>\u00bfTiene preguntas sobre los equipos de limpieza de alta presi\u00f3n? Los m\u00e1s de 10 ingenieros de Jiemate le ofrecen soluciones las 24 horas del d\u00eda, los 7 d\u00edas de la semana.<\/p>\n\n\n\n<div class=\"gb-element-af4b4882\">\n<a class=\"gb-text gb-text-9157c616\" href=\"#popmake-28\">P\u00f3ngase en contacto ahora<\/a>\n<\/div>\n<\/div>\n\n\n\n<div>\n<img loading=\"lazy\" decoding=\"async\" width=\"1200\" height=\"600\" class=\"gb-media-252aaf84\" alt=\"\" src=\"https:\/\/jmtpressurejet.com\/wp-content\/uploads\/2025\/07\/cleaning-equipment.png\" title=\"equipos de limpieza\" srcset=\"https:\/\/jmtpressurejet.com\/wp-content\/uploads\/2025\/07\/cleaning-equipment.png 1200w, https:\/\/jmtpressurejet.com\/wp-content\/uploads\/2025\/07\/cleaning-equipment-300x150.png 300w, https:\/\/jmtpressurejet.com\/wp-content\/uploads\/2025\/07\/cleaning-equipment-1024x512.png 1024w, https:\/\/jmtpressurejet.com\/wp-content\/uploads\/2025\/07\/cleaning-equipment-768x384.png 768w\" sizes=\"auto, (max-width: 1200px) 100vw, 1200px\" \/>\n<\/div>\n<\/div>\n<\/div>\n<\/div>\n<\/div>\n\n\n\n<div>\n<div class=\"gb-element-b0a8c443\">\n<div>\n<h2 class=\"gb-text gb-text-3e5a6473\">Casos recientes<\/h2>\n\n\n\n<div class=\"gb-element-47fc66a8\">\n<div>\n<img loading=\"lazy\" decoding=\"async\" width=\"640\" height=\"480\" class=\"gb-media-3609242f\" alt=\"\" src=\"https:\/\/jmtpressurejet.com\/wp-content\/uploads\/2025\/07\/high-pressure-cleaners-for-community-road-cleaning.jpg\" title=\"limpiadoras de alta presi\u00f3n para la limpieza viaria comunitaria\" srcset=\"https:\/\/jmtpressurejet.com\/wp-content\/uploads\/2025\/07\/high-pressure-cleaners-for-community-road-cleaning.jpg 640w, https:\/\/jmtpressurejet.com\/wp-content\/uploads\/2025\/07\/high-pressure-cleaners-for-community-road-cleaning-300x225.jpg 300w\" sizes=\"auto, (max-width: 640px) 100vw, 640px\" \/>\n\n\n\n<p class=\"gb-text gb-text-5b3735d4\"><strong><strong>Limpieza de aceras comunitarias<\/strong><\/strong><\/p>\n<\/div>\n\n\n\n<div>\n<img loading=\"lazy\" decoding=\"async\" width=\"640\" height=\"480\" class=\"gb-media-8a59b879\" alt=\"\" src=\"http:\/\/jmtpressurejet.com\/wp-content\/uploads\/2025\/07\/high-pressure-cleaners-for-oil-stain-removal-1.jpg\" title=\"limpiadores de alta presi\u00f3n para la eliminaci\u00f3n de manchas de aceite\" srcset=\"https:\/\/jmtpressurejet.com\/wp-content\/uploads\/2025\/07\/high-pressure-cleaners-for-oil-stain-removal-1.jpg 640w, https:\/\/jmtpressurejet.com\/wp-content\/uploads\/2025\/07\/high-pressure-cleaners-for-oil-stain-removal-1-300x225.jpg 300w\" sizes=\"auto, (max-width: 640px) 100vw, 640px\" \/>\n\n\n\n<p class=\"gb-text gb-text-c34c8766\"><strong>Eliminaci\u00f3n de manchas de aceite<\/strong><\/p>\n<\/div>\n\n\n\n<div>\n<img loading=\"lazy\" decoding=\"async\" width=\"640\" height=\"480\" class=\"gb-media-4dd8e6ae\" alt=\"\" src=\"http:\/\/jmtpressurejet.com\/wp-content\/uploads\/2025\/07\/high-pressure-cleaners-for-pipeline-dredging.jpg\" title=\"limpiadores de alta presi\u00f3n para dragado de tuber\u00edas\" srcset=\"https:\/\/jmtpressurejet.com\/wp-content\/uploads\/2025\/07\/high-pressure-cleaners-for-pipeline-dredging.jpg 640w, https:\/\/jmtpressurejet.com\/wp-content\/uploads\/2025\/07\/high-pressure-cleaners-for-pipeline-dredging-300x225.jpg 300w\" sizes=\"auto, (max-width: 640px) 100vw, 640px\" \/>\n\n\n\n<p class=\"gb-text gb-text-4d0919bb\"><strong>Dragado de oleoductos<\/strong><\/p>\n<\/div>\n\n\n\n<div>\n<img loading=\"lazy\" decoding=\"async\" width=\"640\" height=\"480\" class=\"gb-media-ff52bae9\" alt=\"\" src=\"http:\/\/jmtpressurejet.com\/wp-content\/uploads\/2025\/07\/high-pressure-cleaners-for-property-cleaning-in-residential-communities.jpg\" title=\"hidrolimpiadoras de alta presi\u00f3n para la limpieza de inmuebles en comunidades residenciales\" srcset=\"https:\/\/jmtpressurejet.com\/wp-content\/uploads\/2025\/07\/high-pressure-cleaners-for-property-cleaning-in-residential-communities.jpg 640w, https:\/\/jmtpressurejet.com\/wp-content\/uploads\/2025\/07\/high-pressure-cleaners-for-property-cleaning-in-residential-communities-300x225.jpg 300w\" sizes=\"auto, (max-width: 640px) 100vw, 640px\" \/>\n\n\n\n<p class=\"gb-text gb-text-230906fe\"><strong>Limpieza de zonas comerciales<\/strong><\/p>\n<\/div>\n\n\n\n<div>\n<img loading=\"lazy\" decoding=\"async\" width=\"640\" height=\"480\" class=\"gb-media-fd7ec3bd\" alt=\"\" src=\"http:\/\/jmtpressurejet.com\/wp-content\/uploads\/2025\/07\/high-pressure-cleaners-for-removing-small-ads.jpg\" title=\"limpiadores de alta presi\u00f3n para eliminar peque\u00f1os anuncios\" srcset=\"https:\/\/jmtpressurejet.com\/wp-content\/uploads\/2025\/07\/high-pressure-cleaners-for-removing-small-ads.jpg 640w, https:\/\/jmtpressurejet.com\/wp-content\/uploads\/2025\/07\/high-pressure-cleaners-for-removing-small-ads-300x225.jpg 300w\" sizes=\"auto, (max-width: 640px) 100vw, 640px\" \/>\n\n\n\n<p class=\"gb-text gb-text-b9f75058\"><strong>Eliminaci\u00f3n de residuos volantes<\/strong><\/p>\n<\/div>\n\n\n\n<div>\n<img loading=\"lazy\" decoding=\"async\" width=\"640\" height=\"480\" class=\"gb-media-49e73ee4\" alt=\"\" src=\"http:\/\/jmtpressurejet.com\/wp-content\/uploads\/2025\/07\/high-pressure-cleaners-for-rust-removal.jpg\" title=\"limpiadores de alta presi\u00f3n para eliminar el \u00f3xido\" srcset=\"https:\/\/jmtpressurejet.com\/wp-content\/uploads\/2025\/07\/high-pressure-cleaners-for-rust-removal.jpg 640w, https:\/\/jmtpressurejet.com\/wp-content\/uploads\/2025\/07\/high-pressure-cleaners-for-rust-removal-300x225.jpg 300w\" sizes=\"auto, (max-width: 640px) 100vw, 640px\" \/>\n\n\n\n<p class=\"gb-text gb-text-c3ad84c8\"><strong>Eliminaci\u00f3n de \u00f3xido<\/strong><\/p>\n<\/div>\n\n\n\n<div>\n<img loading=\"lazy\" decoding=\"async\" width=\"640\" height=\"480\" class=\"gb-media-73dcbc34\" alt=\"\" src=\"http:\/\/jmtpressurejet.com\/wp-content\/uploads\/2025\/07\/high-pressure-cleaners-in-livestock-farms.jpg\" title=\"limpiadores de alta presi\u00f3n en las explotaciones ganaderas\" srcset=\"https:\/\/jmtpressurejet.com\/wp-content\/uploads\/2025\/07\/high-pressure-cleaners-in-livestock-farms.jpg 640w, https:\/\/jmtpressurejet.com\/wp-content\/uploads\/2025\/07\/high-pressure-cleaners-in-livestock-farms-300x225.jpg 300w\" sizes=\"auto, (max-width: 640px) 100vw, 640px\" \/>\n\n\n\n<p class=\"gb-text gb-text-028cf036\"><strong>Limpieza de explotaciones ganaderas<\/strong><\/p>\n<\/div>\n\n\n\n<div>\n<img loading=\"lazy\" decoding=\"async\" width=\"640\" height=\"480\" class=\"gb-media-495a61a4\" alt=\"\" src=\"http:\/\/jmtpressurejet.com\/wp-content\/uploads\/2025\/07\/special-concrete-roughening-machines-for-building-walls.jpg\" title=\"desbastadoras especiales de hormig\u00f3n para muros de construcci\u00f3n\" srcset=\"https:\/\/jmtpressurejet.com\/wp-content\/uploads\/2025\/07\/special-concrete-roughening-machines-for-building-walls.jpg 640w, https:\/\/jmtpressurejet.com\/wp-content\/uploads\/2025\/07\/special-concrete-roughening-machines-for-building-walls-300x225.jpg 300w\" sizes=\"auto, (max-width: 640px) 100vw, 640px\" \/>\n\n\n\n<p class=\"gb-text gb-text-99480509\"><strong>Desbaste del hormig\u00f3n<\/strong><\/p>\n<\/div>\n<\/div>\n<\/div>\n<\/div>\n<\/div>\n\n\n\n<p><\/p>","protected":false},"excerpt":{"rendered":"<p>Qu\u00e9 hacemos Proporcionamos soluciones profesionales e integrales para las necesidades de equipos de chorro de agua a alta presi\u00f3n. Apoyo a la puesta en marcha de nuevos negocios Ofrecemos un servicio completo para ayudarle a poner en marcha su nuevo negocio centrado en equipos de limpieza de alta presi\u00f3n. Nuestro equipo no s\u00f3lo le ayuda a seleccionar el equipo, ya sea de alta presi\u00f3n o de ... <a title=\"Qui\u00e9nes somos\" class=\"read-more\" href=\"https:\/\/jmtpressurejet.com\/es\/about-us-jiematt\/\" aria-label=\"Leer m\u00e1s sobre Qui\u00e9nes somos\">Seguir leyendo<\/a><\/p>","protected":false},"author":1,"featured_media":0,"parent":0,"menu_order":0,"comment_status":"closed","ping_status":"closed","template":"","meta":{"footnotes":""},"class_list":["post-100","page","type-page","status-publish"],"_links":{"self":[{"href":"https:\/\/jmtpressurejet.com\/es\/wp-json\/wp\/v2\/pages\/100","targetHints":{"allow":["GET"]}}],"collection":[{"href":"https:\/\/jmtpressurejet.com\/es\/wp-json\/wp\/v2\/pages"}],"about":[{"href":"https:\/\/jmtpressurejet.com\/es\/wp-json\/wp\/v2\/types\/page"}],"author":[{"embeddable":true,"href":"https:\/\/jmtpressurejet.com\/es\/wp-json\/wp\/v2\/users\/1"}],"replies":[{"embeddable":true,"href":"https:\/\/jmtpressurejet.com\/es\/wp-json\/wp\/v2\/comments?post=100"}],"version-history":[{"count":15,"href":"https:\/\/jmtpressurejet.com\/es\/wp-json\/wp\/v2\/pages\/100\/revisions"}],"predecessor-version":[{"id":1505,"href":"https:\/\/jmtpressurejet.com\/es\/wp-json\/wp\/v2\/pages\/100\/revisions\/1505"}],"wp:attachment":[{"href":"https:\/\/jmtpressurejet.com\/es\/wp-json\/wp\/v2\/media?parent=100"}],"curies":[{"name":"wp","href":"https:\/\/api.w.org\/{rel}","templated":true}]}}