{"id":361,"date":"2025-07-23T06:36:54","date_gmt":"2025-07-23T06:36:54","guid":{"rendered":"https:\/\/jmtpressurejet.com\/?page_id=361"},"modified":"2025-08-15T03:45:12","modified_gmt":"2025-08-15T03:45:12","slug":"common-questions","status":"publish","type":"page","link":"https:\/\/jmtpressurejet.com\/de\/common-questions\/","title":{"rendered":"Allgemeine Fragen"},"content":{"rendered":"<div>\n<div class=\"gb-element-be47f15e\">\n<div>\n<h3 class=\"gb-text\">F: Sind Sie ein Hersteller oder ein Handelsunternehmen? <\/h3>\n\n\n\n<p>A: Wir sind ein Hersteller. <\/p>\n\n\n\n<h3 class=\"gb-text\">F: Wie lauten Ihre Zahlungsbedingungen? <\/h3>\n\n\n\n<p>A: T\/T und Handelsgarantie. <\/p>\n\n\n\n<h3 class=\"gb-text\">F: Wie lange ist Ihre Lieferzeit? <\/h3>\n\n\n\n<p>A: Im Allgemeinen wird die Lieferung f\u00fcr kleine Maschinen (50bar ~ 500bar) in etwa 3 ~ 5 Tagen organisiert. F\u00fcr gro\u00dfe Maschinen (500bar ~ 1500bar), dauert es etwa 7 ~ 15 Tage. F\u00fcr Maschinen mit 1500 ~ 3500bar, ist die Lieferung in etwa 25 ~ 30 Tage geplant. <\/p>\n\n\n\n<h3 class=\"gb-text\">F: Von welchem Hafen aus verschiffen Sie die Waren? <\/h3>\n\n\n\n<p class=\"gb-text\">A: Qingdao, Ningbo, Shanghai oder Guangzhou - je nachdem, was f\u00fcr Sie am besten geeignet ist. <\/p>\n\n\n\n<h3 class=\"gb-text\">F: Kann ich die Waren inspizieren? <\/h3>\n\n\n\n<p>A: Um die Interessen beider Parteien zu wahren, unterst\u00fctzen wir Inspektionen der Waren in unserem Werk durch den K\u00e4ufer oder einen vom K\u00e4ufer beauftragten Dritten vor dem Versand. Wir f\u00fchren auch Selbstinspektionen durch und senden dem K\u00e4ufer vor der Lieferung Fotos und Videos.<\/p>\n<\/div>\n<\/div>\n<\/div>\n\n\n\n<p><\/p>","protected":false},"excerpt":{"rendered":"<p>Q: Are you a manufacturer or a trading company? A: We are a manufacturer. Q: What are your payment terms? A: T\/T and Trade Assurance. Q: What is your delivery time? A: Generally, for small machines (50bar ~ 500bar), the delivery is arranged in about 3 ~ 5 days. For large machines (500bar ~ 1500bar), &#8230; <a title=\"Allgemeine Fragen\" class=\"read-more\" href=\"https:\/\/jmtpressurejet.com\/de\/common-questions\/\" aria-label=\"Mehr Informationen \u00fcber Common Questions\">Weiterlesen ...<\/a><\/p>","protected":false},"author":1,"featured_media":0,"parent":0,"menu_order":0,"comment_status":"closed","ping_status":"closed","template":"","meta":{"footnotes":""},"class_list":["post-361","page","type-page","status-publish"],"_links":{"self":[{"href":"https:\/\/jmtpressurejet.com\/de\/wp-json\/wp\/v2\/pages\/361","targetHints":{"allow":["GET"]}}],"collection":[{"href":"https:\/\/jmtpressurejet.com\/de\/wp-json\/wp\/v2\/pages"}],"about":[{"href":"https:\/\/jmtpressurejet.com\/de\/wp-json\/wp\/v2\/types\/page"}],"author":[{"embeddable":true,"href":"https:\/\/jmtpressurejet.com\/de\/wp-json\/wp\/v2\/users\/1"}],"replies":[{"embeddable":true,"href":"https:\/\/jmtpressurejet.com\/de\/wp-json\/wp\/v2\/comments?post=361"}],"version-history":[{"count":1,"href":"https:\/\/jmtpressurejet.com\/de\/wp-json\/wp\/v2\/pages\/361\/revisions"}],"predecessor-version":[{"id":363,"href":"https:\/\/jmtpressurejet.com\/de\/wp-json\/wp\/v2\/pages\/361\/revisions\/363"}],"wp:attachment":[{"href":"https:\/\/jmtpressurejet.com\/de\/wp-json\/wp\/v2\/media?parent=361"}],"curies":[{"name":"wp","href":"https:\/\/api.w.org\/{rel}","templated":true}]}}