{"id":322,"date":"2025-07-23T08:00:28","date_gmt":"2025-07-23T08:00:28","guid":{"rendered":"https:\/\/jmtpressurejet.com\/?page_id=322"},"modified":"2025-08-22T01:56:49","modified_gmt":"2025-08-22T01:56:49","slug":"200-500-bar-high-pressure-cleaners","status":"publish","type":"page","link":"https:\/\/jmtpressurejet.com\/de\/200-500-bar-high-pressure-cleaners\/","title":{"rendered":"200-500 Bar High-pressure Cleaners"},"content":{"rendered":"<div>\n<div class=\"gb-element-2d1b0d70\">\n<div>\n<div class=\"gb-element-5deec3e5\">\n<div class=\"gb-element-e7fa051a\">\n<img loading=\"lazy\" decoding=\"async\" width=\"640\" height=\"480\" class=\"gb-media-d066f1ab\" alt=\"\" src=\"http:\/\/jmtpressurejet.com\/wp-content\/uploads\/2025\/07\/200-500-Bar_\u526f\u672c.png\" title=\"200-500 Bar_\u526f\u672c\" srcset=\"https:\/\/jmtpressurejet.com\/wp-content\/uploads\/2025\/07\/200-500-Bar_\u526f\u672c.png 640w, https:\/\/jmtpressurejet.com\/wp-content\/uploads\/2025\/07\/200-500-Bar_\u526f\u672c-300x225.png 300w\" sizes=\"auto, (max-width: 640px) 100vw, 640px\" \/>\n<\/div>\n\n\n\n<div>\n<h3 class=\"gb-text\">JMT - 1 Serie 200-500bar Hochdruckreinigungsmaschine<\/h3>\n\n\n\n<p class=\"gb-text\">Die Hochdruckpumpe verwendet importierte Technologie aus Italien, der Pumpenkopf besteht aus ausgew\u00e4hltem Schmiedematerial, der Hochdruckkolben aus Vollkeramik, die Kurbelwelle ist aus 40cr-Material und ist pr\u00e4zise geschmiedet und oxidiert.<\/p>\n\n\n\n<div class=\"gb-element-7b4222e5\">\n<a class=\"gb-text gb-text-7760ce3e\" href=\"#popmake-28\">Kontakt<\/a>\n<\/div>\n<\/div>\n<\/div>\n<\/div>\n<\/div>\n<\/div>\n\n\n\n<div>\n<div class=\"gb-element-4bdcfc5d\">\n<div>\n<h2 class=\"gb-text gb-text-27ac96d1\">Produkt-Spezifikation<\/h2>\n\n\n\n<figure class=\"wp-block-table is-style-stripes\"><table><tbody><tr><td><strong>Modell<\/strong><\/td><td><strong>Durchflussmenge (L\/min)<\/strong><\/td><td><strong>Druck (bar)<\/strong><\/td><td><strong>Motorleistung (KW)<\/strong><\/td><td><strong>Leistung des Benzinmotors (PS)<\/strong><\/td><td><strong>Leistung des Dieselmotors (PS)<\/strong><\/td><\/tr><tr><td>JMT-1<\/td><td>15<\/td><td>200<\/td><td><strong>5.5<\/strong><\/td><td><strong>13<\/strong><\/td><td><strong>15<\/strong><\/td><\/tr><tr><td>JMT-1<\/td><td>15<\/td><td>250<\/td><td><strong>7.5<\/strong><\/td><td><strong>15<\/strong><\/td><td>18<\/td><\/tr><tr><td>JMT-1<\/td><td>23<\/td><td>350<\/td><td>15<\/td><td>24<\/td><td>28<\/td><\/tr><tr><td>JMT-1<\/td><td>23<\/td><td>500<\/td><td>22<\/td><td>37<\/td><td>36<\/td><\/tr><tr><td>JMT-1<\/td><td>30<\/td><td>500<\/td><td>30<\/td><td>&nbsp;<\/td><td>45<\/td><\/tr><tr><td>JMT-1<\/td><td>30<\/td><td>600<\/td><td>37<\/td><td>&nbsp;<\/td><td>85<\/td><\/tr><tr><td>JMT-1<\/td><td>20<\/td><td>800<\/td><td>30<\/td><td>&nbsp;<\/td><td>58<\/td><\/tr><tr><td>JMT-1<\/td><td>20<\/td><td>1000<\/td><td>37<\/td><td>&nbsp;<\/td><td>85<\/td><\/tr><\/tbody><\/table><\/figure>\n<\/div>\n<\/div>\n<\/div>\n\n\n\n<div>\n<div class=\"gb-element-be47f15e\">\n<div>\n<h2 class=\"gb-text gb-text-f640b470\">Produktmerkmale und Vorteile<\/h2>\n\n\n\n<p>Jiemate zeichnet sich durch eine Reihe von Vorteilen aus, die auf die strengen Anforderungen der industriellen Reinigung zugeschnitten sind, und kombiniert hochwertige Komponenten, umfassende Dienstleistungen und innovative Funktionen.<\/p>\n\n\n\n<p>Die Hochdruckpumpe wird aus Italien importiert. Der Pumpenkopf ist aus ausgew\u00e4hltem geschmiedetem Material, Hochdruck-Vollkeramik-Kolben, und die Kurbelwelle ist aus 40cr Material, das pr\u00e4zise geschmiedet und oxidiert ist.<\/p>\n\n\n\n<p>Das Druckregelventil besteht aus einem Geh\u00e4use aus rostfreiem Stahl und einem Ventileinsatz und Ventilsitz aus einer Legierung; es ist hochtemperatur- und hochdruckbest\u00e4ndig sowie korrosionsbest\u00e4ndig; es hat eine geringe Gr\u00f6\u00dfe, eine praktische Druckeinstellung und eine hohe Empfindlichkeit.<\/p>\n\n\n\n<p>Das Ger\u00e4t ist klein, leicht, einfach zu bedienen und leicht zu transportieren; die physikalische Reinigung erfolgt mit reinem Hochdruckwasser, ohne Zusatz von Chemikalien und ohne Umweltverschmutzung; es handelt sich um ein umweltfreundliches Hightech-Produkt, das vom Land bef\u00fcrwortet und gef\u00f6rdert wird;<\/p>\n\n\n\n<p>Antriebsform: optionaler Motorantrieb, Benzinmotorantrieb, Dieselmotorantrieb, Luftquellenantrieb, Hydraulikmotorantrieb.<\/p>\n\n\n\n<p>Anwendungsbereich: Es kann f\u00fcr die Bodenreinigung, die Reinigung der Au\u00dfenwand von Geb\u00e4uden, die Beseitigung von Kleinanzeigen, das Ausbaggern und Reinigen von Abwasserrohren, die Entfernung von Rost und Farbe von Schiffsr\u00fcmpfen, die Reinigung von Meeresorganismen und Austern, die Aufrauung und Sp\u00fclung von Beton, die Reinigung von Kraftwerksrohren, die Reinigung von Kochtanks in Fischmehlfabriken, die Reinigung von Wurzelholzrinde, die Reinigung von Schwer\u00f6lverschmutzungen in Anlagen, die Reinigung von Gusssand usw. verwendet werden. Es kann entsprechend den Kundenanforderungen angepasst werden.<\/p>\n<\/div>\n<\/div>\n<\/div>\n\n\n\n<div class=\"gb-element-10812408\">\n<div class=\"gb-element-f55a4b7d\">\n<div>\n<div class=\"gb-element-ed98af69\">\n<div class=\"gb-element-1b551685\" style=\"--inline-bg-image: url(http:\/\/jmtpressurejet.com\/wp-content\/uploads\/2025\/07\/World_map_background.png)\">\n<h3 class=\"gb-text\">Brauchen Sie Hilfe bei der Entscheidung, welche Maschine f\u00fcr Ihr Unternehmen die richtige ist?<\/h3>\n\n\n\n<p class=\"gb-text\">Schicken Sie noch heute eine E-Mail an uns. Wir zeigen Ihnen, wie unsere Ger\u00e4te in der Praxis funktionieren und helfen Ihnen bei der Planung. Lassen Sie uns die L\u00f6sung finden, die Ihren Betrieb sauber, sicher und effizient h\u00e4lt.<\/p>\n\n\n\n<div class=\"gb-element-17031b4d\">\n<a class=\"gb-text gb-text-3c23918f\" href=\"#popmake-28\">Emails senden<\/a>\n<\/div>\n<\/div>\n\n\n\n<div>\n<img loading=\"lazy\" decoding=\"async\" width=\"1280\" height=\"853\" class=\"gb-media-e1f30ca1\" alt=\"\" src=\"http:\/\/jmtpressurejet.com\/wp-content\/uploads\/2025\/07\/high-pressure-cleaners-appliactions-case.jpg\" title=\"hochdruckreiniger anwendungsfall\" srcset=\"https:\/\/jmtpressurejet.com\/wp-content\/uploads\/2025\/07\/high-pressure-cleaners-appliactions-case.jpg 1280w, https:\/\/jmtpressurejet.com\/wp-content\/uploads\/2025\/07\/high-pressure-cleaners-appliactions-case-300x200.jpg 300w, https:\/\/jmtpressurejet.com\/wp-content\/uploads\/2025\/07\/high-pressure-cleaners-appliactions-case-1024x682.jpg 1024w, https:\/\/jmtpressurejet.com\/wp-content\/uploads\/2025\/07\/high-pressure-cleaners-appliactions-case-768x512.jpg 768w\" sizes=\"auto, (max-width: 1280px) 100vw, 1280px\" \/>\n<\/div>\n<\/div>\n<\/div>\n<\/div>\n<\/div>\n\n\n\n<div>\n<div class=\"gb-element-b0a8c443\">\n<div>\n<h2 class=\"gb-text gb-text-3e5a6473\">Produkte Anwendungsf\u00e4lle<\/h2>\n\n\n\n<div class=\"gb-element-47fc66a8\">\n<div>\n<img loading=\"lazy\" decoding=\"async\" width=\"853\" height=\"960\" class=\"gb-media-607d0539\" alt=\"\" src=\"http:\/\/jmtpressurejet.com\/wp-content\/uploads\/2025\/07\/forklift-cleaning.jpg\" title=\"Reinigung mit Hochdruck\" srcset=\"https:\/\/jmtpressurejet.com\/wp-content\/uploads\/2025\/07\/forklift-cleaning.jpg 853w, https:\/\/jmtpressurejet.com\/wp-content\/uploads\/2025\/07\/forklift-cleaning-267x300.jpg 267w, https:\/\/jmtpressurejet.com\/wp-content\/uploads\/2025\/07\/forklift-cleaning-768x864.jpg 768w\" sizes=\"auto, (max-width: 853px) 100vw, 853px\" \/>\n\n\n\n<p class=\"gb-text gb-text-da2ebe66\"><strong>Reinigung von Gabelstaplern<\/strong><\/p>\n<\/div>\n\n\n\n<div>\n<img loading=\"lazy\" decoding=\"async\" width=\"853\" height=\"960\" class=\"gb-media-726ec094\" alt=\"\" src=\"http:\/\/jmtpressurejet.com\/wp-content\/uploads\/2025\/07\/wall-cleaning.webp\" title=\"Wandreinigung\" srcset=\"https:\/\/jmtpressurejet.com\/wp-content\/uploads\/2025\/07\/wall-cleaning.webp 853w, https:\/\/jmtpressurejet.com\/wp-content\/uploads\/2025\/07\/wall-cleaning-267x300.webp 267w, https:\/\/jmtpressurejet.com\/wp-content\/uploads\/2025\/07\/wall-cleaning-768x864.webp 768w\" sizes=\"auto, (max-width: 853px) 100vw, 853px\" \/>\n\n\n\n<p class=\"gb-text gb-text-59f588a6\"><strong>Reinigung der W\u00e4nde<\/strong><\/p>\n<\/div>\n\n\n\n<div>\n<img loading=\"lazy\" decoding=\"async\" width=\"853\" height=\"960\" class=\"gb-media-1d9bdcdb\" alt=\"\" src=\"http:\/\/jmtpressurejet.com\/wp-content\/uploads\/2025\/07\/pipe-cleaning.webp\" title=\"Rohrreinigung\" srcset=\"https:\/\/jmtpressurejet.com\/wp-content\/uploads\/2025\/07\/pipe-cleaning.webp 853w, https:\/\/jmtpressurejet.com\/wp-content\/uploads\/2025\/07\/pipe-cleaning-267x300.webp 267w, https:\/\/jmtpressurejet.com\/wp-content\/uploads\/2025\/07\/pipe-cleaning-768x864.webp 768w\" sizes=\"auto, (max-width: 853px) 100vw, 853px\" \/>\n\n\n\n<p class=\"gb-text gb-text-ce832980\"><strong>Rohrreinigung<\/strong><\/p>\n<\/div>\n<\/div>\n<\/div>\n<\/div>\n<\/div>\n\n\n\n<div>\n<div class=\"gb-element-279faa38\">\n<div>\n<div class=\"gb-element-f30a2a07\">\n<div>\n<p class=\"gb-text\">Wir sind bestrebt, Produkte von bester Qualit\u00e4t zu wettbewerbsf\u00e4higen Preisen herzustellen. Daher laden wir alle interessierten Unternehmen herzlich ein, uns f\u00fcr weitere Informationen zu kontaktieren.<\/p>\n\n\n\n<div class=\"gb-element-726f7d59\">\n<img loading=\"lazy\" decoding=\"async\" width=\"1359\" height=\"843\" class=\"gb-media-71a43d6f\" alt=\"\" src=\"http:\/\/jmtpressurejet.com\/wp-content\/uploads\/2025\/07\/jmt-global-sales-1.webp\" title=\"jmt global sales\" srcset=\"https:\/\/jmtpressurejet.com\/wp-content\/uploads\/2025\/07\/jmt-global-sales-1.webp 1359w, https:\/\/jmtpressurejet.com\/wp-content\/uploads\/2025\/07\/jmt-global-sales-1-300x186.webp 300w, https:\/\/jmtpressurejet.com\/wp-content\/uploads\/2025\/07\/jmt-global-sales-1-1024x635.webp 1024w, https:\/\/jmtpressurejet.com\/wp-content\/uploads\/2025\/07\/jmt-global-sales-1-768x476.webp 768w\" sizes=\"auto, (max-width: 1359px) 100vw, 1359px\" \/>\n<\/div>\n<\/div>\n\n\n\n<div>\n<h4 class=\"gb-text\"><strong>Nehmen Sie Kontakt mit uns auf<\/strong><\/h4>\n\n\n\n<div class=\"wp-block-contact-form-7-contact-form-selector\">\n<div class=\"wpcf7 no-js\" id=\"wpcf7-f7-o1\" lang=\"en-US\" dir=\"ltr\" data-wpcf7-id=\"7\">\n<div class=\"screen-reader-response\"><p role=\"status\" aria-live=\"polite\" aria-atomic=\"true\"><\/p> <ul><\/ul><\/div>\n<form action=\"\/de\/wp-json\/wp\/v2\/pages\/322#wpcf7-f7-o1\" method=\"post\" class=\"wpcf7-form init\" aria-label=\"Kontakt-Formular\" novalidate=\"novalidate\" data-status=\"init\" data-trp-original-action=\"\/de\/wp-json\/wp\/v2\/pages\/322#wpcf7-f7-o1\">\n<fieldset class=\"hidden-fields-container\"><input type=\"hidden\" name=\"_wpcf7\" value=\"7\" \/><input type=\"hidden\" name=\"_wpcf7_version\" value=\"6.1.5\" \/><input type=\"hidden\" name=\"_wpcf7_locale\" value=\"en_US\" \/><input type=\"hidden\" name=\"_wpcf7_unit_tag\" value=\"wpcf7-f7-o1\" \/><input type=\"hidden\" name=\"_wpcf7_container_post\" value=\"0\" \/><input type=\"hidden\" name=\"_wpcf7_posted_data_hash\" value=\"\" \/>\n<\/fieldset>\n<p><label><span class=\"wpcf7-form-control-wrap\" data-name=\"your-name\"><input size=\"40\" maxlength=\"400\" class=\"wpcf7-form-control wpcf7-text wpcf7-validates-as-required\" aria-required=\"true\" aria-invalid=\"false\" placeholder=\"Name*\" value=\"\" type=\"text\" name=\"your-name\" \/><\/span><\/label>\n<\/p>\n<p><label><span class=\"wpcf7-form-control-wrap\" data-name=\"your-email\"><input size=\"40\" maxlength=\"400\" class=\"wpcf7-form-control wpcf7-email wpcf7-validates-as-required wpcf7-text wpcf7-validates-as-email\" aria-required=\"true\" aria-invalid=\"false\" placeholder=\"E-Mail*\" value=\"\" type=\"email\" name=\"your-email\" \/><\/span><\/label>\n<\/p>\n<p><label><span class=\"wpcf7-form-control-wrap\" data-name=\"your-tel\"><input size=\"40\" maxlength=\"400\" class=\"wpcf7-form-control wpcf7-tel wpcf7-validates-as-required wpcf7-text wpcf7-validates-as-tel\" aria-required=\"true\" aria-invalid=\"false\" placeholder=\"Telefon*\" value=\"\" type=\"tel\" name=\"your-tel\" \/><\/span><\/label>\n<\/p>\n<p><label><span class=\"wpcf7-form-control-wrap\" data-name=\"your-message\"><textarea cols=\"40\" rows=\"10\" maxlength=\"2000\" class=\"wpcf7-form-control wpcf7-textarea wpcf7-validates-as-required\" aria-required=\"true\" aria-invalid=\"false\" placeholder=\"Schnelle Tipps f\u00fcr ein schnelles und genaues Angebot*: 1. Welche Ger\u00e4te m\u00fcssen Sie kaufen?2. Was ist Ihre Hauptanwendung\/Industrie? 3. Wie hoch ist Ihr Bedarf an Druck\/Durchflussmenge?\" name=\"your-message\"><\/textarea><\/span> <\/label>\n<\/p>\n<p><input class=\"wpcf7-form-control wpcf7-submit has-spinner\" type=\"submit\" value=\"Einreichen\" \/>\n<\/p><input type=\"hidden\" id=\"ct_checkjs_cf7_7c590f01490190db0ed02a5070e20f01\" name=\"ct_checkjs_cf7\" value=\"0\" \/><script >setTimeout(function(){var ct_input_name = \"ct_checkjs_cf7_7c590f01490190db0ed02a5070e20f01\";if (document.getElementById(ct_input_name) !== null) {var ct_input_value = document.getElementById(ct_input_name).value;document.getElementById(ct_input_name).value = document.getElementById(ct_input_name).value.replace(ct_input_value, '1499353dbb4dcd643962149a0691e276cd27b79cebd88e665d0884a7f539b423');}}, 1000);<\/script><input type='hidden' class='wpcf7-pum' value='{\"closepopup\":false,\"closedelay\":0,\"openpopup\":false,\"openpopup_id\":0}' \/><div class=\"wpcf7-response-output\" aria-hidden=\"true\"><\/div>\n<input type=\"hidden\" name=\"trp-form-language\" value=\"de\"\/><\/form>\n<\/div>\n<\/div>\n<\/div>\n<\/div>\n<\/div>\n<\/div>\n<\/div>","protected":false},"excerpt":{"rendered":"<p>JMT &#8211; 1 Series 200-500bar High Pressure Cleaning Machine The high-pressure pump adopts imported technology from Italy, the pump head is made of selected forged material, the high-pressure all-ceramic plunger, the crankshaft is made of 40cr material, and is precision forged and oxidized. Contact Us Product Specification Model Flow rate (L\/min) Pressure (bar) Motor power &#8230; <a title=\"200-500 Bar High-pressure Cleaners\" class=\"read-more\" href=\"https:\/\/jmtpressurejet.com\/de\/200-500-bar-high-pressure-cleaners\/\" aria-label=\"Mehr Informationen \u00fcber 200-500 Bar High-pressure Cleaners\">Weiterlesen ...<\/a><\/p>","protected":false},"author":1,"featured_media":0,"parent":0,"menu_order":0,"comment_status":"closed","ping_status":"closed","template":"","meta":{"footnotes":""},"class_list":["post-322","page","type-page","status-publish"],"_links":{"self":[{"href":"https:\/\/jmtpressurejet.com\/de\/wp-json\/wp\/v2\/pages\/322","targetHints":{"allow":["GET"]}}],"collection":[{"href":"https:\/\/jmtpressurejet.com\/de\/wp-json\/wp\/v2\/pages"}],"about":[{"href":"https:\/\/jmtpressurejet.com\/de\/wp-json\/wp\/v2\/types\/page"}],"author":[{"embeddable":true,"href":"https:\/\/jmtpressurejet.com\/de\/wp-json\/wp\/v2\/users\/1"}],"replies":[{"embeddable":true,"href":"https:\/\/jmtpressurejet.com\/de\/wp-json\/wp\/v2\/comments?post=322"}],"version-history":[{"count":4,"href":"https:\/\/jmtpressurejet.com\/de\/wp-json\/wp\/v2\/pages\/322\/revisions"}],"predecessor-version":[{"id":992,"href":"https:\/\/jmtpressurejet.com\/de\/wp-json\/wp\/v2\/pages\/322\/revisions\/992"}],"wp:attachment":[{"href":"https:\/\/jmtpressurejet.com\/de\/wp-json\/wp\/v2\/media?parent=322"}],"curies":[{"name":"wp","href":"https:\/\/api.w.org\/{rel}","templated":true}]}}