{"id":100,"date":"2025-07-17T06:37:28","date_gmt":"2025-07-17T06:37:28","guid":{"rendered":"https:\/\/jmtpressurejet.com\/?page_id=100"},"modified":"2026-03-17T14:09:45","modified_gmt":"2026-03-17T06:09:45","slug":"about-us-jiematt","status":"publish","type":"page","link":"https:\/\/jmtpressurejet.com\/de\/about-us-jiematt\/","title":{"rendered":"\u00dcber uns"},"content":{"rendered":"<div>\n<div class=\"gb-element-fb89ab42\">\n<div>\n<h2 class=\"gb-text gb-text-1dbec1bd\">Was wir tun<\/h2>\n\n\n\n<p class=\"gb-text gb-text-d9f1e5e1\">Wir bieten professionelle und umfassende L\u00f6sungen f\u00fcr den Bedarf an Hochdruck-Wasserstrahlanlagen.<\/p>\n\n\n\n<div class=\"gb-element-4ebc25c8\">\n<div>\n<h5 class=\"gb-text-c0f833fb\"><span class=\"gb-shape\"><svg aria-hidden=\"true\" role=\"img\" height=\"1em\" width=\"1em\" viewbox=\"0 0 512 512\" xmlns=\"http:\/\/www.w3.org\/2000\/svg\"><path fill=\"currentColor\" d=\"M256 8C119.033 8 8 119.033 8 256s111.033 248 248 248 248-111.033 248-248S392.967 8 256 8zm80 248c0 44.112-35.888 80-80 80s-80-35.888-80-80 35.888-80 80-80 80 35.888 80 80z\"><\/path><\/svg><\/span><span class=\"gb-text\"><strong>Unterst\u00fctzung bei der Gr\u00fcndung neuer Unternehmen<\/strong><\/span><\/h5>\n\n\n\n<p class=\"gb-text\">Wir bieten einen umfassenden Service, um Sie bei der Gr\u00fcndung Ihres neuen Unternehmens im Bereich Hochdruckreinigungsanlagen zu unterst\u00fctzen. Unser Team hilft Ihnen nicht nur bei der Auswahl der Ger\u00e4te - ob Hochdruckreiniger, Hydrostrahlger\u00e4te oder Druckpr\u00fcfpumpen - sondern ber\u00e4t Sie auch bei der Optimierung des Layouts Ihrer Produktionsfl\u00e4che und der Machbarkeitsanalyse, damit Sie Ihre Ressourcen optimal nutzen k\u00f6nnen.<\/p>\n<\/div>\n\n\n\n<div>\n<h5 class=\"gb-text-6bdfcf83\"><span class=\"gb-shape\"><svg aria-hidden=\"true\" role=\"img\" height=\"1em\" width=\"1em\" viewbox=\"0 0 512 512\" xmlns=\"http:\/\/www.w3.org\/2000\/svg\"><path fill=\"currentColor\" d=\"M256 8C119.033 8 8 119.033 8 256s111.033 248 248 248 248-111.033 248-248S392.967 8 256 8zm80 248c0 44.112-35.888 80-80 80s-80-35.888-80-80 35.888-80 80-80 80 35.888 80 80z\"><\/path><\/svg><\/span><span class=\"gb-text\"><strong>Produktschwerpunkt<\/strong><\/span><\/h5>\n\n\n\n<p class=\"gb-text\">Wir f\u00fchren ein breites Sortiment: Hochdruckreiniger, Hydrostrahlger\u00e4te, Druckpr\u00fcfpumpen, aus Deutschland importierte Ultrahochdruckreiniger sowie Schl\u00e4uche, Pistolen und rotierende D\u00fcsen. Viele davon sind f\u00fcr eine schnelle Lieferung auf Lager. Wir beschaffen auch L\u00f6sungen f\u00fcr Ihren Bedarf oder passen sie an, wobei wir strenge Qualit\u00e4tskontrollen durchf\u00fchren, um die h\u00f6chsten Standards zu erf\u00fcllen. Sie k\u00f6nnen nicht finden, was Sie brauchen? Sprechen Sie uns an - unser Vertriebsteam wird es in unserem umfangreichen Netzwerk ausfindig machen.<\/p>\n<\/div>\n\n\n\n<div>\n<h5 class=\"gb-text-ae700307\"><span class=\"gb-shape\"><svg aria-hidden=\"true\" role=\"img\" height=\"1em\" width=\"1em\" viewbox=\"0 0 512 512\" xmlns=\"http:\/\/www.w3.org\/2000\/svg\"><path fill=\"currentColor\" d=\"M256 8C119.033 8 8 119.033 8 256s111.033 248 248 248 248-111.033 248-248S392.967 8 256 8zm80 248c0 44.112-35.888 80-80 80s-80-35.888-80-80 35.888-80 80-80 80 35.888 80 80z\"><\/path><\/svg><\/span><span class=\"gb-text\"><strong>Technologie- und FuE-Zusammenarbeit<\/strong><\/span><\/h5>\n\n\n\n<p class=\"gb-text\">Wir engagieren uns in der Forschung und Entwicklung von Hochdruck-Wasserstrahltechnik. In Zusammenarbeit mit dem Branchenf\u00fchrer KAMAT und f\u00fchrenden inl\u00e4ndischen Forschungsinstituten arbeiten wir st\u00e4ndig an der Verbesserung der Produktleistung. Auf diese Weise haben sich unsere Ger\u00e4te in ganz China durchgesetzt und entsprechen immer mehr den internationalen Standards im Pumpenbau.<\/p>\n<\/div>\n\n\n\n<div>\n<h5 class=\"gb-text-bd17e91e\"><span class=\"gb-shape\"><svg aria-hidden=\"true\" role=\"img\" height=\"1em\" width=\"1em\" viewbox=\"0 0 512 512\" xmlns=\"http:\/\/www.w3.org\/2000\/svg\"><path fill=\"currentColor\" d=\"M256 8C119.033 8 8 119.033 8 256s111.033 248 248 248 248-111.033 248-248S392.967 8 256 8zm80 248c0 44.112-35.888 80-80 80s-80-35.888-80-80 35.888-80 80-80 80 35.888 80 80z\"><\/path><\/svg><\/span><span class=\"gb-text\"><strong>Anwendungsorientierte L\u00f6sungen<\/strong><\/span><\/h5>\n\n\n\n<p class=\"gb-text\">Unsere Ger\u00e4te sind in allen Branchen einsetzbar: Erd\u00f6l, Chemie, Stahl, Schifffahrt, Wasserkraft, Zucker, Kohle, Bergbau, Bauwesen, Automobilbau, kommunale Abwasserentsorgung, Druckpr\u00fcfung von Rohrleitungen und mehr. Dar\u00fcber hinaus bieten wir gezielte Unterst\u00fctzung - Installation, Schulung, Wartung -, um sicherzustellen, dass sich die Ger\u00e4te reibungslos in Ihre Arbeitsabl\u00e4ufe einf\u00fcgen und die Effizienz bei all Ihren Hochdruckwasserstrahl-Reinigungsaufgaben steigern.<\/p>\n<\/div>\n<\/div>\n<\/div>\n<\/div>\n<\/div>\n\n\n\n<div>\n<div class=\"gb-element-c8e78ec5\">\n<div>\n<h2 class=\"gb-text gb-text-a2307b04\">About Jiemate<\/h2>\n\n\n\n<div class=\"gb-element-558e7202\">\n<div>\n<div class=\"gb-element-6e1be8af\">\n<div class=\"gb-element-ad740e71\">\n<h2 class=\"gb-text gb-text-b7df7928\">10+<\/h2>\n\n\n\n<p class=\"gb-text gb-text-3ac936e7\">Ingenieure<\/p>\n<\/div>\n\n\n\n<div class=\"gb-element-cffb7e95\">\n<h2 class=\"gb-text gb-text-537593f2\">100k+<\/h2>\n\n\n\n<p class=\"gb-text gb-text-8e92c774\">Produkte<\/p>\n<\/div>\n\n\n\n<div class=\"gb-element-b4a665eb\">\n<h2 class=\"gb-text gb-text-fa589a89\">100k+<\/h2>\n\n\n\n<p class=\"gb-text gb-text-01be09b3\">Kunden<\/p>\n<\/div>\n<\/div>\n\n\n\n<img loading=\"lazy\" decoding=\"async\" width=\"720\" height=\"480\" class=\"gb-media-7752a30e\" alt=\"\" src=\"https:\/\/jmtpressurejet.com\/wp-content\/uploads\/2025\/07\/about-jmt.jpg\" title=\"\u00fcber jmt\" srcset=\"https:\/\/jmtpressurejet.com\/wp-content\/uploads\/2025\/07\/about-jmt.jpg 720w, https:\/\/jmtpressurejet.com\/wp-content\/uploads\/2025\/07\/about-jmt-300x200.jpg 300w\" sizes=\"auto, (max-width: 720px) 100vw, 720px\" \/>\n<\/div>\n\n\n\n<div class=\"gb-element-121e6393\">\n<h4 class=\"gb-text gb-text-c2e31b28\">Die beste Qualit\u00e4t bei der Herstellung von Druckwasserstrahlanlagen<\/h4>\n\n\n\n<p class=\"gb-text\">Wir wurden 2012 gegr\u00fcndet und verf\u00fcgen \u00fcber ein unabh\u00e4ngiges F&amp;E-Team. Als Hightech-Unternehmen, das F&amp;E, Produktion und Vertrieb integriert, bieten wir integrierte Ausr\u00fcstungen wie automatische Reinigungsmaschinen, intelligente Reinigungsroboter, Ultra-Hochdruck-Reinigungssysteme, Rohrleitungsreinigungsmaschinen, Entrostungsmaschinen, Aufrauhungsmaschinen und Zerkleinerungsroboter. Wir bieten auch entsprechende technische Unterst\u00fctzung und Dienstleistungen f\u00fcr verschiedene Bereiche an.<\/p>\n\n\n\n<p class=\"gb-text\">Wir sind stolz auf unsere Kundenbetreuung und unsere schnelle Reaktionszeit. Mit unseren eigenen, werksgeschulten Technikern k\u00f6nnen wir alle Arten von industriellen und gewerblichen Hochdruckreinigern warten und reparieren.<\/p>\n\n\n\n<div class=\"gb-element-fe33561a\">\n<a class=\"gb-text gb-text-d9cc8672\" href=\"#popmake-28\">Jetzt Kontakt aufnehmen<\/a>\n<\/div>\n<\/div>\n<\/div>\n<\/div>\n<\/div>\n<\/div>\n\n\n\n<div class=\"gb-element-b8882a05\">\n<div class=\"gb-element-a4354878\">\n<div>\n<h2 class=\"gb-text gb-text-6a7387a0\">Warum uns w\u00e4hlen<\/h2>\n\n\n\n<p class=\"gb-text gb-text-9c2f794e\">Hier sind unsere sechs wichtigsten Vorteile, die f\u00fcr uns sprechen.<\/p>\n\n\n\n<div class=\"gb-tabs gb-tabs-af8e864e\" data-opened-tab=\"1\">\n<div class=\"gb-tabs__menu gb-tabs__menu-8b53b28c\" role=\"tablist\">\n<div tabindex=\"0\" class=\"gb-tabs__menu-item gb-tabs__menu-item-3f39fe8f gb-block-is-current\" role=\"tab\" id=\"gb-tab-menu-item-3f39fe8f\">\n<span class=\"gb-text\"><strong>Technologie<\/strong><\/span>\n<\/div>\n\n\n\n<div tabindex=\"0\" class=\"gb-tabs__menu-item gb-tabs__menu-item-7432cb20\" role=\"tab\" id=\"gb-tab-menu-item-7432cb20\">\n<span class=\"gb-text\"><strong>Qualit\u00e4t<\/strong><\/span>\n<\/div>\n\n\n\n<div tabindex=\"0\" class=\"gb-tabs__menu-item gb-tabs__menu-item-2b694fb2\" role=\"tab\" id=\"gb-tab-menu-item-2b694fb2\">\n<span class=\"gb-text\"><strong>Sicherheit<\/strong><\/span>\n<\/div>\n\n\n\n<div tabindex=\"0\" class=\"gb-tabs__menu-item gb-tabs__menu-item-e5c8436b\" role=\"tab\" id=\"gb-tab-menu-item-e5c8436b\">\n<span class=\"gb-text\"><strong>Dienst<\/strong><\/span>\n<\/div>\n\n\n\n<div tabindex=\"0\" class=\"gb-tabs__menu-item gb-tabs__menu-item-ecef6339\" role=\"tab\" id=\"gb-tab-menu-item-ecef6339\">\n<span class=\"gb-text\"><strong>Personalisierung<\/strong><\/span>\n<\/div>\n\n\n\n<div tabindex=\"0\" class=\"gb-tabs__menu-item gb-tabs__menu-item-e69c7716\" role=\"tab\" id=\"gb-tab-menu-item-e69c7716\">\n<span class=\"gb-text\"><strong>Logistik<\/strong><\/span>\n<\/div>\n<\/div>\n\n\n\n<div class=\"gb-tabs__items gb-tabs__items-925f011e\" role=\"tabpanel\">\n<div class=\"gb-tabs__item gb-tabs__item-7a7b2585 gb-tabs__item-open\" id=\"gb-tab-item-7a7b2585\">\n<blockquote class=\"wp-block-quote has-contrast-color has-text-color has-link-color wp-elements-68f823a90d30645614809b889f07cd96 is-layout-flow wp-block-quote-is-layout-flow\">\n<p class=\"gb-text\">Zusammenarbeit mit KAMAT, einem weltweit f\u00fchrenden Unternehmen in der Reinigungsmaschinenindustrie,<\/p>\n\n\n\n<p class=\"gb-text\">Die Obergrenze des Drucks liegt bei 3500 bar, was derzeit die Obergrenze des Drucks auf dem Gebiet der Hochdruckwasserstrahlen weltweit darstellt.<\/p>\n<\/blockquote>\n\n\n\n<div class=\"gb-element-e325bed7\"><\/div>\n<\/div>\n\n\n\n<div class=\"gb-tabs__item gb-tabs__item-07076b7e\" id=\"gb-tab-item-07076b7e\">\n<blockquote class=\"wp-block-quote is-layout-flow wp-block-quote-is-layout-flow\">\n<p class=\"gb-text\">Getestet f\u00fcr 24 Stunden Dauerbetrieb bei Nenndruck, ohne Leckagen (Wasser\/\u00d6l) und stabiler Temperatur.<\/p>\n\n\n\n<p class=\"gb-text\">Unsere Herstellungs- und Inspektionsverfahren entsprechen den weltweiten Industriestandards f\u00fcr Hochdruckreinigungsger\u00e4te.<\/p>\n<\/blockquote>\n\n\n\n<div class=\"gb-element-d92b7f7a\"><\/div>\n<\/div>\n\n\n\n<div class=\"gb-tabs__item gb-tabs__item-e0963759\" id=\"gb-tab-item-e0963759\">\n<blockquote class=\"wp-block-quote is-layout-flow wp-block-quote-is-layout-flow\">\n<p class=\"gb-text\">Das Druckregulierventil \u00f6ffnet und schlie\u00dft feinf\u00fchlig und zuverl\u00e4ssig. Der Berstdruck des Hochdruckschlauchs betr\u00e4gt das 2,5-3,5fache des Nenndrucks. <\/p>\n\n\n\n<p class=\"gb-text\">Der Hochdruckschlauch \u00fcber 700 bar ist mit Schnallen ausgestattet, was den Koeffizienten des Produkts weiter verbessert.<\/p>\n<\/blockquote>\n\n\n\n<div class=\"gb-element-79d61505\"><\/div>\n<\/div>\n\n\n\n<div class=\"gb-tabs__item gb-tabs__item-ec20eec4\" id=\"gb-tab-item-ec20eec4\">\n<blockquote class=\"wp-block-quote is-layout-flow wp-block-quote-is-layout-flow\">\n<p class=\"gb-text\">Wir f\u00fchren detaillierte Kundendatens\u00e4tze f\u00fcr eine personalisierte Serviceverfolgung.<\/p>\n\n\n\n<p class=\"gb-text\">Regelm\u00e4\u00dfige technische \u00dcberpr\u00fcfungen, um proaktive Beratung zu bieten und Probleme zu vermeiden.<\/p>\n\n\n\n<p class=\"gb-text\">F\u00fcr Serviceanfragen: 12-Stunden-Reaktion, 24-Stunden-Einsatz vor Ort, garantierte L\u00f6sung innerhalb von 48 Stunden.<\/p>\n<\/blockquote>\n\n\n\n<div class=\"gb-element-cd703c2f\"><\/div>\n<\/div>\n\n\n\n<div class=\"gb-tabs__item gb-tabs__item-609ff13f\" id=\"gb-tab-item-609ff13f\">\n<blockquote class=\"wp-block-quote is-layout-flow wp-block-quote-is-layout-flow\">\n<p class=\"gb-text\">Ma\u00dfgeschneiderte L\u00f6sungen f\u00fcr verschiedene Bereiche - Petrochemie, Kommunaltechnik usw. L\u00f6sen Sie einzigartige Reinigungsprobleme mit speziell angefertigten Maschinen.<\/p>\n<\/blockquote>\n\n\n\n<div class=\"gb-element-785367f0\"><\/div>\n<\/div>\n\n\n\n<div class=\"gb-tabs__item gb-tabs__item-7831104e\" id=\"gb-tab-item-7831104e\">\n<blockquote class=\"wp-block-quote is-layout-flow wp-block-quote-is-layout-flow\">\n<p class=\"gb-text\">Ma\u00dfgeschneiderte Logistikl\u00f6sungen f\u00fcr grenz\u00fcberschreitende\/regionale Lieferungen, mit professioneller Verpackung zum Schutz der Ger\u00e4te w\u00e4hrend des Transports.<\/p>\n\n\n\n<p class=\"gb-text\">Partnerschaften mit vertrauensw\u00fcrdigen internationalen Frachtanbietern f\u00fcr p\u00fcnktlichen Versand und Verfolgung in Echtzeit.<\/p>\n\n\n\n<p class=\"gb-text\">Klare Dokumentationsunterst\u00fctzung (Zollabfertigung, Rechnungen) zur Rationalisierung der Importprozesse.<\/p>\n<\/blockquote>\n\n\n\n<div class=\"gb-element-69a11fc4\"><\/div>\n<\/div>\n<\/div>\n<\/div>\n<\/div>\n<\/div>\n<\/div>\n\n\n\n<div>\n<div class=\"gb-element-ff91a864\">\n<h2 class=\"gb-text gb-text-8924c1c0\">Unser After-Sale-Service<\/h2>\n\n\n\n<p class=\"gb-text\">Wir bieten eine 1-j\u00e4hrige Garantie. Innerhalb der Garantiezeit sind Reparaturen und Schulungen vor Ort kostenlos (ausgenommen Verbrauchsteile). Reparaturen, die aufgrund von unsachgem\u00e4\u00dfem Gebrauch oder nicht produktbezogenen Qualit\u00e4tsproblemen Ersatzteile erfordern, sind nicht durch den kostenlosen Service abgedeckt.<\/p>\n\n\n\n<p class=\"gb-text\">Wenn wir eine Reparaturanfrage erhalten, sind wir umgehend vor Ort und l\u00f6sen das Problem - wobei die Bed\u00fcrfnisse des Kunden im Mittelpunkt stehen und Kundenzufriedenheit unser Standard ist.<\/p>\n\n\n\n<p class=\"gb-text\">Wir reagieren schnell auf qualit\u00e4tsbezogene R\u00fcckmeldungen, bieten zeitnahen Support und klare Antworten und sorgen so f\u00fcr volle Zufriedenheit mit der Produktqualit\u00e4t.<\/p>\n\n\n\n<p class=\"gb-text\">Kunden k\u00f6nnen technische Fragen \u00fcber unsere After-Sales-Hotline kl\u00e4ren und erhalten klare L\u00f6sungen.<\/p>\n\n\n\n<p class=\"gb-text\">Sobald die Ger\u00e4te bei Ihnen eingetroffen sind, f\u00fchren wir zu dem von Ihnen festgelegten Zeitpunkt einen technischen Vor-Ort-Service durch, einschlie\u00dflich kostenloser Anleitung zur Installation, Fehlersuche, technischer Beratung und Schulung f\u00fcr Ihr Bedienungs- und Wartungspersonal.<\/p>\n\n\n\n<p class=\"gb-text\">F\u00fcr Leistungsm\u00e4ngel bei normalem Gebrauch garantieren wir die oben genannten Garantieleistungen. Dar\u00fcber hinaus halten wir uns an alle geltenden nationalen Gesetze und Vorschriften in Bezug auf solche Dienstleistungen.<\/p>\n\n\n\n<p class=\"gb-text\">W\u00e4hrend der Garantiezeit werden in den folgenden F\u00e4llen kostenpflichtige Reparaturleistungen erbracht:<\/p>\n\n\n\n<ul class=\"wp-block-list\">\n<li>Sch\u00e4den, die durch menschliche Faktoren oder unvermeidbare Naturereignisse verursacht wurden;<\/li>\n\n\n\n<li>Fehlfunktionen oder Sch\u00e4den durch unsachgem\u00e4\u00dfe Bedienung;<\/li>\n\n\n\n<li>Fehlfunktionen oder Sch\u00e4den, die durch Modifikation, Zerlegung oder Wiederzusammenbau des Produkts entstehen.<\/li>\n<\/ul>\n<\/div>\n<\/div>\n\n\n\n<div>\n<div class=\"gb-element-1eddaf25\">\n<div>\n<h2 class=\"gb-text gb-text-578d436f\">Allgemeine Fragen<\/h2>\n\n\n\n<h3 class=\"gb-text\">F: Sind Sie ein Hersteller oder ein Handelsunternehmen? <\/h3>\n\n\n\n<p>A: Wir sind ein Hersteller. <\/p>\n\n\n\n<h3 class=\"gb-text\">F: Wie lauten Ihre Zahlungsbedingungen? <\/h3>\n\n\n\n<p>A: T\/T und Handelsgarantie. <\/p>\n\n\n\n<h3 class=\"gb-text\">F: Wie lange ist Ihre Lieferzeit? <\/h3>\n\n\n\n<p>A: Im Allgemeinen wird die Lieferung f\u00fcr kleine Maschinen (50bar ~ 500bar) in etwa 3 ~ 5 Tagen organisiert. F\u00fcr gro\u00dfe Maschinen (500bar ~ 1500bar), dauert es etwa 7 ~ 15 Tage. F\u00fcr Maschinen mit 1500 ~ 3500bar, ist die Lieferung in etwa 25 ~ 30 Tage geplant. <\/p>\n\n\n\n<h3 class=\"gb-text\">F: Von welchem Hafen aus verschiffen Sie die Waren? <\/h3>\n\n\n\n<p class=\"gb-text\">A: Qingdao, Ningbo, Shanghai oder Guangzhou - je nachdem, was f\u00fcr Sie am besten geeignet ist. <\/p>\n\n\n\n<h3 class=\"gb-text\">F: Kann ich die Waren inspizieren? <\/h3>\n\n\n\n<p>A: Um die Interessen beider Parteien zu wahren, unterst\u00fctzen wir Inspektionen der Waren in unserem Werk durch den K\u00e4ufer oder einen vom K\u00e4ufer beauftragten Dritten vor dem Versand. Wir f\u00fchren auch Selbstinspektionen durch und senden dem K\u00e4ufer vor der Lieferung Fotos und Videos.<\/p>\n<\/div>\n<\/div>\n<\/div>\n\n\n\n<div class=\"gb-element-d57f7af7\">\n<div class=\"gb-element-e3c5e197\">\n<div>\n<div class=\"gb-element-6cf8c510\">\n<div>\n<div class=\"gb-element-16dfb1ee\">\n<div class=\"gb-element-61dd9da6\">\n<img loading=\"lazy\" decoding=\"async\" width=\"150\" height=\"150\" class=\"gb-media-ee9d3198\" alt=\"\" src=\"https:\/\/jmtpressurejet.com\/wp-content\/uploads\/2025\/07\/cropped-cropped-logo_jiematt-scaled-1-150x150.png\" title=\"logo_jiematt\" srcset=\"https:\/\/jmtpressurejet.com\/wp-content\/uploads\/2025\/07\/cropped-cropped-logo_jiematt-scaled-1-150x150.png 150w, https:\/\/jmtpressurejet.com\/wp-content\/uploads\/2025\/07\/cropped-cropped-logo_jiematt-scaled-1-300x300.png 300w, https:\/\/jmtpressurejet.com\/wp-content\/uploads\/2025\/07\/cropped-cropped-logo_jiematt-scaled-1.png 511w\" sizes=\"auto, (max-width: 150px) 100vw, 150px\" \/>\n<\/div>\n\n\n\n<div class=\"gb-element-8ad99956\">\n<h2 class=\"gb-text gb-text-6d015b7a\"><em>Jiemate<\/em><\/h2>\n<\/div>\n<\/div>\n\n\n\n<h5 class=\"gb-text gb-text-1182708a\">Industrieller Strahlreiniger\/Hochdruckpumpe<\/h5>\n\n\n\n<p>Haben Sie Fragen zu Hochdruck-Reinigungsanlagen? 10+ Jiemate-Ingenieure sind 24\/7 f\u00fcr Sie da!<\/p>\n\n\n\n<div class=\"gb-element-af4b4882\">\n<a class=\"gb-text gb-text-9157c616\" href=\"#popmake-28\">Jetzt Kontakt aufnehmen<\/a>\n<\/div>\n<\/div>\n\n\n\n<div>\n<img loading=\"lazy\" decoding=\"async\" width=\"1200\" height=\"600\" class=\"gb-media-252aaf84\" alt=\"\" src=\"https:\/\/jmtpressurejet.com\/wp-content\/uploads\/2025\/07\/cleaning-equipment.png\" title=\"Reinigungsger\u00e4te\" srcset=\"https:\/\/jmtpressurejet.com\/wp-content\/uploads\/2025\/07\/cleaning-equipment.png 1200w, https:\/\/jmtpressurejet.com\/wp-content\/uploads\/2025\/07\/cleaning-equipment-300x150.png 300w, https:\/\/jmtpressurejet.com\/wp-content\/uploads\/2025\/07\/cleaning-equipment-1024x512.png 1024w, https:\/\/jmtpressurejet.com\/wp-content\/uploads\/2025\/07\/cleaning-equipment-768x384.png 768w\" sizes=\"auto, (max-width: 1200px) 100vw, 1200px\" \/>\n<\/div>\n<\/div>\n<\/div>\n<\/div>\n<\/div>\n\n\n\n<div>\n<div class=\"gb-element-b0a8c443\">\n<div>\n<h2 class=\"gb-text gb-text-3e5a6473\">Aktuelle F\u00e4lle<\/h2>\n\n\n\n<div class=\"gb-element-47fc66a8\">\n<div>\n<img loading=\"lazy\" decoding=\"async\" width=\"640\" height=\"480\" class=\"gb-media-3609242f\" alt=\"\" src=\"https:\/\/jmtpressurejet.com\/wp-content\/uploads\/2025\/07\/high-pressure-cleaners-for-community-road-cleaning.jpg\" title=\"Hochdruckreiniger f\u00fcr die kommunale Stra\u00dfenreinigung\" srcset=\"https:\/\/jmtpressurejet.com\/wp-content\/uploads\/2025\/07\/high-pressure-cleaners-for-community-road-cleaning.jpg 640w, https:\/\/jmtpressurejet.com\/wp-content\/uploads\/2025\/07\/high-pressure-cleaners-for-community-road-cleaning-300x225.jpg 300w\" sizes=\"auto, (max-width: 640px) 100vw, 640px\" \/>\n\n\n\n<p class=\"gb-text gb-text-5b3735d4\"><strong><strong>Gehwegreinigung in der Gemeinschaft<\/strong><\/strong><\/p>\n<\/div>\n\n\n\n<div>\n<img loading=\"lazy\" decoding=\"async\" width=\"640\" height=\"480\" class=\"gb-media-8a59b879\" alt=\"\" src=\"http:\/\/jmtpressurejet.com\/wp-content\/uploads\/2025\/07\/high-pressure-cleaners-for-oil-stain-removal-1.jpg\" title=\"Hochdruckreiniger zur Entfernung von \u00d6lflecken\" srcset=\"https:\/\/jmtpressurejet.com\/wp-content\/uploads\/2025\/07\/high-pressure-cleaners-for-oil-stain-removal-1.jpg 640w, https:\/\/jmtpressurejet.com\/wp-content\/uploads\/2025\/07\/high-pressure-cleaners-for-oil-stain-removal-1-300x225.jpg 300w\" sizes=\"auto, (max-width: 640px) 100vw, 640px\" \/>\n\n\n\n<p class=\"gb-text gb-text-c34c8766\"><strong>Entfernung von \u00d6lflecken<\/strong><\/p>\n<\/div>\n\n\n\n<div>\n<img loading=\"lazy\" decoding=\"async\" width=\"640\" height=\"480\" class=\"gb-media-4dd8e6ae\" alt=\"\" src=\"http:\/\/jmtpressurejet.com\/wp-content\/uploads\/2025\/07\/high-pressure-cleaners-for-pipeline-dredging.jpg\" title=\"Hochdruckreiniger f\u00fcr das Ausbaggern von Pipelines\" srcset=\"https:\/\/jmtpressurejet.com\/wp-content\/uploads\/2025\/07\/high-pressure-cleaners-for-pipeline-dredging.jpg 640w, https:\/\/jmtpressurejet.com\/wp-content\/uploads\/2025\/07\/high-pressure-cleaners-for-pipeline-dredging-300x225.jpg 300w\" sizes=\"auto, (max-width: 640px) 100vw, 640px\" \/>\n\n\n\n<p class=\"gb-text gb-text-4d0919bb\"><strong>Ausbaggern von Pipelines<\/strong><\/p>\n<\/div>\n\n\n\n<div>\n<img loading=\"lazy\" decoding=\"async\" width=\"640\" height=\"480\" class=\"gb-media-ff52bae9\" alt=\"\" src=\"http:\/\/jmtpressurejet.com\/wp-content\/uploads\/2025\/07\/high-pressure-cleaners-for-property-cleaning-in-residential-communities.jpg\" title=\"Hochdruckreiniger f\u00fcr die Objektreinigung in Wohngemeinschaften\" srcset=\"https:\/\/jmtpressurejet.com\/wp-content\/uploads\/2025\/07\/high-pressure-cleaners-for-property-cleaning-in-residential-communities.jpg 640w, https:\/\/jmtpressurejet.com\/wp-content\/uploads\/2025\/07\/high-pressure-cleaners-for-property-cleaning-in-residential-communities-300x225.jpg 300w\" sizes=\"auto, (max-width: 640px) 100vw, 640px\" \/>\n\n\n\n<p class=\"gb-text gb-text-230906fe\"><strong>Gewerbliche Fl\u00e4chenreinigung<\/strong><\/p>\n<\/div>\n\n\n\n<div>\n<img loading=\"lazy\" decoding=\"async\" width=\"640\" height=\"480\" class=\"gb-media-fd7ec3bd\" alt=\"\" src=\"http:\/\/jmtpressurejet.com\/wp-content\/uploads\/2025\/07\/high-pressure-cleaners-for-removing-small-ads.jpg\" title=\"Hochdruckreiniger zur Entfernung von Kleinanzeigen\" srcset=\"https:\/\/jmtpressurejet.com\/wp-content\/uploads\/2025\/07\/high-pressure-cleaners-for-removing-small-ads.jpg 640w, https:\/\/jmtpressurejet.com\/wp-content\/uploads\/2025\/07\/high-pressure-cleaners-for-removing-small-ads-300x225.jpg 300w\" sizes=\"auto, (max-width: 640px) 100vw, 640px\" \/>\n\n\n\n<p class=\"gb-text gb-text-b9f75058\"><strong>Entfernung von Flugbl\u00e4ttern<\/strong><\/p>\n<\/div>\n\n\n\n<div>\n<img loading=\"lazy\" decoding=\"async\" width=\"640\" height=\"480\" class=\"gb-media-49e73ee4\" alt=\"\" src=\"http:\/\/jmtpressurejet.com\/wp-content\/uploads\/2025\/07\/high-pressure-cleaners-for-rust-removal.jpg\" title=\"Hochdruckreiniger zur Rostentfernung\" srcset=\"https:\/\/jmtpressurejet.com\/wp-content\/uploads\/2025\/07\/high-pressure-cleaners-for-rust-removal.jpg 640w, https:\/\/jmtpressurejet.com\/wp-content\/uploads\/2025\/07\/high-pressure-cleaners-for-rust-removal-300x225.jpg 300w\" sizes=\"auto, (max-width: 640px) 100vw, 640px\" \/>\n\n\n\n<p class=\"gb-text gb-text-c3ad84c8\"><strong>Entrosten<\/strong><\/p>\n<\/div>\n\n\n\n<div>\n<img loading=\"lazy\" decoding=\"async\" width=\"640\" height=\"480\" class=\"gb-media-73dcbc34\" alt=\"\" src=\"http:\/\/jmtpressurejet.com\/wp-content\/uploads\/2025\/07\/high-pressure-cleaners-in-livestock-farms.jpg\" title=\"Hochdruckreiniger in Tierhaltungsbetrieben\" srcset=\"https:\/\/jmtpressurejet.com\/wp-content\/uploads\/2025\/07\/high-pressure-cleaners-in-livestock-farms.jpg 640w, https:\/\/jmtpressurejet.com\/wp-content\/uploads\/2025\/07\/high-pressure-cleaners-in-livestock-farms-300x225.jpg 300w\" sizes=\"auto, (max-width: 640px) 100vw, 640px\" \/>\n\n\n\n<p class=\"gb-text gb-text-028cf036\"><strong>Reinigung von Viehzuchtbetrieben<\/strong><\/p>\n<\/div>\n\n\n\n<div>\n<img loading=\"lazy\" decoding=\"async\" width=\"640\" height=\"480\" class=\"gb-media-495a61a4\" alt=\"\" src=\"http:\/\/jmtpressurejet.com\/wp-content\/uploads\/2025\/07\/special-concrete-roughening-machines-for-building-walls.jpg\" title=\"Spezialmaschinen zum Aufrauhen von Beton f\u00fcr Geb\u00e4udew\u00e4nde\" srcset=\"https:\/\/jmtpressurejet.com\/wp-content\/uploads\/2025\/07\/special-concrete-roughening-machines-for-building-walls.jpg 640w, https:\/\/jmtpressurejet.com\/wp-content\/uploads\/2025\/07\/special-concrete-roughening-machines-for-building-walls-300x225.jpg 300w\" sizes=\"auto, (max-width: 640px) 100vw, 640px\" \/>\n\n\n\n<p class=\"gb-text gb-text-99480509\"><strong>Aufrauen von Beton<\/strong><\/p>\n<\/div>\n<\/div>\n<\/div>\n<\/div>\n<\/div>\n\n\n\n<p><\/p>","protected":false},"excerpt":{"rendered":"<p>What We Do We provide professional and comprehensive solutions for high &#8211; pressure water jet equipment needs. New business startup support We offer a full &#8211; range service to assist you in launching your new business focused on high &#8211; pressure cleaning equipment. Our team helps with not only equipment selection\u2014whether it&#8217;s high &#8211; pressure &#8230; <a title=\"\u00dcber uns\" class=\"read-more\" href=\"https:\/\/jmtpressurejet.com\/de\/about-us-jiematt\/\" aria-label=\"Mehr Informationen \u00fcber About Us\">Weiterlesen ...<\/a><\/p>","protected":false},"author":1,"featured_media":0,"parent":0,"menu_order":0,"comment_status":"closed","ping_status":"closed","template":"","meta":{"footnotes":""},"class_list":["post-100","page","type-page","status-publish"],"_links":{"self":[{"href":"https:\/\/jmtpressurejet.com\/de\/wp-json\/wp\/v2\/pages\/100","targetHints":{"allow":["GET"]}}],"collection":[{"href":"https:\/\/jmtpressurejet.com\/de\/wp-json\/wp\/v2\/pages"}],"about":[{"href":"https:\/\/jmtpressurejet.com\/de\/wp-json\/wp\/v2\/types\/page"}],"author":[{"embeddable":true,"href":"https:\/\/jmtpressurejet.com\/de\/wp-json\/wp\/v2\/users\/1"}],"replies":[{"embeddable":true,"href":"https:\/\/jmtpressurejet.com\/de\/wp-json\/wp\/v2\/comments?post=100"}],"version-history":[{"count":15,"href":"https:\/\/jmtpressurejet.com\/de\/wp-json\/wp\/v2\/pages\/100\/revisions"}],"predecessor-version":[{"id":1505,"href":"https:\/\/jmtpressurejet.com\/de\/wp-json\/wp\/v2\/pages\/100\/revisions\/1505"}],"wp:attachment":[{"href":"https:\/\/jmtpressurejet.com\/de\/wp-json\/wp\/v2\/media?parent=100"}],"curies":[{"name":"wp","href":"https:\/\/api.w.org\/{rel}","templated":true}]}}